{"id":14,"date":"2015-04-20T19:07:13","date_gmt":"2015-04-20T19:07:13","guid":{"rendered":"http:\/\/digitila.fi\/WP\/K-9\/?page_id=14"},"modified":"2015-07-12T17:04:47","modified_gmt":"2015-07-12T17:04:47","slug":"sotakoirat","status":"publish","type":"page","link":"https:\/\/digitila.fi\/WP\/K-9\/sotakoirat\/","title":{"rendered":"SOTAKOIRAT"},"content":{"rendered":"<div id=\"attachment_15\" style=\"width: 1010px\" class=\"wp-caption alignnone\"><a href=\"http:\/\/digitila.fi\/WP\/K-9\/wp-content\/uploads\/sites\/4\/2015\/04\/Sotakoiria-osasto.jpg\"><img loading=\"lazy\" decoding=\"async\" aria-describedby=\"caption-attachment-15\" class=\"wp-image-15 size-full\" src=\"http:\/\/digitila.fi\/WP\/K-9\/wp-content\/uploads\/sites\/4\/2015\/04\/Sotakoiria-osasto.jpg\" alt=\"Koulutetut sotakoirat ohjaajineen l\u00e4htev\u00e4t leirilt\u00e4 rintamalle.\" width=\"1000\" height=\"706\" srcset=\"https:\/\/digitila.fi\/WP\/K-9\/wp-content\/uploads\/sites\/4\/2015\/04\/Sotakoiria-osasto.jpg 1000w, https:\/\/digitila.fi\/WP\/K-9\/wp-content\/uploads\/sites\/4\/2015\/04\/Sotakoiria-osasto-300x212.jpg 300w, https:\/\/digitila.fi\/WP\/K-9\/wp-content\/uploads\/sites\/4\/2015\/04\/Sotakoiria-osasto-425x300.jpg 425w\" sizes=\"(max-width: 1000px) 100vw, 1000px\" \/><\/a><p id=\"caption-attachment-15\" class=\"wp-caption-text\">SA-kuva: Parolassa 1940-luvulla<\/p><\/div>\n<p>&nbsp;<\/p>\n<p><a href=\"http:\/\/www.sotakoirayhdistys.fi\/\" target=\"_blank\"><strong>SOTAKOIRA\u00a0<\/strong><\/a>on yleisnimike, jota k\u00e4ytet\u00e4\u00e4n puolustusvoimien omistuksessa tai hallinnassa olevasta koirasta. Sotakoiria palvelee jokaisessa puolustushaarassa, suurin osa niist\u00e4 henkil\u00f6kunnan ohjauksessa. Pieni m\u00e4\u00e4r\u00e4 koiria palvelee varusmieskoulutuksessa, jota annetaan kahdessa maavoimien joukko-osastossa.<\/p>\n<p>Puolustusvoimien palveluksessa olevat sotakoiraa ohjaavat henkil\u00f6t ovat p\u00e4\u00e4s\u00e4\u00e4nt\u00f6isesti <strong>sotilaspoliiseja<\/strong> (SP)<\/p>\n<p><strong>Partiokoira <\/strong>on sotakoira, jota voidaan k\u00e4ytt\u00e4\u00e4 henkil\u00f6etsint\u00e4\u00e4n ja j\u00e4ljest\u00e4miseen sek\u00e4 voimank\u00e4ytt\u00f6v\u00e4lineen\u00e4 ohjaajansa hallinnassa. Partiokoira on ns. &#8221;perusty\u00f6kalu&#8221;, yksi muiden v\u00e4lineiden joukossa. Ulkomailla vastaavanlaisesta sotakoirasta k\u00e4ytet\u00e4\u00e4n nimikett\u00e4,\u00a0 patrol dog. Partiokoiralle voidaan antaa lis\u00e4ksi my\u00f6s erikoisetsint\u00e4 koulutus.<\/p>\n<p><strong>Erikoisetsint\u00e4koira<\/strong> on sotakoira, joka on koulutettu huumausaineiden tai r\u00e4j\u00e4hteiden ja aseiden etsint\u00e4\u00e4n. Huumausaineiden etsint\u00e4\u00e4n koulutetusta sotakoirasta k\u00e4ytet\u00e4\u00e4n nimikett\u00e4 <strong>Huumekoira. <\/strong>R\u00e4j\u00e4hteiden ja aseiden etsint\u00e4\u00e4n koulutetusta sotakoirasta k\u00e4ytet\u00e4\u00e4n nimikett\u00e4<strong> AES-koira. <\/strong>Koulutusvaatimuksena erikoisetsint\u00f6jen lis\u00e4ksi, n\u00e4ilt\u00e4 sotakoirilta vaaditaan tottelevaisuuden ja j\u00e4ljen hallintaa. Erikoisetsint\u00e4koiran ohjaajalla tulee olla perehdytys tai koulutus, joka oikeuttaa k\u00e4sittelem\u00e4\u00e4n ja s\u00e4ilytt\u00e4m\u00e4\u00e4n koiran etsimi\u00e4 aineita.<\/p>\n<div class=\"field field-name-field-ingressi field-type-text-with-summary field-label-hidden\">\n<div class=\"field-items\">\n<div class=\"field-item even\">\n<hr \/>\n<p><iframe loading=\"lazy\" src=\"https:\/\/www.youtube.com\/embed\/3VnCMugeqAE\" width=\"854\" height=\"510\" frameborder=\"0\" allowfullscreen=\"allowfullscreen\"><\/iframe><\/p>\n<hr \/>\n<p><strong>Sotakoiria k\u00e4ytet\u00e4\u00e4n rauhan aikana<\/strong> sotilaspoliisin tukena t\u00e4m\u00e4n suorittaessa turvallisuuteen liittyvi\u00e4 teht\u00e4vi\u00e4. Lis\u00e4ksi koiria k\u00e4ytet\u00e4\u00e4n varusmieskoiranohjaajakoulutuksessa.<\/p>\n<\/div>\n<\/div>\n<\/div>\n<div class=\"field field-name-body field-type-text-with-summary field-label-hidden\">\n<div class=\"field-items\">\n<div class=\"field-item even\">\n<p>Sotilaspoliisivartiostoiden teht\u00e4vin\u00e4 on Puolustusvoimien hallinnassa olevien alueiden kuten varuskuntien ja varikoiden yms. vartiointi ja valvonta.<\/p>\n<p>Sotakoiria ovat:<\/p>\n<p>\u2013 Partiokoirat<br \/>\n\u2013 EDD-koirat (Explosive Dedection Dog)<br \/>\n\u2013 Huumekoirat<br \/>\n\u2013 Partiokoira\/ Huume<br \/>\n\u2013 Partiokoira\/EDD<\/p>\n<p>Sotilaspoliisin ohjauksessa olevien partiokoirien peruskoulutukseen sis\u00e4ltyy j\u00e4ljest\u00e4minen, tottelevaisuus ja suojelukoulutus. Lis\u00e4ksi osa partiokoirista saa my\u00f6s EDD- tai Huumekoirakoulutuksen.<\/p>\n<p>Varusmiesten ohjauksessa olevien partiokoirien p\u00e4\u00e4asiallinen koulutus sis\u00e4lt\u00e4\u00e4 tottelevaisuus- ja j\u00e4lkikoulutuksen. Osalle varusmieskoiranohjaajien ohjauksessa olevista koirista annetaan my\u00f6s suojelu-ja henkil\u00f6etsint\u00e4koulutus.<\/p>\n<p>Varusmieskoiranohjaajakoulutus t\u00e4ht\u00e4\u00e4 toimimaan koiranohjaajana poikkeusajan olosuhteissa sotilaspoliisi- tai tiedustelujoukkueessa. Varusmiesten koiranohjaajakoulutusta antaa Tykist\u00f6prikaati Niinisalossa ja Kainuun Prikaati Kajaanissa.<\/p>\n<p>Henkil\u00f6kuntaan kuuluvat koiranohjaajat koulutetaan Tykist\u00f6prikaatissa Sotakoiraosastolla, Niinisalossa.<\/p>\n<p>EDD-koirat ovat r\u00e4j\u00e4hteiden, aseiden ja niiden osien etsint\u00e4\u00e4n koulutettuja koiria.<\/p>\n<p>Huumekoirat ovat huumausaineiden ja n\u00e4iden k\u00e4ytt\u00f6v\u00e4lineiden etsint\u00e4\u00e4n koulutettuja koiria.<\/p>\n<p>Puolustusvoimien koiratoiminnan keskus sijaitsee Tykist\u00f6prikaatissa Niinisalossa. Tykist\u00f6prikaatiin kuuluva Sotakoiraosasto hankkii, testaa ja tarkastaa kaikki Puolustusvoimien palvelukseen tarkoitetut koirat.<\/p>\n<p>Puolustusvoimat kasvattaa my\u00f6s itse osan tarvitsemistaan koirista. Puolustusvoimien kennelnimi on SA. Koiria Puolustusvoimilla on noin 120. P\u00e4\u00e4asiallisina rotuina ovat saksanpaimenkoira, belgianpaimenkoira malinois ja labradorinnoutaja.<\/p>\n<p>Sotakoiria k\u00e4ytet\u00e4\u00e4n rauhan aikana sotilaspoliisin tukena t\u00e4m\u00e4n suorittaessa turvallisuuteen liittyvi\u00e4 teht\u00e4vi\u00e4. Lis\u00e4ksi koiria k\u00e4ytet\u00e4\u00e4n varusmieskoiranohjaajakoulutuksessa.<\/p>\n<p>Sotilaspoliisivartiostoiden teht\u00e4vin\u00e4 on Puolustusvoimien hallinnassa olevien alueiden, kuten esimerkiksi varuskuntien ja varikoiden vartiointi ja valvonta.<\/p>\n<hr \/>\n<p><strong>Sotakoira on monipuolinen ty\u00f6toveri<\/strong><\/p>\n<p>Lukuisissa joukko-osastoissa palvelee huolellisesti valittuja ja koulutettuja sotakoiria. Koirat toimivat yhteisty\u00f6ss\u00e4 ohjaajiensa kanssa erilaisissa partio- ja etsint\u00e4teht\u00e4viss\u00e4.<\/p>\n<p>Puolustusvoimien omistuksessa tai hallinnassa on noin 120 sotakoiraa. Koiria palvelee jokaisessa puolustushaarassa ja niit\u00e4 k\u00e4ytt\u00e4v\u00e4t etenkin sotilaspoliisit. Koirien erityisi\u00e4 vahvuuksia ovat tarkka hajuaisti ja kuulo sek\u00e4 \u00e4lykkyys.<\/p>\n<p>Sotakoirat jaetaan yleisesti partio- ja etsint\u00e4koiriin. Partioteht\u00e4viin kuuluvat vartiointi, suojelu ja j\u00e4ljestys. Etsint\u00e4koiria k\u00e4ytet\u00e4\u00e4n r\u00e4j\u00e4hteiden, aseiden ja huumeiden etsint\u00e4\u00e4n. Sodan aikana koirat esimerkiksi j\u00e4ljitt\u00e4isiv\u00e4t vihollisia ja paljastaisivat r\u00e4j\u00e4hteit\u00e4.<\/p>\n<p>Sotakoiria k\u00e4ytet\u00e4\u00e4n paljon poliisille tarjotussa virka-avussa, erityisesti j\u00e4ljestyksess\u00e4 ja vaarallisten henkil\u00f6iden kiinniotossa. Sotakoiratoimintaa kehitet\u00e4\u00e4n nyky\u00e4\u00e4n kansainv\u00e4liseenkin suuntaan, mik\u00e4 tarkoittaa esimerkiksi osallistumista kriisinhallintaoperaatioihin ja kansainv\u00e4list\u00e4 puolustusyhteisty\u00f6t\u00e4.<\/p>\n<p>Sotakoiratoiminnasta vastaa Niinisalossa sijaitsevan Tykist\u00f6prikaatin sotakoiraosasto, joka hankkii ja tarkastaa palvelukseen tarkoitetut koirat. Osaston yhteydess\u00e4 toimii el\u00e4inklinikka, joka vastaa koirien l\u00e4\u00e4kinn\u00e4st\u00e4.<\/p>\n<hr \/>\n<h4>KAIPR Sotakoiraosasto<\/h4>\n<p>Kainuun prikaatin Sotakoiraosasto toimii Tiedustelukomppaniassa. Sotakoiraosasto kouluttaa koiranohjaaja-aliupseereja, koiranohjaajia sek\u00e4 el\u00e4inhuoltomiehi\u00e4 sodan ajan teht\u00e4viin. Sotakoiraosastolla on oma koulutus- ja kennelrakennus kasarmialueella.<\/p>\n<p>LINKKEJ\u00c4<\/p>\n<ul>\n<li><a href=\"http:\/\/digitila.fi\/WP\/K-9\/wp-content\/uploads\/sites\/4\/2015\/04\/Puolustusvoimat-Wihuri15-Koirat.pdf\">Puolustusvoimat &#8211; Wihuri15 &#8211; Koirat<\/a><\/li>\n<li><a href=\"http:\/\/digitila.fi\/WP\/K-9\/wp-content\/uploads\/sites\/4\/2015\/04\/Hurttiukko_215.pdf\">Hurttiukko_215<\/a><\/li>\n<\/ul>\n<\/div>\n<\/div>\n<\/div>\n","protected":false},"excerpt":{"rendered":"<p>&nbsp; SOTAKOIRA\u00a0on yleisnimike, jota k\u00e4ytet\u00e4\u00e4n puolustusvoimien omistuksessa tai hallinnassa olevasta koirasta. Sotakoiria palvelee jokaisessa puolustushaarassa, suurin osa niist\u00e4 henkil\u00f6kunnan ohjauksessa. Pieni m\u00e4\u00e4r\u00e4 koiria palvelee varusmieskoulutuksessa, jota annetaan kahdessa maavoimien joukko-osastossa. Puolustusvoimien palveluksessa olevat sotakoiraa ohjaavat henkil\u00f6t ovat p\u00e4\u00e4s\u00e4\u00e4nt\u00f6isesti sotilaspoliiseja (SP) &hellip; <a class=\"more-link\" href=\"https:\/\/digitila.fi\/WP\/K-9\/sotakoirat\/\">Jatka lukemista <span class=\"meta-nav\">&rarr;<\/span><\/a><\/p>\n","protected":false},"author":1,"featured_media":0,"parent":0,"menu_order":0,"comment_status":"open","ping_status":"open","template":"","meta":{"footnotes":""},"_links":{"self":[{"href":"https:\/\/digitila.fi\/WP\/K-9\/wp-json\/wp\/v2\/pages\/14"}],"collection":[{"href":"https:\/\/digitila.fi\/WP\/K-9\/wp-json\/wp\/v2\/pages"}],"about":[{"href":"https:\/\/digitila.fi\/WP\/K-9\/wp-json\/wp\/v2\/types\/page"}],"author":[{"embeddable":true,"href":"https:\/\/digitila.fi\/WP\/K-9\/wp-json\/wp\/v2\/users\/1"}],"replies":[{"embeddable":true,"href":"https:\/\/digitila.fi\/WP\/K-9\/wp-json\/wp\/v2\/comments?post=14"}],"version-history":[{"count":8,"href":"https:\/\/digitila.fi\/WP\/K-9\/wp-json\/wp\/v2\/pages\/14\/revisions"}],"predecessor-version":[{"id":41,"href":"https:\/\/digitila.fi\/WP\/K-9\/wp-json\/wp\/v2\/pages\/14\/revisions\/41"}],"wp:attachment":[{"href":"https:\/\/digitila.fi\/WP\/K-9\/wp-json\/wp\/v2\/media?parent=14"}],"curies":[{"name":"wp","href":"https:\/\/api.w.org\/{rel}","templated":true}]}}