{"id":29,"date":"2015-04-20T20:14:18","date_gmt":"2015-04-20T20:14:18","guid":{"rendered":"http:\/\/digitila.fi\/WP\/K-9\/?page_id=29"},"modified":"2022-11-08T09:03:04","modified_gmt":"2022-11-08T09:03:04","slug":"turvakoira","status":"publish","type":"page","link":"https:\/\/digitila.fi\/WP\/K-9\/turvakoira\/","title":{"rendered":"Poliisikoira"},"content":{"rendered":"<p>T\u00e4lle sivulle\/alasivuille koostetaan tietoutta Poliisikoirasta..<\/p>\n<p>Teht\u00e4vi\u00e4 mm.<\/p>\n<ul>\n<li>Maaj\u00e4ljen ilmaisu ja j\u00e4ljitys<\/li>\n<li>Henkil\u00f6etsint\u00e4 ja kiinniotto<\/li>\n<li>Erikoisetsint\u00e4<\/li>\n<li>Rakennuksen ja muun kohteen tarkastaminen<\/li>\n<li>Alueen tarkistaminen<\/li>\n<li>Kohteen valvonta ja suojaus<\/li>\n<li>Ilmavainulla ilmaisu ja kohteen paikantaminen<\/li>\n<\/ul>\n","protected":false},"excerpt":{"rendered":"<p>T\u00e4lle sivulle\/alasivuille koostetaan tietoutta Poliisikoirasta.. Teht\u00e4vi\u00e4 mm. Maaj\u00e4ljen ilmaisu ja j\u00e4ljitys Henkil\u00f6etsint\u00e4 ja kiinniotto Erikoisetsint\u00e4 Rakennuksen ja muun kohteen tarkastaminen Alueen tarkistaminen Kohteen valvonta ja suojaus Ilmavainulla ilmaisu ja kohteen paikantaminen &hellip; <a class=\"more-link\" href=\"https:\/\/digitila.fi\/WP\/K-9\/turvakoira\/\">Jatka lukemista <span class=\"meta-nav\">&rarr;<\/span><\/a><\/p>\n","protected":false},"author":1,"featured_media":0,"parent":0,"menu_order":0,"comment_status":"open","ping_status":"open","template":"","meta":{"footnotes":""},"_links":{"self":[{"href":"https:\/\/digitila.fi\/WP\/K-9\/wp-json\/wp\/v2\/pages\/29"}],"collection":[{"href":"https:\/\/digitila.fi\/WP\/K-9\/wp-json\/wp\/v2\/pages"}],"about":[{"href":"https:\/\/digitila.fi\/WP\/K-9\/wp-json\/wp\/v2\/types\/page"}],"author":[{"embeddable":true,"href":"https:\/\/digitila.fi\/WP\/K-9\/wp-json\/wp\/v2\/users\/1"}],"replies":[{"embeddable":true,"href":"https:\/\/digitila.fi\/WP\/K-9\/wp-json\/wp\/v2\/comments?post=29"}],"version-history":[{"count":3,"href":"https:\/\/digitila.fi\/WP\/K-9\/wp-json\/wp\/v2\/pages\/29\/revisions"}],"predecessor-version":[{"id":84,"href":"https:\/\/digitila.fi\/WP\/K-9\/wp-json\/wp\/v2\/pages\/29\/revisions\/84"}],"wp:attachment":[{"href":"https:\/\/digitila.fi\/WP\/K-9\/wp-json\/wp\/v2\/media?parent=29"}],"curies":[{"name":"wp","href":"https:\/\/api.w.org\/{rel}","templated":true}]}}