{"id":31,"date":"2015-04-20T20:22:00","date_gmt":"2015-04-20T20:22:00","guid":{"rendered":"http:\/\/digitila.fi\/WP\/K-9\/?page_id=31"},"modified":"2015-04-20T20:22:00","modified_gmt":"2015-04-20T20:22:00","slug":"koulutus","status":"publish","type":"page","link":"https:\/\/digitila.fi\/WP\/K-9\/koulutus\/","title":{"rendered":"Koulutus"},"content":{"rendered":"<p>T\u00e4nne ja alasivuille kootaan tietoa koiran kouluttamisesta..mm.<\/p>\n<ul>\n<li>tottelevaisuus<\/li>\n<li>kuonon k\u00e4ytt\u00f6<\/li>\n<li>j\u00e4lki<\/li>\n<li>erikoisj\u00e4lki<\/li>\n<li>esineilmaisu<\/li>\n<li>henkil\u00f6ilmaisu<\/li>\n<li>ilmavainulla ilmaisu<\/li>\n<li>kuuloilmaisu<\/li>\n<\/ul>\n<p>&nbsp;<\/p>\n","protected":false},"excerpt":{"rendered":"<p>T\u00e4nne ja alasivuille kootaan tietoa koiran kouluttamisesta..mm. tottelevaisuus kuonon k\u00e4ytt\u00f6 j\u00e4lki erikoisj\u00e4lki esineilmaisu henkil\u00f6ilmaisu ilmavainulla ilmaisu kuuloilmaisu &nbsp; &hellip; <a class=\"more-link\" href=\"https:\/\/digitila.fi\/WP\/K-9\/koulutus\/\">Jatka lukemista <span class=\"meta-nav\">&rarr;<\/span><\/a><\/p>\n","protected":false},"author":1,"featured_media":0,"parent":0,"menu_order":0,"comment_status":"open","ping_status":"open","template":"","meta":{"footnotes":""},"_links":{"self":[{"href":"https:\/\/digitila.fi\/WP\/K-9\/wp-json\/wp\/v2\/pages\/31"}],"collection":[{"href":"https:\/\/digitila.fi\/WP\/K-9\/wp-json\/wp\/v2\/pages"}],"about":[{"href":"https:\/\/digitila.fi\/WP\/K-9\/wp-json\/wp\/v2\/types\/page"}],"author":[{"embeddable":true,"href":"https:\/\/digitila.fi\/WP\/K-9\/wp-json\/wp\/v2\/users\/1"}],"replies":[{"embeddable":true,"href":"https:\/\/digitila.fi\/WP\/K-9\/wp-json\/wp\/v2\/comments?post=31"}],"version-history":[{"count":1,"href":"https:\/\/digitila.fi\/WP\/K-9\/wp-json\/wp\/v2\/pages\/31\/revisions"}],"predecessor-version":[{"id":32,"href":"https:\/\/digitila.fi\/WP\/K-9\/wp-json\/wp\/v2\/pages\/31\/revisions\/32"}],"wp:attachment":[{"href":"https:\/\/digitila.fi\/WP\/K-9\/wp-json\/wp\/v2\/media?parent=31"}],"curies":[{"name":"wp","href":"https:\/\/api.w.org\/{rel}","templated":true}]}}