{"id":33,"date":"2015-04-20T20:25:14","date_gmt":"2015-04-20T20:25:14","guid":{"rendered":"http:\/\/digitila.fi\/WP\/K-9\/?page_id=33"},"modified":"2015-08-22T08:11:44","modified_gmt":"2015-08-22T08:11:44","slug":"simulointi","status":"publish","type":"page","link":"https:\/\/digitila.fi\/WP\/K-9\/simulointi\/","title":{"rendered":"Simulointi"},"content":{"rendered":"<p>T\u00e4nne ja alasivuille kootaan tietoa tietokoneavusteisesta koulutussimuloinnista.. mm.<\/p>\n<ul>\n<li>tottelevaisuus<\/li>\n<li>j\u00e4lki ja erikoisj\u00e4lki<\/li>\n<li>esine-etsint\u00e4<\/li>\n<li>kohteen tarkastaminen<\/li>\n<li>aluevalvonta<\/li>\n<li>henkil\u00f6etsint\u00e4<\/li>\n<\/ul>\n<p>&nbsp;<\/p>\n<p>Ks. <a href=\"http:\/\/digitila.fi\/WP\/K-9\/k-9-demo\/\">K-9 DEMO<\/a><\/p>\n","protected":false},"excerpt":{"rendered":"<p>T\u00e4nne ja alasivuille kootaan tietoa tietokoneavusteisesta koulutussimuloinnista.. mm. tottelevaisuus j\u00e4lki ja erikoisj\u00e4lki esine-etsint\u00e4 kohteen tarkastaminen aluevalvonta henkil\u00f6etsint\u00e4 &nbsp; Ks. K-9 DEMO &hellip; <a class=\"more-link\" href=\"https:\/\/digitila.fi\/WP\/K-9\/simulointi\/\">Jatka lukemista <span class=\"meta-nav\">&rarr;<\/span><\/a><\/p>\n","protected":false},"author":1,"featured_media":0,"parent":0,"menu_order":0,"comment_status":"open","ping_status":"open","template":"","meta":{"footnotes":""},"_links":{"self":[{"href":"https:\/\/digitila.fi\/WP\/K-9\/wp-json\/wp\/v2\/pages\/33"}],"collection":[{"href":"https:\/\/digitila.fi\/WP\/K-9\/wp-json\/wp\/v2\/pages"}],"about":[{"href":"https:\/\/digitila.fi\/WP\/K-9\/wp-json\/wp\/v2\/types\/page"}],"author":[{"embeddable":true,"href":"https:\/\/digitila.fi\/WP\/K-9\/wp-json\/wp\/v2\/users\/1"}],"replies":[{"embeddable":true,"href":"https:\/\/digitila.fi\/WP\/K-9\/wp-json\/wp\/v2\/comments?post=33"}],"version-history":[{"count":3,"href":"https:\/\/digitila.fi\/WP\/K-9\/wp-json\/wp\/v2\/pages\/33\/revisions"}],"predecessor-version":[{"id":52,"href":"https:\/\/digitila.fi\/WP\/K-9\/wp-json\/wp\/v2\/pages\/33\/revisions\/52"}],"wp:attachment":[{"href":"https:\/\/digitila.fi\/WP\/K-9\/wp-json\/wp\/v2\/media?parent=33"}],"curies":[{"name":"wp","href":"https:\/\/api.w.org\/{rel}","templated":true}]}}