{"id":44,"date":"2015-08-22T07:44:25","date_gmt":"2015-08-22T07:44:25","guid":{"rendered":"http:\/\/digitila.fi\/WP\/K-9\/?page_id=44"},"modified":"2019-07-29T08:26:29","modified_gmt":"2019-07-29T08:26:29","slug":"k-9-demo","status":"publish","type":"page","link":"https:\/\/digitila.fi\/WP\/K-9\/k-9-demo\/","title":{"rendered":"K-9 DEMO"},"content":{"rendered":"<p><a href=\"https:\/\/digitila.fi\/DOGisle\" target=\"_blank\" rel=\"noopener noreferrer\">TESTAA\u00a0 &lt;<em>klik<\/em>&gt;<\/a><\/p>\n<p>Huom. toimii selaimella Windows k\u00e4ytt\u00f6j\u00e4rjestelm\u00e4n alaisuudessa.<\/p>\n<h4>OHJE<\/h4>\n<p>Pelitilasta pois p\u00e4\u00e4set ESC-n\u00e4pp\u00e4imell\u00e4.<\/p>\n<p>Liikkuminen tapahtuu nuolin\u00e4pp\u00e4imil\u00e4 ja suuntaa vaihdellaan hiirell\u00e4.<br \/>\nMy\u00f6s kirjaimia voit k\u00e4ytt\u00e4\u00e4 liikkumiseen. Koiran k\u00e4skytys tapahttuu hiiren rullaa liikuttamalla halutun k\u00e4skyn kohdalle ja vasemalla hiirin\u00e4pp\u00e4imell\u00e4 valinta.<\/p>\n","protected":false},"excerpt":{"rendered":"<p>TESTAA\u00a0 &lt;klik&gt; Huom. toimii selaimella Windows k\u00e4ytt\u00f6j\u00e4rjestelm\u00e4n alaisuudessa. OHJE Pelitilasta pois p\u00e4\u00e4set ESC-n\u00e4pp\u00e4imell\u00e4. Liikkuminen tapahtuu nuolin\u00e4pp\u00e4imil\u00e4 ja suuntaa vaihdellaan hiirell\u00e4. My\u00f6s kirjaimia voit k\u00e4ytt\u00e4\u00e4 liikkumiseen. Koiran k\u00e4skytys tapahttuu hiiren rullaa liikuttamalla halutun k\u00e4skyn kohdalle ja vasemalla hiirin\u00e4pp\u00e4imell\u00e4 valinta. &hellip; <a class=\"more-link\" href=\"https:\/\/digitila.fi\/WP\/K-9\/k-9-demo\/\">Jatka lukemista <span class=\"meta-nav\">&rarr;<\/span><\/a><\/p>\n","protected":false},"author":1,"featured_media":0,"parent":0,"menu_order":0,"comment_status":"open","ping_status":"open","template":"","meta":{"footnotes":""},"_links":{"self":[{"href":"https:\/\/digitila.fi\/WP\/K-9\/wp-json\/wp\/v2\/pages\/44"}],"collection":[{"href":"https:\/\/digitila.fi\/WP\/K-9\/wp-json\/wp\/v2\/pages"}],"about":[{"href":"https:\/\/digitila.fi\/WP\/K-9\/wp-json\/wp\/v2\/types\/page"}],"author":[{"embeddable":true,"href":"https:\/\/digitila.fi\/WP\/K-9\/wp-json\/wp\/v2\/users\/1"}],"replies":[{"embeddable":true,"href":"https:\/\/digitila.fi\/WP\/K-9\/wp-json\/wp\/v2\/comments?post=44"}],"version-history":[{"count":12,"href":"https:\/\/digitila.fi\/WP\/K-9\/wp-json\/wp\/v2\/pages\/44\/revisions"}],"predecessor-version":[{"id":67,"href":"https:\/\/digitila.fi\/WP\/K-9\/wp-json\/wp\/v2\/pages\/44\/revisions\/67"}],"wp:attachment":[{"href":"https:\/\/digitila.fi\/WP\/K-9\/wp-json\/wp\/v2\/media?parent=44"}],"curies":[{"name":"wp","href":"https:\/\/api.w.org\/{rel}","templated":true}]}}