{"id":17,"date":"2017-01-02T16:40:59","date_gmt":"2017-01-02T14:40:59","guid":{"rendered":"http:\/\/digitila.fi\/WP\/audiogis\/?page_id=17"},"modified":"2022-11-06T20:46:50","modified_gmt":"2022-11-06T18:46:50","slug":"hearttrail-kuntopolku","status":"publish","type":"page","link":"https:\/\/digitila.fi\/WP\/audiogis\/hearttrail-kuntopolku\/","title":{"rendered":"HeartTrail &#8211; Kuntopolku"},"content":{"rendered":"<p><img loading=\"lazy\" decoding=\"async\" class=\"alignnone size-full wp-image-48\" src=\"http:\/\/digitila.fi\/WP\/audiogis\/wp-content\/uploads\/sites\/7\/2017\/01\/QRtrail-800.png\" alt=\"qrtrail-800\" width=\"800\" height=\"600\" srcset=\"https:\/\/digitila.fi\/WP\/audiogis\/wp-content\/uploads\/sites\/7\/2017\/01\/QRtrail-800.png 800w, https:\/\/digitila.fi\/WP\/audiogis\/wp-content\/uploads\/sites\/7\/2017\/01\/QRtrail-800-300x225.png 300w, https:\/\/digitila.fi\/WP\/audiogis\/wp-content\/uploads\/sites\/7\/2017\/01\/QRtrail-800-768x576.png 768w, https:\/\/digitila.fi\/WP\/audiogis\/wp-content\/uploads\/sites\/7\/2017\/01\/QRtrail-800-120x90.png 120w\" sizes=\"(max-width: 800px) 100vw, 800px\" \/><\/p>\n<p><img loading=\"lazy\" decoding=\"async\" class=\"alignnone size-full wp-image-51\" src=\"http:\/\/digitila.fi\/WP\/audiogis\/wp-content\/uploads\/sites\/7\/2017\/01\/P\u00e4iv\u00e4rytmi.png\" alt=\"paivarytmi\" width=\"688\" height=\"272\" srcset=\"https:\/\/digitila.fi\/WP\/audiogis\/wp-content\/uploads\/sites\/7\/2017\/01\/P\u00e4iv\u00e4rytmi.png 688w, https:\/\/digitila.fi\/WP\/audiogis\/wp-content\/uploads\/sites\/7\/2017\/01\/P\u00e4iv\u00e4rytmi-300x119.png 300w\" sizes=\"(max-width: 688px) 100vw, 688px\" \/><br \/><em>P\u00e4iv\u00e4rytmi<\/em><\/p>\n<h2>IDEAKONSEPTIN KUVAUS<\/h2>\n<p>HeartTrail ohjaa liikkujaa henkil\u00f6kohtaisten ominaisuuksien, suoriutumiskyvyn ja fyysisen<br \/>kuormittavuuden mukaisesti ja pelillist\u00e4\u00e4 vaellusreiteill\u00e4 tapahtuvaa kuntoilua tarjoten liikkujalle haasteita ja uusia ulottuvuuksia mieltymysten mukaisesti.<\/p>\n<p>HeartTrail j\u00e4rjestelm\u00e4n ideana on; mitata, koostaa, todentaa, analysoida, visualisoida ennalta koostettua ja liikkeen aikana syntyv\u00e4\u00e4 dataa. J\u00e4rjestelm\u00e4 tuottaa henkil\u00f6kohtaista kuntolokia kuntotilanteen ja edistymisen todentamiseen.<\/p>\n<p>HeartTrail ohjaa kuntoilijaa reiteill\u00e4 liikkumisessa ja suoriutumisessa syntyv\u00e4n datan avulla valitun reitin sek\u00e4 maaston muotojen ja korkeuserojen kuormittavuuden mukaisesti.<\/p>\n<p><img loading=\"lazy\" decoding=\"async\" class=\"alignnone size-large wp-image-49\" src=\"http:\/\/digitila.fi\/WP\/audiogis\/wp-content\/uploads\/sites\/7\/2017\/01\/HT-konsepti-1-1024x761.png\" alt=\"ht-konsepti-1\" width=\"800\" height=\"595\" srcset=\"https:\/\/digitila.fi\/WP\/audiogis\/wp-content\/uploads\/sites\/7\/2017\/01\/HT-konsepti-1-1024x761.png 1024w, https:\/\/digitila.fi\/WP\/audiogis\/wp-content\/uploads\/sites\/7\/2017\/01\/HT-konsepti-1-300x223.png 300w, https:\/\/digitila.fi\/WP\/audiogis\/wp-content\/uploads\/sites\/7\/2017\/01\/HT-konsepti-1-768x571.png 768w, https:\/\/digitila.fi\/WP\/audiogis\/wp-content\/uploads\/sites\/7\/2017\/01\/HT-konsepti-1-120x90.png 120w, https:\/\/digitila.fi\/WP\/audiogis\/wp-content\/uploads\/sites\/7\/2017\/01\/HT-konsepti-1.png 1441w\" sizes=\"(max-width: 800px) 100vw, 800px\" \/><\/p>\n<p><strong>HeartTrail<\/strong><br \/>\u2022 koostaa liikkumisessa ja sijaintipisteiss\u00e4 syntyv\u00e4\u00e4 dataa<br \/>\u2022 v\u00e4litt\u00e4\u00e4 sijaintiin ja reittiin liittyv\u00e4\u00e4 oheisinformaatiota<br \/>\u2022 opastaa reitill\u00e4, aktiviteeteissa, liikkumissuoritteissa ja saatavilla olevissa palveluissa<\/p>\n<p><strong>J\u00e4rjestelm\u00e4n moduuleja<\/strong><br \/>\u2022 Verkkopalvelu (esittelyt ja kohdekuvaukset, palveluv\u00e4litys ja sovelluslataamo)<br \/>\u2022 Kuntotesteri (kuntotilanteen kartoitus)<br \/>\u2022 Latauspiste (yhteys kohdealueen tietovarastoon ja paikallislataus)<br \/>\u2022 Navigointikartat (reittien digikartat ja paikkatietoaineisto)<br \/>\u2022 Reittiopas (reittikohtainen opastusdata)<br \/>\u2022 Paikannus (GPS ja QR-koodi paikannus\/kohdennus)<br \/>\u2022 Syke, EKG, happisaturaatio ja fyysinen kuormitus (henkil\u00f6kohtainen kuormituksen tilatieto ja mittaukset)<br \/>\u2022 Tunnistepaalu (QR-koodi ja\/tai NFC paikkatietolinkki reitin varrella)<br \/>\u2022 Palveluohjaus (kohdealueen ja kuntoreitin paikallispalvelujen v\u00e4litys)<br \/>\u2022 Kuntoloki (henkil\u00f6kohtainen kuntoliikunnasta koostettu tietovarasto)<\/p>\n<p><strong>HeartTrail Toimintokuvaus<\/strong><\/p>\n<p><img loading=\"lazy\" decoding=\"async\" class=\"alignnone size-full wp-image-27\" src=\"http:\/\/digitila.fi\/WP\/audiogis\/wp-content\/uploads\/sites\/7\/2017\/01\/Mapitare.png\" alt=\"mapitare\" width=\"710\" height=\"628\" srcset=\"https:\/\/digitila.fi\/WP\/audiogis\/wp-content\/uploads\/sites\/7\/2017\/01\/Mapitare.png 710w, https:\/\/digitila.fi\/WP\/audiogis\/wp-content\/uploads\/sites\/7\/2017\/01\/Mapitare-300x265.png 300w\" sizes=\"(max-width: 710px) 100vw, 710px\" \/><br \/><em>Mapitare &#8211; Suomalainen kartta- ja paikkatietohallinan j\u00e4rjetelm\u00e4<\/em><\/p>\n<p>VALMISTELU:<br \/>Internetiss\u00e4 olevasta palvelusta ladataan omalle tietokoneelle ja k\u00e4ytt\u00f6laitteelle sopivia kohteita ja reittej\u00e4, joista varataan haluttuun haluttuun kohteeseen liittyv\u00e4 peruspalveluja (matkat, majoitus, opastus, vuokraukset yms.). T\u00e4st\u00e4 synttyy verkkopalveluun henkil\u00f6kohtainen portfolio (pilvipalvelu). Kohdealueella (retkeilij\u00e4info) olevasta lataustolpasta ladataan k\u00e4ytt\u00f6laitteelle kyseisen alueen palvelutarjontaan ja reittiihin liittyv\u00e4\u00e4 tietoa ja dataa. Retkeilij\u00e4 voi ladata kyseisen alueen informaatiota, opastustietoutta ja muuta paikallisuuteen, tapahtumiin ja palveluihin liittyv\u00e4\u00e4 materiaalia (oppaita, karttoja, esitteit\u00e4, esittelyvideoita).<\/p>\n<p>RETKET:<br \/>Kuntoretkeilij\u00e4 liikkuu merkityill\u00e4 vaelluspoluilla oman kuntonsa edellytt\u00e4m\u00e4ll\u00e4 tavalla. T\u00e4ss\u00e4 h\u00e4nt\u00e4 opastaa syke- yms. henkil\u00f6kohtaista signaalidatan mittausta tekev\u00e4 laitteisto, navigoitia helpottava j\u00e4rjestelm\u00e4 ja data-\/informaatiovirtaa k\u00e4sittelev\u00e4 laitteisto. Tekninen j\u00e4rjestely (laitteet\/ohjelmistot) ja tietojenk\u00e4sittelylaite auttaa liikkujaa matkan varrella opastaen reittivalinnoista ja v\u00e4litt\u00e4\u00e4 informaatiota matkan varrella olevista asioista, kuten erityiskohteet ja saatavilla olevat palvelut. Vaellusreitin varrella on QR-koodeilla varustettuja opastetolppia, joita kuvaamalla k\u00e4ytt\u00e4j\u00e4 kytkeytyy kyseiseen palveluun.<\/p>\n<p>LOKI: Henkil\u00f6kohtaisesta datasta ja informaatiosta tuotetaan laitteiston avulla historiatietous, joka on tallennettavissa omaan verkkoportfolioon ( personoitu ).<\/p>\n<p><img loading=\"lazy\" decoding=\"async\" class=\"alignnone size-large wp-image-95\" src=\"http:\/\/digitila.fi\/WP\/audiogis\/wp-content\/uploads\/sites\/7\/2022\/11\/1-kartta-1024x368.png\" alt=\"\" width=\"940\" height=\"338\" srcset=\"https:\/\/digitila.fi\/WP\/audiogis\/wp-content\/uploads\/sites\/7\/2022\/11\/1-kartta-1024x368.png 1024w, https:\/\/digitila.fi\/WP\/audiogis\/wp-content\/uploads\/sites\/7\/2022\/11\/1-kartta-300x108.png 300w, https:\/\/digitila.fi\/WP\/audiogis\/wp-content\/uploads\/sites\/7\/2022\/11\/1-kartta-768x276.png 768w, https:\/\/digitila.fi\/WP\/audiogis\/wp-content\/uploads\/sites\/7\/2022\/11\/1-kartta-500x180.png 500w, https:\/\/digitila.fi\/WP\/audiogis\/wp-content\/uploads\/sites\/7\/2022\/11\/1-kartta.png 1172w\" sizes=\"(max-width: 940px) 100vw, 940px\" \/><\/p>\n<p><img loading=\"lazy\" decoding=\"async\" class=\"alignnone size-large wp-image-96\" src=\"http:\/\/digitila.fi\/WP\/audiogis\/wp-content\/uploads\/sites\/7\/2022\/11\/1-Statistiikka-1024x540.png\" alt=\"\" width=\"940\" height=\"496\" srcset=\"https:\/\/digitila.fi\/WP\/audiogis\/wp-content\/uploads\/sites\/7\/2022\/11\/1-Statistiikka-1024x540.png 1024w, https:\/\/digitila.fi\/WP\/audiogis\/wp-content\/uploads\/sites\/7\/2022\/11\/1-Statistiikka-300x158.png 300w, https:\/\/digitila.fi\/WP\/audiogis\/wp-content\/uploads\/sites\/7\/2022\/11\/1-Statistiikka-768x405.png 768w, https:\/\/digitila.fi\/WP\/audiogis\/wp-content\/uploads\/sites\/7\/2022\/11\/1-Statistiikka-500x264.png 500w, https:\/\/digitila.fi\/WP\/audiogis\/wp-content\/uploads\/sites\/7\/2022\/11\/1-Statistiikka.png 1186w\" sizes=\"(max-width: 940px) 100vw, 940px\" \/><\/p>\n<p><img loading=\"lazy\" decoding=\"async\" class=\"alignnone size-large wp-image-97\" src=\"http:\/\/digitila.fi\/WP\/audiogis\/wp-content\/uploads\/sites\/7\/2022\/11\/1-kaavio-1024x413.png\" alt=\"\" width=\"940\" height=\"379\" srcset=\"https:\/\/digitila.fi\/WP\/audiogis\/wp-content\/uploads\/sites\/7\/2022\/11\/1-kaavio-1024x413.png 1024w, https:\/\/digitila.fi\/WP\/audiogis\/wp-content\/uploads\/sites\/7\/2022\/11\/1-kaavio-300x121.png 300w, https:\/\/digitila.fi\/WP\/audiogis\/wp-content\/uploads\/sites\/7\/2022\/11\/1-kaavio-768x310.png 768w, https:\/\/digitila.fi\/WP\/audiogis\/wp-content\/uploads\/sites\/7\/2022\/11\/1-kaavio-500x202.png 500w, https:\/\/digitila.fi\/WP\/audiogis\/wp-content\/uploads\/sites\/7\/2022\/11\/1-kaavio.png 1158w\" sizes=\"(max-width: 940px) 100vw, 940px\" \/><\/p>\n<p><img loading=\"lazy\" decoding=\"async\" class=\"alignnone size-full wp-image-55\" src=\"http:\/\/digitila.fi\/WP\/audiogis\/wp-content\/uploads\/sites\/7\/2017\/01\/e_health_application_example_big.png\" alt=\"\" width=\"1000\" height=\"466\" srcset=\"https:\/\/digitila.fi\/WP\/audiogis\/wp-content\/uploads\/sites\/7\/2017\/01\/e_health_application_example_big.png 1000w, https:\/\/digitila.fi\/WP\/audiogis\/wp-content\/uploads\/sites\/7\/2017\/01\/e_health_application_example_big-300x140.png 300w, https:\/\/digitila.fi\/WP\/audiogis\/wp-content\/uploads\/sites\/7\/2017\/01\/e_health_application_example_big-768x358.png 768w\" sizes=\"(max-width: 1000px) 100vw, 1000px\" \/><br \/><em>MySignals &#8211; Avoimeen l\u00e4hdekoodiin perustuva mittausj\u00e4rjestely tutkimusta ja kehityst\u00e4 varten<\/em><br \/><img loading=\"lazy\" decoding=\"async\" class=\"alignnone size-full wp-image-56\" src=\"http:\/\/digitila.fi\/WP\/audiogis\/wp-content\/uploads\/sites\/7\/2017\/01\/mysignals-with-sensors-connected_big.jpg\" alt=\"\" width=\"3000\" height=\"2126\" srcset=\"https:\/\/digitila.fi\/WP\/audiogis\/wp-content\/uploads\/sites\/7\/2017\/01\/mysignals-with-sensors-connected_big.jpg 3000w, https:\/\/digitila.fi\/WP\/audiogis\/wp-content\/uploads\/sites\/7\/2017\/01\/mysignals-with-sensors-connected_big-300x213.jpg 300w, https:\/\/digitila.fi\/WP\/audiogis\/wp-content\/uploads\/sites\/7\/2017\/01\/mysignals-with-sensors-connected_big-768x544.jpg 768w, https:\/\/digitila.fi\/WP\/audiogis\/wp-content\/uploads\/sites\/7\/2017\/01\/mysignals-with-sensors-connected_big-1024x726.jpg 1024w\" sizes=\"(max-width: 3000px) 100vw, 3000px\" \/><\/p>\n\n\n<hr class=\"wp-block-separator has-alpha-channel-opacity\"\/>\n\n\n\n<p class=\"has-text-align-center\"><strong>contact:<\/strong> <a rel=\"noopener noreferrer\" href=\"http:\/\/digitila.fi\/WP\/taustalla\/\" target=\"_blank\">Matti Pyykk\u00f6nen<\/a>&nbsp;\u00a92022 <a rel=\"noopener noreferrer\" href=\"https:\/\/digitila.fi\/\" target=\"_blank\">DigiTILA<\/a><\/p>\n\n\n\n<p class=\"has-text-align-center\">Digitila Ventures Oy<br>Y-tunnus: 3314664-7<\/p>\n\n\n\n<hr class=\"wp-block-separator has-alpha-channel-opacity\"\/>\n","protected":false},"excerpt":{"rendered":"<p>P\u00e4iv\u00e4rytmi IDEAKONSEPTIN KUVAUS HeartTrail ohjaa liikkujaa henkil\u00f6kohtaisten ominaisuuksien, suoriutumiskyvyn ja fyysisenkuormittavuuden mukaisesti ja pelillist\u00e4\u00e4 vaellusreiteill\u00e4 tapahtuvaa kuntoilua tarjoten liikkujalle haasteita ja uusia ulottuvuuksia mieltymysten mukaisesti. HeartTrail j\u00e4rjestelm\u00e4n ideana on; mitata, koostaa, todentaa, analysoida, visualisoida ennalta koostettua ja liikkeen aikana syntyv\u00e4\u00e4 dataa. J\u00e4rjestelm\u00e4 tuottaa henkil\u00f6kohtaista kuntolokia kuntotilanteen ja edistymisen todentamiseen. HeartTrail ohjaa kuntoilijaa reiteill\u00e4 liikkumisessa ja &hellip; <a href=\"https:\/\/digitila.fi\/WP\/audiogis\/hearttrail-kuntopolku\/\" class=\"more-link\">Jatka lukemista <span class=\"screen-reader-text\">HeartTrail &#8211; Kuntopolku<\/span> <span class=\"meta-nav\">&rarr;<\/span><\/a><\/p>\n","protected":false},"author":1,"featured_media":0,"parent":0,"menu_order":0,"comment_status":"closed","ping_status":"closed","template":"","meta":{"footnotes":""},"_links":{"self":[{"href":"https:\/\/digitila.fi\/WP\/audiogis\/wp-json\/wp\/v2\/pages\/17"}],"collection":[{"href":"https:\/\/digitila.fi\/WP\/audiogis\/wp-json\/wp\/v2\/pages"}],"about":[{"href":"https:\/\/digitila.fi\/WP\/audiogis\/wp-json\/wp\/v2\/types\/page"}],"author":[{"embeddable":true,"href":"https:\/\/digitila.fi\/WP\/audiogis\/wp-json\/wp\/v2\/users\/1"}],"replies":[{"embeddable":true,"href":"https:\/\/digitila.fi\/WP\/audiogis\/wp-json\/wp\/v2\/comments?post=17"}],"version-history":[{"count":12,"href":"https:\/\/digitila.fi\/WP\/audiogis\/wp-json\/wp\/v2\/pages\/17\/revisions"}],"predecessor-version":[{"id":124,"href":"https:\/\/digitila.fi\/WP\/audiogis\/wp-json\/wp\/v2\/pages\/17\/revisions\/124"}],"wp:attachment":[{"href":"https:\/\/digitila.fi\/WP\/audiogis\/wp-json\/wp\/v2\/media?parent=17"}],"curies":[{"name":"wp","href":"https:\/\/api.w.org\/{rel}","templated":true}]}}