{"id":10,"date":"2015-03-30T06:58:47","date_gmt":"2015-03-30T06:58:47","guid":{"rendered":"http:\/\/digitila.fi\/WP\/makers\/?page_id=10"},"modified":"2022-11-06T19:29:53","modified_gmt":"2022-11-06T19:29:53","slug":"openware","status":"publish","type":"page","link":"https:\/\/digitila.fi\/WP\/makers\/openware\/","title":{"rendered":"3-Openware"},"content":{"rendered":"<h3 id=\"Open_Source_REAL_AMP_DATA_Services\" class=\"showhide_heading\">Avoimen koodin ja datan palvelut ansainnan mahdollistajana<\/h3>\n<p style=\"text-align: justify;\">Avoimeen l\u00e4hdekoodiin ja jopa ilmaiseen tarjontaan pohjaavat ohjelmistot ovat tulleet j\u00e4\u00e4d\u00e4kseen. T\u00e4st\u00e4 osoituksena LINUX k\u00e4ytt\u00f6j\u00e4rjestelm\u00e4n ja siihen nivoutuneiden ohjelmistojen hyvin laaja levinn\u00e4isyys. Avoimet ohjelmistot mahdollistavat osaajilleen uudenlaisia ansaitamahdollisuuksia esimerkiksi konsultoinnin, koulutuksen ja kehityksen saralla. Perinteisten ty\u00f6kaluohjelmistojen (LibreOffice, GIMP yms.) rinnalle on muotoutunut joukko avoimia yritys- ja verkostok\u00e4ytt\u00f6\u00f6n soveltuvia avoimia alustoja, kuten eritt\u00e4in laajalle levinnyt Moodle verkko-oppimisymp\u00e4rist\u00f6 ja TIKI Wiki monitoimintoinen yhteis\u00f6j\u00e4rjestelm\u00e4. N\u00e4iden yhteyteen tarvitaan palveluja tukeen, yll\u00e4pitoon, r\u00e4\u00e4t\u00e4l\u00f6intiin, integrointiin jne.<\/p>\n<h3 id=\"TEEMA_3:_OS_Services\" class=\"showhide_heading\">TEEMA 3<\/h3>\n<ul>\n<li style=\"list-style-type: none;\">\n<ul>\n<li>LINUX<\/li>\n<li>OS Tools<\/li>\n<li>CO-Working Platforms<\/li>\n<li>eTraining Platforms<\/li>\n<li>Open Data<\/li>\n<\/ul>\n<\/li>\n<\/ul>\n<hr \/>\n<h3><span style=\"color: #000080;\"><strong>Palvelut<\/strong><\/span><\/h3>\n<ul>\n<li><a href=\"https:\/\/digitila.fi\/WP\/palvelutori\/\" target=\"_blank\" rel=\"noopener noreferrer\">DIGI Palvelu<\/a><\/li>\n<li><span style=\"color: #0000ff;\"><a href=\"https:\/\/digitila.fi\/WP\/tyopaja\/\" target=\"_blank\" rel=\"noopener noreferrer\">Digi PAJA<\/a><\/span><\/li>\n<li><a href=\"https:\/\/digitila.fi\/WP\/mentorointi\/\" target=\"_blank\" rel=\"noopener noreferrer\">Mentorointi<\/a><\/li>\n<li><span style=\"color: #0000ff;\"><a href=\"https:\/\/digitila.fi\/WP\/oppimo\/\" target=\"_blank\" rel=\"noopener noreferrer\">OPPIMO<\/a><\/span><\/li>\n<li><span style=\"color: #0000ff;\"><a href=\"https:\/\/digitila.fi\/WP\/digi-yhteiso\/\" target=\"_blank\" rel=\"noopener noreferrer\">Yhteis\u00f6j\u00e4rjestelm\u00e4<\/a><\/span><\/li>\n<\/ul>\n<hr \/>\n<p style=\"text-align: center;\"><\/p>\n<p class=\"has-text-align-center\"><strong>contact:<\/strong> <a href=\"https:\/\/digitila.fi\/WP\/taustalla\/\" target=\"_blank\" rel=\"noreferrer noopener\">Matti Pyykk\u00f6nen<\/a>\u00a0\u00a92022 <a href=\"https:\/\/digitila.fi\/\" target=\"_blank\" rel=\"noopener noreferrer\">DigiTILA<\/a><\/p>\n<p style=\"text-align: center;\"> <\/p>\n<p class=\"has-text-align-center\">Digitila Ventures Oy<br \/>Y-tunnus: 3314664-7<\/p>\n\n\n<hr class=\"wp-block-separator has-alpha-channel-opacity\"\/>\n\n\n\n<p class=\"has-text-align-center\"><\/p>\n\n\n\n<p class=\"has-text-align-center\"><\/p>\n\n\n<p><\/p>\n<hr>\n<p style=\"text-align: center;\">\n<\/p><p style=\"text-align: center;\">\n<\/p><p style=\"text-align: center;\"><\/p>","protected":false},"excerpt":{"rendered":"<p>Avoimen koodin ja datan palvelut ansainnan mahdollistajana Avoimeen l\u00e4hdekoodiin ja jopa ilmaiseen tarjontaan pohjaavat ohjelmistot ovat tulleet j\u00e4\u00e4d\u00e4kseen. T\u00e4st\u00e4 osoituksena LINUX k\u00e4ytt\u00f6j\u00e4rjestelm\u00e4n ja siihen nivoutuneiden ohjelmistojen hyvin laaja levinn\u00e4isyys. Avoimet ohjelmistot mahdollistavat osaajilleen uudenlaisia ansaitamahdollisuuksia esimerkiksi konsultoinnin, koulutuksen ja kehityksen saralla. Perinteisten ty\u00f6kaluohjelmistojen (LibreOffice, GIMP yms.) rinnalle on muotoutunut joukko avoimia yritys- ja verkostok\u00e4ytt\u00f6\u00f6n soveltuvia&hellip;<\/p>\n","protected":false},"author":1,"featured_media":0,"parent":0,"menu_order":0,"comment_status":"open","ping_status":"open","template":"","meta":{"footnotes":""},"_links":{"self":[{"href":"https:\/\/digitila.fi\/WP\/makers\/wp-json\/wp\/v2\/pages\/10"}],"collection":[{"href":"https:\/\/digitila.fi\/WP\/makers\/wp-json\/wp\/v2\/pages"}],"about":[{"href":"https:\/\/digitila.fi\/WP\/makers\/wp-json\/wp\/v2\/types\/page"}],"author":[{"embeddable":true,"href":"https:\/\/digitila.fi\/WP\/makers\/wp-json\/wp\/v2\/users\/1"}],"replies":[{"embeddable":true,"href":"https:\/\/digitila.fi\/WP\/makers\/wp-json\/wp\/v2\/comments?post=10"}],"version-history":[{"count":14,"href":"https:\/\/digitila.fi\/WP\/makers\/wp-json\/wp\/v2\/pages\/10\/revisions"}],"predecessor-version":[{"id":161,"href":"https:\/\/digitila.fi\/WP\/makers\/wp-json\/wp\/v2\/pages\/10\/revisions\/161"}],"wp:attachment":[{"href":"https:\/\/digitila.fi\/WP\/makers\/wp-json\/wp\/v2\/media?parent=10"}],"curies":[{"name":"wp","href":"https:\/\/api.w.org\/{rel}","templated":true}]}}