{"id":2,"date":"2015-03-30T06:15:38","date_gmt":"2015-03-30T06:15:38","guid":{"rendered":"http:\/\/digitila.fi\/WP\/makers\/?page_id=2"},"modified":"2022-12-29T11:04:07","modified_gmt":"2022-12-29T11:04:07","slug":"esimerkkisivu","status":"publish","type":"page","link":"https:\/\/digitila.fi\/WP\/makers\/","title":{"rendered":"Kuvaus"},"content":{"rendered":"<hr \/>\n<p style=\"text-align: justify;\">Yritysten T&amp;K toimijat ovat tiiviisti kiinni omissa hankkeissaan ja projekteissaan, oman liiketoimintansa ja siihen liittyv\u00e4n keskeisen tekniikan kehityksess\u00e4. Uusien tekniikoiden ja ansaintamallien kehitt\u00e4miseen ei riit\u00e4 kasvavan ja kehittyv\u00e4n yrityksen omat resurssit, eik\u00e4 sit\u00e4 aina koeta tarpeelliseksikaan.<\/p>\n<p>On olemassa toisenlaisiakin yrityksi\u00e4. Etenkin perinteiset ns. alihankintaa tuottavat PK-yritykset el\u00e4v\u00e4t jatkuvissa s\u00e4\u00e4st\u00f6paineissa voimakkaasti kilpaillulla alallaan. Heill\u00e4k\u00e4\u00e4n ei ole mahdollisutta varsinaiseen kehitykseen. Kaikki resurssit on suunnattava olemassaolon turvaamiseen.<\/p>\n<hr \/>\n<h2>TIKI &#8211; Avoimen koodin <a href=\"https:\/\/audiogis.com\/tiki\/tiki-index.php\" target=\"_blank\" rel=\"noopener\">yhteis\u00f6alusta<\/a><\/h2>\n<hr \/>\n<p><span style=\"color: #000080;\"><strong>Maker\u2019s HUB<\/strong><\/span> mallissa jalostetaan osallistujien tietoteknisi\u00e4 osaamisia k\u00e4yt\u00e4nn\u00f6n kohteissa ja k\u00e4yt\u00e4nn\u00f6n tarpeisiin. Kokeilevan mutta k\u00e4yt\u00e4nt\u00f6l\u00e4ht\u00f6isen kehityksen my\u00f6t\u00e4 syntyy uusiutumismahdollisuuksia my\u00f6s olemassa oleville yrityksille. Toiminnan my\u00f6t\u00e4 valmiutetaan toimijoita omaehtoisen ansainnan muodostamisen ja yritt\u00e4jyyden\u00a0polulle.<\/p>\n<hr \/>\n<p><strong><a href=\"https:\/\/digitila.fi\/WP\/makers\/hardware\/\">Hardware<\/a>\u00a0<\/strong>Etenkin avoin elektroniikka ja siihen perustuva kokeileva kehitys tuo esiin sovellusmahdollisuuksia my\u00f6s perinteiseen teollisuuteen, kuten; rakennus-, konepaja- ja teollisuuden palveluliiketoimintaan. My\u00f6s liikenne-, kauppa- ja logistiikka-alat hy\u00f6tyv\u00e4t n\u00e4ist\u00e4 uusista ulottuvuuksista.<\/p>\n<hr \/>\n<p><strong><a href=\"https:\/\/digitila.fi\/WP\/makers\/software\/\">Software<\/a><\/strong>\u00a0Tietoj\u00e4rjestelmien, ohjelmistojen ja yksitt\u00e4isten ohjelmien tai komponenttisten <em>appsien<\/em> suunnittelu-, kehitys- ja ohjelmointity\u00f6 mahdollistavat osaaville ihmisille pysyv\u00e4mp\u00e4\u00e4kin ansaintaa.<\/p>\n<hr \/>\n<p><strong><a href=\"https:\/\/digitila.fi\/WP\/makers\/openware\/\">Openware<\/a>\u00a0<\/strong>Tietoj\u00e4rjestelm\u00e4t ja sovellusohjelmistot ovat perinteisesti olleet yrityksille suuri investointi. Avoin l\u00e4hdekoodi ja jopa ilmaiset sovellukset tuovat kustannustehokkuutta tietotekniikan ratkaisuihin.<\/p>\n<hr \/>\n<p><strong><a href=\"https:\/\/digitila.fi\/WP\/makers\/gameware\/\">Gameware<\/a>\u00a0<\/strong>Pelillisyys on tullut j\u00e4\u00e4d\u00e4kseen my\u00f6s hy\u00f6tyk\u00e4ytt\u00f6\u00f6n suunnatuissa ratkaisuissa. Erityisesti koulutuksessa, valmennuksessa, simuloinneissa ja k\u00e4yt\u00f6n opastuksessa hy\u00f6dynnet\u00e4\u00e4n tietokonepeleiss\u00e4 tutuksi tullutta tekniikkaa. Avointa dataa, kuten karttoja ja ilmakuvia hy\u00f6dynnet\u00e4\u00e4n todellisten ymp\u00e4rist\u00f6jen virtualisoinneissa. Uusi kuvantamistekiikka, kuten LIDAR-keilaus ja fotogeometria mahdollistaa ymp\u00e4rist\u00f6n ja rakenteiden digititalisoinnin esim. lent\u00e4vien kuvauslaitteiden, drone-pienoiskoptereiden avulla hyvin edullisesti.<\/p>\n<p>N\u00e4iss\u00e4 digitalisoinnin, kuvantamisen, mallintamisen, ohjelmoinnin ja systeemikehitysty\u00f6n hankkeissa tarvitaan eritt\u00e4in monimuotoista osaamista ja eriytetty\u00e4 keskittymist\u00e4 omiin osaamisalueisiin.<\/p>\n<hr \/>\n<p><strong><a href=\"https:\/\/digitila.fi\/WP\/makers\/innoware\/\">Innoware<\/a>\u00a0<\/strong>Keksinn\u00f6t ja patentoidun teknologian hy\u00f6dynt\u00e4minen sek\u00e4 keksint\u00f6ihin perustuvat uudet ansaintakonseptit luovat arvoa hy\u00f6dynt\u00e4jilleen ja osallisilleen.<\/p>\n<p>K\u00e4yt\u00e4nn\u00f6n kehitysty\u00f6 on systeemist\u00e4 ja pitk\u00e4aikaista sitoumusta edellytt\u00e4v\u00e4\u00e4 puurtamista. Yhdess\u00e4 yritt\u00e4minen ja uusien oivallusten soveltaminen k\u00e4yt\u00e4nt\u00f6\u00f6n luo ansaintaa osallisilleen.<\/p>\n<p>Avoimessa tekniikassa ja yhteis\u00f6llisess\u00e4, yksil\u00f6iden erityisosaamisiin pohjautuvassa toimintamallissa on valtavaa potentiaalia, kunhan se organisoidaan p\u00e4\u00e4m\u00e4\u00e4r\u00e4tietoiseksi ja tavoitehakuiseksi ansaintojen jalostamiseksi.<\/p>\n<p>Todella radikaalit ratkaisut tulevat esille yksitt\u00e4isten keksij\u00f6iden ja nerokkaiden ideanikkareiden toimesta. Niiden k\u00e4ytett\u00e4vyyden ja toeutettavuuden selvitt\u00e4minen sek\u00e4 jatkojalostaminen ja kaupallinen hy\u00f6dynt\u00e4minen edellytt\u00e4\u00e4 monialaista osaamista ja toimijaresursseja.<\/p>\n<hr \/>\n<h3><span style=\"color: #000080;\"><strong>Palvelut<\/strong><\/span><\/h3>\n<ul>\n<li><a href=\"https:\/\/digitila.fi\/WP\/palvelutori\/\" target=\"_blank\" rel=\"noopener noreferrer\">DIGI Palvelu<\/a><\/li>\n<li><span style=\"color: #0000ff;\"><a href=\"https:\/\/digitila.fi\/WP\/tyopaja\/\" target=\"_blank\" rel=\"noopener noreferrer\">Digi PAJA<\/a><\/span><\/li>\n<li><a href=\"https:\/\/digitila.fi\/WP\/mentorointi\/\" target=\"_blank\" rel=\"noopener noreferrer\">Mentorointi<\/a><\/li>\n<li><span style=\"color: #0000ff;\"><a href=\"https:\/\/digitila.fi\/WP\/oppimo\/\" target=\"_blank\" rel=\"noopener noreferrer\">OPPIMO<\/a><\/span><\/li>\n<li><span style=\"color: #0000ff;\"><a href=\"https:\/\/digitila.fi\/WP\/digi-yhteiso\/\" target=\"_blank\" rel=\"noopener noreferrer\">Yhteis\u00f6j\u00e4rjestelm\u00e4<\/a><\/span><\/li>\n<\/ul>\n<p style=\"text-align: center;\">\u00a0<\/p>\n\n\n<hr class=\"wp-block-separator has-alpha-channel-opacity\"\/>\n\n\n\n<p class=\"has-text-align-center\"><\/p>\n\n\n\n<p class=\"has-text-align-center\"><strong>contact:<\/strong> <a rel=\"noreferrer noopener\" href=\"https:\/\/digitila.fi\/WP\/taustalla\/\" target=\"_blank\">Matti Pyykk\u00f6nen<\/a>&nbsp;\u00a92022 <a rel=\"noopener noreferrer\" href=\"https:\/\/digitila.fi\/\" target=\"_blank\">DigiTILA<\/a><\/p>\n\n\n\n<p class=\"has-text-align-center\">Digitila Ventures Oy<br>Y-tunnus: 3314664-7<\/p>\n\n\n<p><\/p>\n<hr>\n<p style=\"text-align: center;\">\n<\/p><p style=\"text-align: center;\"><\/p>","protected":false},"excerpt":{"rendered":"<p>Yritysten T&amp;K toimijat ovat tiiviisti kiinni omissa hankkeissaan ja projekteissaan, oman liiketoimintansa ja siihen liittyv\u00e4n keskeisen tekniikan kehityksess\u00e4. Uusien tekniikoiden ja ansaintamallien kehitt\u00e4miseen ei riit\u00e4 kasvavan ja kehittyv\u00e4n yrityksen omat resurssit, eik\u00e4 sit\u00e4 aina koeta tarpeelliseksikaan. On olemassa toisenlaisiakin yrityksi\u00e4. Etenkin perinteiset ns. alihankintaa tuottavat PK-yritykset el\u00e4v\u00e4t jatkuvissa s\u00e4\u00e4st\u00f6paineissa voimakkaasti kilpaillulla alallaan. Heill\u00e4k\u00e4\u00e4n ei ole&hellip;<\/p>\n","protected":false},"author":1,"featured_media":0,"parent":0,"menu_order":0,"comment_status":"open","ping_status":"open","template":"","meta":{"footnotes":""},"_links":{"self":[{"href":"https:\/\/digitila.fi\/WP\/makers\/wp-json\/wp\/v2\/pages\/2"}],"collection":[{"href":"https:\/\/digitila.fi\/WP\/makers\/wp-json\/wp\/v2\/pages"}],"about":[{"href":"https:\/\/digitila.fi\/WP\/makers\/wp-json\/wp\/v2\/types\/page"}],"author":[{"embeddable":true,"href":"https:\/\/digitila.fi\/WP\/makers\/wp-json\/wp\/v2\/users\/1"}],"replies":[{"embeddable":true,"href":"https:\/\/digitila.fi\/WP\/makers\/wp-json\/wp\/v2\/comments?post=2"}],"version-history":[{"count":22,"href":"https:\/\/digitila.fi\/WP\/makers\/wp-json\/wp\/v2\/pages\/2\/revisions"}],"predecessor-version":[{"id":167,"href":"https:\/\/digitila.fi\/WP\/makers\/wp-json\/wp\/v2\/pages\/2\/revisions\/167"}],"wp:attachment":[{"href":"https:\/\/digitila.fi\/WP\/makers\/wp-json\/wp\/v2\/media?parent=2"}],"curies":[{"name":"wp","href":"https:\/\/api.w.org\/{rel}","templated":true}]}}