{"id":34,"date":"2015-03-31T10:35:55","date_gmt":"2015-03-31T10:35:55","guid":{"rendered":"http:\/\/digitila.fi\/WP\/makers\/?page_id=34"},"modified":"2022-11-06T19:32:09","modified_gmt":"2022-11-06T19:32:09","slug":"innoware","status":"publish","type":"page","link":"https:\/\/digitila.fi\/WP\/makers\/innoware\/","title":{"rendered":"5-Innoware"},"content":{"rendered":"<h2 id=\"Keksint_n_perustuva_liiketoiminta\" class=\"showhide_heading\">Keksint\u00f6ihin perustuva liiketoiminta<\/h2>\n<p>Keksinn\u00f6t, ratkaisuideat ja patentoidun teknologian hy\u00f6dynt\u00e4minen sek\u00e4 keksint\u00f6ihin perustuvat\u00a0uudet ansaintakonseptit.<\/p>\n<hr \/>\n<h3 id=\"i3_-_inspiration_-_invention_-_innovation\" class=\"showhide_heading\">i3 &#8211; inspiration &#8211; invention &#8211; innovation<\/h3>\n<p><strong>inspiraatio:<\/strong> idea\u00a0ja\u00a0oivallus. Inspiraatio\u00a0tuottaa havaintoihin ja kokemukseen perustuvan ajatuksellisen ratkaisun,\u00a0joka voi johtaa keksint\u00f6\u00f6n ja\/tai innovaatioon.<\/p>\n<p><strong>inventio: keksint\u00f6,\u00a0<\/strong>k\u00e4yt\u00e4nn\u00f6n ratkaisuksi jalostunut inspiraation tuotos,<strong>\u00a0<\/strong>uusi tapa, malli, menetelm\u00e4 tai tekninen toteutus joka ratkaisee jonkin pulman.\u00a0Ideasta\/ideoista konkretisoitunut keksinn\u00f6llinen ratkaisu joka on monistuvasti tuotettavissa, toteutettavissa ja valmistettavissa. Keksint\u00f6 (<em>invention<\/em>)\u00a0ei ole sama kuin innovaatio, joskin keksinn\u00f6st\u00e4 ja sen soveltamisesta k\u00e4yt\u00e4nt\u00f6\u00f6n voi synty\u00e4 innovaatio.<\/p>\n<p><strong>innovaatio:<\/strong> ideasta ja inventiosta muodostuva hy\u00f6dynnett\u00e4viss\u00e4, valmistettavissa ja kaupallistettavissa oleva uutuus konsepti; tuote, menetelm\u00e4, k\u00e4yt\u00e4nt\u00f6, teknologia tms joka muodostaa huomattavaa arvoja (<em>values<\/em>) hy\u00f6dynt\u00e4j\u00e4lleen. Innovaatio (<em>innovation<\/em>)on k\u00e4ytt\u00f6valmis hy\u00f6tyj\u00e4 tuottava k\u00e4yt\u00e4nn\u00f6n ratkaisu ja sovellus.<\/p>\n<p><strong>BISNES:<\/strong> Liiketoiminta= jollekkin valikoidulle kohdealueelle ja tietylle asiakasryhm\u00e4lle suunnattu (esim.) innovaation kaupallistaminen ja kaupallinen toiminta-ala. Liiketoiminnaksi muotoutettu ansainnan malli on Bisnes.<\/p>\n<p><strong><span style=\"color: #3366ff;\">PreStart<\/span>: esivaiheessa oleva liiketoiminta ja suunnitteilla oleva yritysaihio, jota ei ole viel\u00e4 perustettu eik\u00e4 toimintaa k\u00e4ynnistetty. Resurssit ja organisointi muotoutuu PreStart vaiheessa.<\/strong><\/p>\n<p><strong><span style=\"color: #3366ff;\">StartUp<\/span>:<\/strong> <strong>uuteen innovaatiol\u00e4ht\u00f6iseen liiketoimintaan perustettava,\u00a0k\u00e4ynnistett\u00e4v\u00e4 ja varhaisessa vaiheessa oleva uusyritys. Liiketoiminta ja ansainta on konkretisoitu ja resurssoitu k\u00e4yt\u00e4nn\u00f6n yritystoimintaan.<\/strong><\/p>\n<p><strong><span style=\"color: #3366ff;\">UpStart<\/span>:<\/strong>\u00a0<strong>todentunut ansainta,<\/strong>\u00a0<strong>laajeneva liiketoiminta ja kasvava yritys. Kasvuhakuinen\u00a0yritys kiihdytet\u00e4\u00e4n kasvuun<\/strong><\/p>\n<h3>LINKKIT<\/h3>\n<ul>\n<li><a href=\"https:\/\/digitila.fi\/WP\/mentorointi\/\" target=\"_blank\" rel=\"noopener noreferrer\">Mentorointi<\/a> &#8211; konsultointi ja kehitystuki<\/li>\n<li><a href=\"https:\/\/digitila.fi\/WP\/prestart\" target=\"_blank\" rel=\"noopener noreferrer\">PreStart<\/a> &#8211; yritystoimintaa valmistelevat<\/li>\n<li><a href=\"https:\/\/digitila.fi\/WP\/startup\" target=\"_blank\" rel=\"noopener noreferrer\">StartUp<\/a> &#8211; kasvuyrityst\u00e4 k\u00e4ynnist\u00e4v\u00e4t<\/li>\n<li><a href=\"https:\/\/digitila.fi\/WP\/upstart\" target=\"_blank\" rel=\"noopener noreferrer\">UpStart<\/a> &#8211; kasvuvaiheessa olevat<\/li>\n<\/ul>\n<hr \/>\n<p><strong>IDEAT &#8211; KEKSINN\u00d6T &#8211; SOVELLUKSET<\/strong><\/p>\n<ul>\n<li><a href=\"https:\/\/keksimo.fi\" target=\"_blank\" rel=\"noopener noreferrer\"><strong>KEKSIM\u00d6<\/strong>\u00a0<\/a>(Keksimist\u00e4 edist\u00e4v\u00e4 yhdistys ja keksij\u00e4resurssit)<\/li>\n<\/ul>\n<hr \/>\n<h3><strong><span style=\"text-decoration: underline;\">Kysymyksi\u00e4 joihin haetaan vastauksia kumppaneilta<\/span><\/strong><\/h3>\n<ul>\n<li>L\u00f6ytyyk\u00f6 kauttanne potentiaalisia kaupallistajakumppaneita, sitoutuvia liiketoimintojen kehitt\u00e4ji\u00e4 ja patentoituun keksint\u00f6\u00f6n pohjaavien StartUp-yrityksiin sijoittajia?<\/li>\n<li>Tulevien kaupallistajien tulee hallita oma liiketoiminta-alueensa ja heid\u00e4n on kyett\u00e4v\u00e4 vastaamaan allaoleviin kysymyksiin:\n<ul>\n<li>Liikeidea, IPR\u00a0suojaukset, yrityksen idea (Value Design; arvoesitys, konsepti, demo, proto, pilotti, myynti, jakelu jne.)<\/li>\n<li>Ansaintalogiikka, liiketoiminnan ja ansainnan mallit (\u00a0<em>Business Model Generation<\/em>)<\/li>\n<li>Tiimi ja verkosto (ydintiimi\/avainhenkil\u00f6t, osaaminen, vastuualueet, kompetenssi)<\/li>\n<li>Markkinat (asiaakkaat, markkinan koko, kilpailijat\/kilpailutilanne yms.)<\/li>\n<li>Yrityksen historia, missio, visio, strategia, l\u00e4hitulevaisuuden tavoitteet<\/li>\n<li>Taloustilanne, rahoitus, haettu sijoitussumma, kannattavuus, mit\u00e4 rahoituksen vastineeksi<\/li>\n<\/ul>\n<\/li>\n<\/ul>\n<hr \/>\n<h3 id=\"Esimerkkej_sovelusalueista_ja_konsepteista:\" class=\"showhide_heading\"><span style=\"text-decoration: underline;\">Esimerkkej\u00e4 sovelusalueista ja konsepteista<\/span><\/h3>\n<ul>\n<li><strong>KAUPPA<\/strong>, <strong>LOGISTIIKKA<\/strong> JA <strong>LIIKENNEAUTOMAATIO<\/strong><\/li>\n<li><strong>TURVALLISUUS<\/strong>\n<ul>\n<li>Alue- ja kohdevalvonnan ratkaisut<\/li>\n<\/ul>\n<\/li>\n<li><strong>PALVELU- JA ASIOINTIVERKKO<\/strong>\n<ul>\n<li><strong>OpeAlusta<\/strong>: Portfoliopohjainen henkil\u00f6kohtaiseksi personoituva oppi- ja valmennusymp\u00e4rist\u00f6<\/li>\n<li><strong>AudioGIS<\/strong>: \u00c4\u00e4neen perustuva paikkatietoj\u00e4rjestelm\u00e4, \u00e4\u00e4ninavigointi ja opastus,\u00a0paikkatietoviestint\u00e4, l\u00e4sn\u00e4tunnistus ja audiodata<\/li>\n<\/ul>\n<\/li>\n<\/ul>\n<p><strong>MUITA HY\u00d6DYNT\u00c4MISALUEITA<\/strong><\/p>\n<ul>\n<li style=\"list-style-type: none;\">\n<ul>\n<li>TERVEYS JA HYVINVOINTI<\/li>\n<li>VERKOSTOYHTEIS\u00d6T JA VIRTUALISOINTI<\/li>\n<li>ROBOTIIKKA JA AUTOMAATIO<\/li>\n<li>KIINTEIST\u00d6- JA ASUMISAUTOMAATIO<\/li>\n<li>ENERGIA JA YMP\u00c4RIST\u00d6TURVALLISUUS<\/li>\n<\/ul>\n<\/li>\n<\/ul>\n<hr \/>\n<h3><span style=\"color: #000080;\"><strong>Palvelut<\/strong><\/span><\/h3>\n<ul>\n<li><a href=\"https:\/\/digitila.fi\/WP\/palvelutori\/\" target=\"_blank\" rel=\"noopener noreferrer\">DIGI Palvelu<\/a><\/li>\n<li><span style=\"color: #0000ff;\"><a href=\"https:\/\/digitila.fi\/WP\/tyopaja\/\" target=\"_blank\" rel=\"noopener noreferrer\">Digi PAJA<\/a><\/span><\/li>\n<li><a href=\"https:\/\/digitila.fi\/WP\/mentorointi\/\" target=\"_blank\" rel=\"noopener noreferrer\">Mentorointi<\/a><\/li>\n<li><span style=\"color: #0000ff;\"><a href=\"https:\/\/digitila.fi\/WP\/oppimo\/\" target=\"_blank\" rel=\"noopener noreferrer\">OPPIMO<\/a><\/span><\/li>\n<li><span style=\"color: #0000ff;\"><a href=\"https:\/\/digitila.fi\/WP\/digi-yhteiso\/\" target=\"_blank\" rel=\"noopener noreferrer\">Yhteis\u00f6j\u00e4rjestelm\u00e4<\/a><\/span><\/li>\n<\/ul>\n<hr \/>\n<p style=\"text-align: center;\">\u00a0<\/p>\n\n\n<hr class=\"wp-block-separator has-alpha-channel-opacity\"\/>\n\n\n\n<p class=\"has-text-align-center\"><p class=\"has-text-align-center\"><strong>contact:<\/strong> <a rel=\"noreferrer noopener\" href=\"https:\/\/digitila.fi\/WP\/taustalla\/\" target=\"_blank\">Matti Pyykk\u00f6nen<\/a>\u00a0\u00a92022 <a rel=\"noopener noreferrer\" href=\"https:\/\/digitila.fi\/\" target=\"_blank\">DigiTILA<\/a><\/p><p class=\"has-text-align-center\">Digitila Ventures Oy<br>Y-tunnus: 3314664-7<\/p><\/p>\n\n\n\n<p class=\"has-text-align-center\"><\/p>\n\n\n<p><\/p>\n<hr>\n<p style=\"text-align: center;\">\n<\/p><p style=\"text-align: center;\">\n<\/p><p style=\"text-align: center;\"><\/p>","protected":false},"excerpt":{"rendered":"<p>Keksint\u00f6ihin perustuva liiketoiminta Keksinn\u00f6t, ratkaisuideat ja patentoidun teknologian hy\u00f6dynt\u00e4minen sek\u00e4 keksint\u00f6ihin perustuvat\u00a0uudet ansaintakonseptit. i3 &#8211; inspiration &#8211; invention &#8211; innovation inspiraatio: idea\u00a0ja\u00a0oivallus. Inspiraatio\u00a0tuottaa havaintoihin ja kokemukseen perustuvan ajatuksellisen ratkaisun,\u00a0joka voi johtaa keksint\u00f6\u00f6n ja\/tai innovaatioon. inventio: keksint\u00f6,\u00a0k\u00e4yt\u00e4nn\u00f6n ratkaisuksi jalostunut inspiraation tuotos,\u00a0uusi tapa, malli, menetelm\u00e4 tai tekninen toteutus joka ratkaisee jonkin pulman.\u00a0Ideasta\/ideoista konkretisoitunut keksinn\u00f6llinen ratkaisu joka on&hellip;<\/p>\n","protected":false},"author":1,"featured_media":0,"parent":0,"menu_order":0,"comment_status":"open","ping_status":"open","template":"","meta":{"footnotes":""},"_links":{"self":[{"href":"https:\/\/digitila.fi\/WP\/makers\/wp-json\/wp\/v2\/pages\/34"}],"collection":[{"href":"https:\/\/digitila.fi\/WP\/makers\/wp-json\/wp\/v2\/pages"}],"about":[{"href":"https:\/\/digitila.fi\/WP\/makers\/wp-json\/wp\/v2\/types\/page"}],"author":[{"embeddable":true,"href":"https:\/\/digitila.fi\/WP\/makers\/wp-json\/wp\/v2\/users\/1"}],"replies":[{"embeddable":true,"href":"https:\/\/digitila.fi\/WP\/makers\/wp-json\/wp\/v2\/comments?post=34"}],"version-history":[{"count":17,"href":"https:\/\/digitila.fi\/WP\/makers\/wp-json\/wp\/v2\/pages\/34\/revisions"}],"predecessor-version":[{"id":163,"href":"https:\/\/digitila.fi\/WP\/makers\/wp-json\/wp\/v2\/pages\/34\/revisions\/163"}],"wp:attachment":[{"href":"https:\/\/digitila.fi\/WP\/makers\/wp-json\/wp\/v2\/media?parent=34"}],"curies":[{"name":"wp","href":"https:\/\/api.w.org\/{rel}","templated":true}]}}