{"id":6,"date":"2015-03-30T06:54:22","date_gmt":"2015-03-30T06:54:22","guid":{"rendered":"http:\/\/digitila.fi\/WP\/makers\/?page_id=6"},"modified":"2022-11-06T19:30:53","modified_gmt":"2022-11-06T19:30:53","slug":"gameware","status":"publish","type":"page","link":"https:\/\/digitila.fi\/WP\/makers\/gameware\/","title":{"rendered":"4-Gameware"},"content":{"rendered":"<h3 id=\"Baker_s_Studio\" class=\"showhide_heading\">Pelillinen simulointi oppimisen, virtualisoinnin ja havainnollistamisen tukena<\/h3>\n<p style=\"text-align: justify;\">Tietokonepelien kehitystekniikka ja ty\u00f6kalut ovat viime vuosina kehittyneet valtavasti. Tarjolla on jopa ilmaiseksi k\u00e4ytt\u00f6\u00f6notettavia kehitysymp\u00e4rist\u00f6j\u00e4 ja siten tarjotaan mahdollisuus ideoiden testaamiseen, ty\u00f6v\u00e4lineisiin tutustumiseen ja tekem\u00e4ll\u00e4 oppimiseen kaikille halukkaille. Kehitysymp\u00e4rist\u00f6 UNITY 3D avulla tuotetaan sovelluksia monialustaisesti. T\u00e4m\u00e4 tarkoittaa sit\u00e4 ett\u00e4 lopullinen sovellus toimii erilaisissa k\u00e4ytt\u00f6ymp\u00e4rist\u00f6iss\u00e4. N\u00e4m\u00e4 alunperin pelien tekemiseen tuotetut v\u00e4lineet soveltuvat mainiosti my\u00f6s muuhun tarkoitukseen, mm.; simulaatioiden, opetuksen, mediatuotannon, mainonnan, elokuvatuotannon ja virtuaaliliitynn\u00e4isten tietoj\u00e4rjestelmien tarpeisiin. T\u00e4ll\u00f6in puhutaan &#8221;tosipeleist\u00e4&#8221; (<em>serious games<\/em>).<\/p>\n<h3 id=\"TEEMA_1:_Baker_s_Studio\" class=\"showhide_heading\">TEEMA 1<\/h3>\n<ul>\n<li style=\"list-style-type: none;\">\n<ul>\n<li>Unity 3D<\/li>\n<li>5D Internet<\/li>\n<li>GEO Virtuality<\/li>\n<li>Training Games<\/li>\n<li>Simulation<\/li>\n<\/ul>\n<\/li>\n<\/ul>\n<p><a href=\"http:\/\/digitila.fi\/WP\/makers\/wp-content\/uploads\/sites\/3\/2015\/03\/Bakers_K-9.png\"><img loading=\"lazy\" decoding=\"async\" class=\" aligncenter wp-image-25\" src=\"http:\/\/digitila.fi\/WP\/makers\/wp-content\/uploads\/sites\/3\/2015\/03\/Bakers_K-9-300x218.png\" alt=\"Bakers_K-9\" width=\"500\" height=\"363\" srcset=\"https:\/\/digitila.fi\/WP\/makers\/wp-content\/uploads\/sites\/3\/2015\/03\/Bakers_K-9-300x218.png 300w, https:\/\/digitila.fi\/WP\/makers\/wp-content\/uploads\/sites\/3\/2015\/03\/Bakers_K-9-413x300.png 413w, https:\/\/digitila.fi\/WP\/makers\/wp-content\/uploads\/sites\/3\/2015\/03\/Bakers_K-9.png 900w\" sizes=\"(max-width: 500px) 100vw, 500px\" \/><\/a><\/p>\n<p><a href=\"http:\/\/digitila.fi\/WP\/makers\/wp-content\/uploads\/sites\/3\/2015\/03\/3DEM.jpg\"><img loading=\"lazy\" decoding=\"async\" class=\"aligncenter wp-image-57\" src=\"http:\/\/digitila.fi\/WP\/makers\/wp-content\/uploads\/sites\/3\/2015\/03\/3DEM-300x151.jpg\" alt=\"3DEM\" width=\"500\" height=\"252\" srcset=\"https:\/\/digitila.fi\/WP\/makers\/wp-content\/uploads\/sites\/3\/2015\/03\/3DEM-300x151.jpg 300w, https:\/\/digitila.fi\/WP\/makers\/wp-content\/uploads\/sites\/3\/2015\/03\/3DEM-1024x516.jpg 1024w, https:\/\/digitila.fi\/WP\/makers\/wp-content\/uploads\/sites\/3\/2015\/03\/3DEM-500x252.jpg 500w, https:\/\/digitila.fi\/WP\/makers\/wp-content\/uploads\/sites\/3\/2015\/03\/3DEM.jpg 1912w\" sizes=\"(max-width: 500px) 100vw, 500px\" \/><\/a><\/p>\n<p><a href=\"http:\/\/digitila.fi\/WP\/makers\/wp-content\/uploads\/sites\/3\/2015\/03\/GranCanaria-Color.jpg\"><br>\n<\/a><a href=\"http:\/\/digitila.fi\/WP\/makers\/wp-content\/uploads\/sites\/3\/2015\/03\/GranCanaria-Color.jpg\"><img loading=\"lazy\" decoding=\"async\" class=\" aligncenter wp-image-59\" src=\"http:\/\/digitila.fi\/WP\/makers\/wp-content\/uploads\/sites\/3\/2015\/03\/GranCanaria-Color-300x270.jpg\" alt=\"GranCanaria-Color\" width=\"500\" height=\"450\" srcset=\"https:\/\/digitila.fi\/WP\/makers\/wp-content\/uploads\/sites\/3\/2015\/03\/GranCanaria-Color-300x270.jpg 300w, https:\/\/digitila.fi\/WP\/makers\/wp-content\/uploads\/sites\/3\/2015\/03\/GranCanaria-Color-333x300.jpg 333w, https:\/\/digitila.fi\/WP\/makers\/wp-content\/uploads\/sites\/3\/2015\/03\/GranCanaria-Color.jpg 900w\" sizes=\"(max-width: 500px) 100vw, 500px\" \/><\/a><\/p>\n<hr>\n<h3 style=\"text-align: center;\"><span style=\"color: #333399;\"><strong>Mallikohteena<\/strong><\/span>&nbsp;KoiraSaari<\/h3>\n<hr>\n<h3><span style=\"color: #000080;\"><strong>Palvelut<\/strong><\/span><\/h3>\n<ul>\n<li><a href=\"https:\/\/digitila.fi\/WP\/palvelutori\/\" target=\"_blank\" rel=\"noopener noreferrer\">DIGI Palvelu<\/a><\/li>\n<li><span style=\"color: #0000ff;\"><a href=\"https:\/\/digitila.fi\/WP\/tyopaja\/\" target=\"_blank\" rel=\"noopener noreferrer\">Digi PAJA<\/a><\/span><\/li>\n<li><a href=\"https:\/\/digitila.fi\/WP\/mentorointi\/\" target=\"_blank\" rel=\"noopener noreferrer\">Mentorointi<\/a><\/li>\n<li><span style=\"color: #0000ff;\"><a href=\"https:\/\/digitila.fi\/WP\/oppimo\/\" target=\"_blank\" rel=\"noopener noreferrer\">OPPIMO<\/a><\/span><\/li>\n<li><span style=\"color: #0000ff;\"><a href=\"https:\/\/digitila.fi\/WP\/digi-yhteiso\/\" target=\"_blank\" rel=\"noopener noreferrer\">Yhteis\u00f6j\u00e4rjestelm\u00e4<\/a><\/span><\/li>\n<\/ul>\n<hr>\n<p style=\"text-align: center;\"><a href=\"https:\/\/digitila.fi\/\" target=\"_blank\" rel=\"noopener noreferrer\"><\/a><\/p>\n\n\n<hr class=\"wp-block-separator has-alpha-channel-opacity\"\/>\n\n\n\n<p class=\"has-text-align-center\"><p class=\"has-text-align-center\"><strong>contact:<\/strong> <a rel=\"noreferrer noopener\" href=\"https:\/\/digitila.fi\/WP\/taustalla\/\" target=\"_blank\">Matti Pyykk\u00f6nen<\/a>\u00a0\u00a92022 <a rel=\"noopener noreferrer\" href=\"https:\/\/digitila.fi\/\" target=\"_blank\">DigiTILA<\/a><\/p><p class=\"has-text-align-center\">Digitila Ventures Oy<br>Y-tunnus: 3314664-7<\/p><\/p>\n\n\n\n<hr class=\"wp-block-separator has-alpha-channel-opacity\"\/>\n\n\n\n<p class=\"has-text-align-center\"><\/p>\n\n\n<p><\/p>\n<hr>\n<p style=\"text-align: center;\">\n<\/p><p style=\"text-align: center;\">\n<\/p><p style=\"text-align: center;\"><\/p>","protected":false},"excerpt":{"rendered":"<p>Pelillinen simulointi oppimisen, virtualisoinnin ja havainnollistamisen tukena Tietokonepelien kehitystekniikka ja ty\u00f6kalut ovat viime vuosina kehittyneet valtavasti. Tarjolla on jopa ilmaiseksi k\u00e4ytt\u00f6\u00f6notettavia kehitysymp\u00e4rist\u00f6j\u00e4 ja siten tarjotaan mahdollisuus ideoiden testaamiseen, ty\u00f6v\u00e4lineisiin tutustumiseen ja tekem\u00e4ll\u00e4 oppimiseen kaikille halukkaille. Kehitysymp\u00e4rist\u00f6 UNITY 3D avulla tuotetaan sovelluksia monialustaisesti. T\u00e4m\u00e4 tarkoittaa sit\u00e4 ett\u00e4 lopullinen sovellus toimii erilaisissa k\u00e4ytt\u00f6ymp\u00e4rist\u00f6iss\u00e4. N\u00e4m\u00e4 alunperin pelien tekemiseen&hellip;<\/p>\n","protected":false},"author":1,"featured_media":0,"parent":0,"menu_order":0,"comment_status":"open","ping_status":"open","template":"","meta":{"footnotes":""},"_links":{"self":[{"href":"https:\/\/digitila.fi\/WP\/makers\/wp-json\/wp\/v2\/pages\/6"}],"collection":[{"href":"https:\/\/digitila.fi\/WP\/makers\/wp-json\/wp\/v2\/pages"}],"about":[{"href":"https:\/\/digitila.fi\/WP\/makers\/wp-json\/wp\/v2\/types\/page"}],"author":[{"embeddable":true,"href":"https:\/\/digitila.fi\/WP\/makers\/wp-json\/wp\/v2\/users\/1"}],"replies":[{"embeddable":true,"href":"https:\/\/digitila.fi\/WP\/makers\/wp-json\/wp\/v2\/comments?post=6"}],"version-history":[{"count":17,"href":"https:\/\/digitila.fi\/WP\/makers\/wp-json\/wp\/v2\/pages\/6\/revisions"}],"predecessor-version":[{"id":162,"href":"https:\/\/digitila.fi\/WP\/makers\/wp-json\/wp\/v2\/pages\/6\/revisions\/162"}],"wp:attachment":[{"href":"https:\/\/digitila.fi\/WP\/makers\/wp-json\/wp\/v2\/media?parent=6"}],"curies":[{"name":"wp","href":"https:\/\/api.w.org\/{rel}","templated":true}]}}