{"id":8,"date":"2015-03-30T06:56:20","date_gmt":"2015-03-30T06:56:20","guid":{"rendered":"http:\/\/digitila.fi\/WP\/makers\/?page_id=8"},"modified":"2022-11-06T19:28:36","modified_gmt":"2022-11-06T19:28:36","slug":"hardware","status":"publish","type":"page","link":"https:\/\/digitila.fi\/WP\/makers\/hardware\/","title":{"rendered":"1-Hardware"},"content":{"rendered":"<h3 id=\"Tronics_LAB\" class=\"showhide_heading\">Kokeileva keksimisen ja avoimen elektroniikan ratkaisur\u00e4\u00e4t\u00e4l\u00f6inti<\/h3>\n<p style=\"text-align: justify;\">Kokeilevaan keksimiseen uusi ns. open electronics toimintatapa luo k\u00e4yt\u00e4nn\u00f6nl\u00e4heisi\u00e4 puitteita. Prototyyppien ja tuotannollisten ratkaisujen valmistus on nopeampaa valmiita moduuleja soveltamalla kuin alusta asti omana toteutuksena. Yhteis\u00f6llinen kehitysymp\u00e4rist\u00f6 ja ty\u00f6pajatyyppinen toimintamalli antaa vapautta kehitt\u00e4\u00e4 ja soveltaa omaa osaamistaan.<\/p>\n<h3 id=\"TEEMA_2:_Tronics_LAB\" class=\"showhide_heading\">TEEMA 2 <a href=\"https:\/\/www.facebook.com\/TronicsLAB\" target=\"_blank\" rel=\"noopener noreferrer\">Tronics LAB<\/a>&nbsp;(FB:ssa)<\/h3>\n<ul>\n<li style=\"list-style-type: none;\">\n<ul>\n<li>Raspberry Pi<\/li>\n<li>Arduino<\/li>\n<li>Robotics<\/li>\n<li>Wireless Automation<\/li>\n<li>Drone &#8211; UAV<\/li>\n<li>3D Printing<\/li>\n<\/ul>\n<\/li>\n<\/ul>\n<hr>\n<h3 style=\"text-align: center;\"><span style=\"color: #333399;\"><strong>Tronics LAB mallikohteena<\/strong><\/span>&nbsp;<a href=\"https:\/\/audiogis.com\"><span style=\"color: #0000ff;\">AudioGIS.com<\/span><\/a><\/h3>\n<hr>\n<p>toimijaresursseja.<\/p>\n<hr>\n<h3><span style=\"color: #000080;\"><strong>Palvelut<\/strong><\/span><\/h3>\n<ul>\n<li><a href=\"https:\/\/digitila.fi\/WP\/palvelutori\/\" target=\"_blank\" rel=\"noopener noreferrer\">DIGI Palvelu<\/a><\/li>\n<li><span style=\"color: #0000ff;\"><a href=\"https:\/\/digitila.fi\/WP\/tyopaja\/\" target=\"_blank\" rel=\"noopener noreferrer\">Digi PAJA<\/a><\/span><\/li>\n<li><a href=\"https:\/\/digitila.fi\/WP\/mentorointi\/\" target=\"_blank\" rel=\"noopener noreferrer\">Mentorointi<\/a><\/li>\n<li><span style=\"color: #0000ff;\"><a href=\"https:\/\/digitila.fi\/WP\/oppimo\/\" target=\"_blank\" rel=\"noopener noreferrer\">OPPIMO<\/a><\/span><\/li>\n<li><span style=\"color: #0000ff;\"><a href=\"https:\/\/digitila.fi\/WP\/digi-yhteiso\/\" target=\"_blank\" rel=\"noopener noreferrer\">Yhteis\u00f6j\u00e4rjestelm\u00e4<\/a><\/span><\/li>\n<\/ul>\n<hr>\n<p style=\"text-align: center;\"><a href=\"https:\/\/digitila.fi\/\" target=\"_blank\" rel=\"noopener noreferrer\"><\/a><\/p>\n\n\n<hr class=\"wp-block-separator has-alpha-channel-opacity\"\/>\n\n\n\n<p class=\"has-text-align-center\"><p class=\"has-text-align-center\"><strong>contact:<\/strong> <a rel=\"noreferrer noopener\" href=\"https:\/\/digitila.fi\/WP\/taustalla\/\" target=\"_blank\">Matti Pyykk\u00f6nen<\/a>\u00a0\u00a92022 <a rel=\"noopener noreferrer\" href=\"https:\/\/digitila.fi\/\" target=\"_blank\">DigiTILA<\/a><\/p><\/p>\n\n\n\n<p class=\"has-text-align-center\"><p class=\"has-text-align-center\">Digitila Ventures Oy<br>Y-tunnus: 3314664-7<\/p> <\/p>\n\n\n\n<p><\/p>\n\n\n\n<p class=\"has-text-align-center\"><\/p>\n\n\n<p><\/p>\n<hr>","protected":false},"excerpt":{"rendered":"<p>Kokeileva keksimisen ja avoimen elektroniikan ratkaisur\u00e4\u00e4t\u00e4l\u00f6inti Kokeilevaan keksimiseen uusi ns. open electronics toimintatapa luo k\u00e4yt\u00e4nn\u00f6nl\u00e4heisi\u00e4 puitteita. Prototyyppien ja tuotannollisten ratkaisujen valmistus on nopeampaa valmiita moduuleja soveltamalla kuin alusta asti omana toteutuksena. Yhteis\u00f6llinen kehitysymp\u00e4rist\u00f6 ja ty\u00f6pajatyyppinen toimintamalli antaa vapautta kehitt\u00e4\u00e4 ja soveltaa omaa osaamistaan. TEEMA 2 Tronics LAB&nbsp;(FB:ssa) Raspberry Pi Arduino Robotics Wireless Automation Drone &#8211;&hellip;<\/p>\n","protected":false},"author":1,"featured_media":0,"parent":0,"menu_order":0,"comment_status":"open","ping_status":"open","template":"","meta":{"footnotes":""},"_links":{"self":[{"href":"https:\/\/digitila.fi\/WP\/makers\/wp-json\/wp\/v2\/pages\/8"}],"collection":[{"href":"https:\/\/digitila.fi\/WP\/makers\/wp-json\/wp\/v2\/pages"}],"about":[{"href":"https:\/\/digitila.fi\/WP\/makers\/wp-json\/wp\/v2\/types\/page"}],"author":[{"embeddable":true,"href":"https:\/\/digitila.fi\/WP\/makers\/wp-json\/wp\/v2\/users\/1"}],"replies":[{"embeddable":true,"href":"https:\/\/digitila.fi\/WP\/makers\/wp-json\/wp\/v2\/comments?post=8"}],"version-history":[{"count":16,"href":"https:\/\/digitila.fi\/WP\/makers\/wp-json\/wp\/v2\/pages\/8\/revisions"}],"predecessor-version":[{"id":159,"href":"https:\/\/digitila.fi\/WP\/makers\/wp-json\/wp\/v2\/pages\/8\/revisions\/159"}],"wp:attachment":[{"href":"https:\/\/digitila.fi\/WP\/makers\/wp-json\/wp\/v2\/media?parent=8"}],"curies":[{"name":"wp","href":"https:\/\/api.w.org\/{rel}","templated":true}]}}