{"id":161,"date":"2020-05-29T07:37:16","date_gmt":"2020-05-29T09:37:16","guid":{"rendered":"http:\/\/digitila.fi\/WP\/?page_id=161"},"modified":"2022-11-06T17:16:51","modified_gmt":"2022-11-06T19:16:51","slug":"verkostopalvelu","status":"publish","type":"page","link":"https:\/\/digitila.fi\/WP\/verkostopalvelu","title":{"rendered":"Verkkopalvelu"},"content":{"rendered":"\n<p><em>Tietotekniikan ja yrityskehityksen palvelutuotanto hajautettuun toimintaan<\/em> ja et\u00e4ty\u00f6h\u00f6n<\/p>\n\n\n\n<h3 class=\"wp-block-heading\">VERKOSTOTOIMINNASSA KUMPPANEINA<\/h3>\n\n\n\n<ul><li>YKSINYRITT\u00c4J\u00c4T &#8211; ET\u00c4TY\u00d6N\u00c4 PALVELUJAAN TUOTTAVAT <\/li><li>ASIANTUNTIJAT JA TIETOTY\u00d6N TEKIJ\u00c4T<\/li><li>UUTTA YRITYSTOIMINTAA VALMISTELEVAT<\/li><li>HAJAUTETUN TOIMINNAN VERKOSTOYRITYKSET JA PALVELUYHTEIS\u00d6T<\/li><\/ul>\n\n\n\n<hr class=\"wp-block-separator has-css-opacity is-style-wide\"\/>\n\n\n\n<h3 class=\"wp-block-heading\">PALVELUTARJONTAA<\/h3>\n\n\n\n<ul><li>suunnittelu ja kehitys;<ul><li>toimintapuitteet<\/li><li>et\u00e4ty\u00f6teknologia<\/li><li>menetelm\u00e4t ja k\u00e4yt\u00e4nteet <\/li><li>toimintamallit<\/li><\/ul><\/li><li>yhteis\u00f6lliset tietoj\u00e4rjestelm\u00e4t ja tekniikka<\/li><li>viestint\u00e4- ja vuorovaikutusratkaisut<\/li><li>oppimis- ja kehitysymp\u00e4rist\u00f6t <\/li><\/ul>\n\n\n\n<hr class=\"wp-block-separator has-css-opacity is-style-wide\"\/>\n\n\n\n<h3 class=\"wp-block-heading\"><strong>Palvelut<\/strong><\/h3>\n\n\n\n<ul><li><a href=\"http:\/\/digitila.fi\/WP\/palvelutori\/\" target=\"_blank\" rel=\"noreferrer noopener\">DIGI Palvelu<\/a><\/li><li><a href=\"https:\/\/digitila.fi\/WP\/tyopaja\/\" target=\"_blank\" rel=\"noreferrer noopener\">Digi PAJA<\/a><\/li><li><a href=\"https:\/\/digitila.fi\/WP\/mentorointi\/\" target=\"_blank\" rel=\"noreferrer noopener\">Mentorointi<\/a><\/li><li><a href=\"https:\/\/digitila.fi\/WP\/oppimo\/\" target=\"_blank\" rel=\"noreferrer noopener\">OPPIMO<\/a><\/li><li><a href=\"https:\/\/digitila.fi\/WP\/digi-yhteiso\/\" target=\"_blank\" rel=\"noreferrer noopener\">Yhteis\u00f6j\u00e4rjestelm\u00e4<\/a><\/li><\/ul>\n\n\n\n<hr class=\"wp-block-separator has-css-opacity is-style-wide\"\/>\n\n\n\n<p class=\"has-text-align-center\"><strong>contact:<\/strong> <a rel=\"noreferrer noopener\" href=\"https:\/\/digitila.fi\/WP\/taustalla\/\" target=\"_blank\">Matti Pyykk\u00f6nen<\/a>&nbsp;\u00a92022 <a rel=\"noopener noreferrer\" href=\"https:\/\/digitila.fi\/\" target=\"_blank\">DigiTILA<\/a><\/p>\n\n\n\n<p class=\"has-text-align-center\">Digitila Ventures Oy<br>Y-tunnus: 3314664-7<\/p>\n\n\n\n<hr class=\"wp-block-separator has-css-opacity is-style-wide\"\/>\n\n\n\n<p><\/p>\n","protected":false},"excerpt":{"rendered":"<p>Tietotekniikan ja yrityskehityksen palvelutuotanto hajautettuun toimintaan ja et\u00e4ty\u00f6h\u00f6n VERKOSTOTOIMINNASSA KUMPPANEINA YKSINYRITT\u00c4J\u00c4T &#8211; ET\u00c4TY\u00d6N\u00c4 PALVELUJAAN TUOTTAVAT ASIANTUNTIJAT JA TIETOTY\u00d6N TEKIJ\u00c4T UUTTA YRITYSTOIMINTAA VALMISTELEVAT HAJAUTETUN TOIMINNAN VERKOSTOYRITYKSET JA PALVELUYHTEIS\u00d6T PALVELUTARJONTAA suunnittelu ja kehitys; toimintapuitteet et\u00e4ty\u00f6teknologia menetelm\u00e4t ja k\u00e4yt\u00e4nteet toimintamallit yhteis\u00f6lliset tietoj\u00e4rjestelm\u00e4t ja tekniikka viestint\u00e4- ja vuorovaikutusratkaisut oppimis- ja kehitysymp\u00e4rist\u00f6t Palvelut DIGI Palvelu Digi PAJA Mentorointi OPPIMO Yhteis\u00f6j\u00e4rjestelm\u00e4&hellip;<\/p>\n","protected":false},"author":1,"featured_media":0,"parent":0,"menu_order":0,"comment_status":"closed","ping_status":"closed","template":"","meta":{"footnotes":""},"_links":{"self":[{"href":"https:\/\/digitila.fi\/WP\/wp-json\/wp\/v2\/pages\/161"}],"collection":[{"href":"https:\/\/digitila.fi\/WP\/wp-json\/wp\/v2\/pages"}],"about":[{"href":"https:\/\/digitila.fi\/WP\/wp-json\/wp\/v2\/types\/page"}],"author":[{"embeddable":true,"href":"https:\/\/digitila.fi\/WP\/wp-json\/wp\/v2\/users\/1"}],"replies":[{"embeddable":true,"href":"https:\/\/digitila.fi\/WP\/wp-json\/wp\/v2\/comments?post=161"}],"version-history":[{"count":15,"href":"https:\/\/digitila.fi\/WP\/wp-json\/wp\/v2\/pages\/161\/revisions"}],"predecessor-version":[{"id":683,"href":"https:\/\/digitila.fi\/WP\/wp-json\/wp\/v2\/pages\/161\/revisions\/683"}],"wp:attachment":[{"href":"https:\/\/digitila.fi\/WP\/wp-json\/wp\/v2\/media?parent=161"}],"curies":[{"name":"wp","href":"https:\/\/api.w.org\/{rel}","templated":true}]}}