{"id":167,"date":"2020-05-29T09:40:24","date_gmt":"2020-05-29T11:40:24","guid":{"rendered":"http:\/\/digitila.fi\/WP\/?page_id=167"},"modified":"2022-09-28T10:58:51","modified_gmt":"2022-09-28T12:58:51","slug":"palvelutori","status":"publish","type":"page","link":"https:\/\/digitila.fi\/WP\/palvelutori","title":{"rendered":"DIGI Palvelut"},"content":{"rendered":"\n<h2 class=\"wp-block-heading\">YHTEIS\u00d6J\u00c4RJESTELM\u00c4N ASENNUS<\/h2>\n\n\n\n<h3 class=\"wp-block-heading\">Oman WEB <strong>palvelun&nbsp;perustaminen<\/strong><\/h3>\n\n\n\n<ul><li>varataan nettinimi ja m\u00e4\u00e4ritet\u00e4\u00e4n <a rel=\"noreferrer noopener\" aria-label=\"OmaNet.fi (avautuu uudessa v\u00e4lilehdess\u00e4)\" href=\"https:\/\/omanet.fi\/\" target=\"_blank\"><strong>OmaNet.f<\/strong>i<\/a> web-hotellista levytila <ul><li>ESIASENNETTUNA <a rel=\"noreferrer noopener\" aria-label=\"WORDPRESS (avautuu uudessa v\u00e4lilehdess\u00e4)\" href=\"https:\/\/fi.wordpress.org\/\" target=\"_blank\">WORDPRESS<\/a><\/li><\/ul><\/li><li>asennetaan yhteis\u00f6ohjelma varatulle palvelimelle<ul><li><a rel=\"noreferrer noopener\" aria-label=\"TIKI (avautuu uudessa v\u00e4lilehdess\u00e4)\" href=\"https:\/\/tiki.org\/\" target=\"_blank\">TIKI<\/a><\/li><li><a rel=\"noreferrer noopener\" aria-label=\"MOODLE (avautuu uudessa v\u00e4lilehdess\u00e4)\" href=\"https:\/\/moodle.org\/\" target=\"_blank\">MOODLE<\/a><\/li><\/ul><\/li><li>m\u00e4\u00e4ritet\u00e4\u00e4n TIKI:n ja\/tai Moodlen perusasetukset, rakenne, menut ja toimintolohkot<\/li><li>opastetaan ja tuetaan k\u00e4yt\u00f6n aloitus<\/li><li><a href=\"https:\/\/digitila.fi\/WP\/digi-yhteiso\/\" target=\"_blank\" rel=\"noreferrer noopener\">DIGI Yhteis\u00f6<\/a><\/li><\/ul>\n\n\n\n<h3 class=\"wp-block-heading\">Yhteis\u00f6alustana Google Workspace<\/h3>\n\n\n\n<p><a rel=\"noreferrer noopener\" href=\"https:\/\/workspace.google.com\/\" target=\"_blank\"><strong>Google Workspace<\/strong><\/a> mahdollistaa laajan yhteisk\u00e4ytt\u00f6isen ja jaetun tietovaraston. Se sis\u00e4lt\u00e4\u00e4 my\u00f6s toimistoty\u00f6kalut tekstink\u00e4sittelyyn , jaettuun tiedostok\u00e4sittelyyn , taulukkolasketaan, esitysgrafiikkaan ja lomakkeisiin. Siihen sis\u00e4ltyy my\u00f6s s\u00e4hk\u00f6posti, kalenterit, sivuston tuotanto ja yll\u00e4pito, et\u00e4neuvottelu- ja viestint\u00e4ty\u00f6kalu ja paljon muita keskeisi\u00e4 ty\u00f6kaluja mit\u00e4 tarvitan verkostotoiminnassa. T\u00e4h\u00e4n on saatavissa Google Workspace perustamisen opastusta, k\u00e4ytt\u00f6\u00f6notto- ja suunnitteluapua.<\/p>\n\n\n\n<h3 class=\"wp-block-heading\">Vuorovaikutuksen ty\u00f6kaluna ZOOM<\/h3>\n\n\n\n<p><a href=\"https:\/\/zoom.us\/\" target=\"_blank\" rel=\"noreferrer noopener\" aria-label=\"ZOOM  (avautuu uudessa v\u00e4lilehdess\u00e4)\">ZOOM <\/a>videoneuvotteluohjelmisto mahdollistaa perinteisen video- ja \u00e4\u00e4niyhteyden lis\u00e4ksi my\u00f6s jaetun ty\u00f6p\u00f6yd\u00e4n, jossa kukin osallistuja voi jakaa oman tietokoneensa n\u00e4kymi\u00e4 ja sovellusten n\u00e4ytt\u00f6\u00e4 k\u00e4yt\u00f6st\u00e4 kaikille neuvotteluun, ty\u00f6pajatoimintaan tai yhteiskehityksen istuntoon osallistuville realiajassa. Ty\u00f6kalun k\u00e4ytt\u00f6\u00f6nottoon ja k\u00e4ytt\u00f6tapoihin on saatavista opastusta ja ohjausta.<\/p>\n\n\n\n<h3 class=\"wp-block-heading\">DIGI Toimintaymp\u00e4rist\u00f6n ja ty\u00f6kalujen  kartoitus<\/h3>\n\n\n\n<p>Best Practices \/ Benchmarking &#8211; Parhaat K\u00e4yt\u00e4nn\u00f6t \/ Vertailuanalyysi: Tuotetaan palveluna yhteis\u00f6llisten toimintaymp\u00e4rist\u00f6jen, yhteis\u00f6j\u00e4rjestelmien ja et\u00e4ty\u00f6n verkostoty\u00f6kalujen kartoitus ja soveltuvuusvertailu. L\u00e4ht\u00f6kohtana t\u00e4ss\u00e4 on asiakkaan toiminnolliset k\u00e4ytt\u00f6tarpeet ja vaatimukset.<\/p>\n\n\n\n<hr class=\"wp-block-separator has-css-opacity is-style-wide\"\/>\n\n\n\n<h3 class=\"wp-block-heading\">PALVELUT<\/h3>\n\n\n\n<ul><li><a rel=\"noreferrer noopener\" href=\"https:\/\/digitila.fi\/WP\/palvelutori\/\" target=\"_blank\">DIGI Palvelut<\/a><\/li><li><a rel=\"noreferrer noopener\" href=\"https:\/\/digitila.fi\/WP\/tyopaja\/\" target=\"_blank\">Digi PAJA<\/a><\/li><li><a rel=\"noreferrer noopener\" href=\"https:\/\/digitila.fi\/WP\/mentorointi\/\" target=\"_blank\">Mentorointi<\/a><\/li><li><a rel=\"noreferrer noopener\" href=\"https:\/\/digitila.fi\/WP\/oppimo\/\" target=\"_blank\">OPPIMO<\/a><\/li><li><a rel=\"noreferrer noopener\" href=\"https:\/\/digitila.fi\/WP\/digi-yhteiso\/\" target=\"_blank\">Digi YHTEIS\u00d6<\/a><\/li><\/ul>\n\n\n\n<hr class=\"wp-block-separator has-css-opacity is-style-wide\"\/>\n\n\n\n<p class=\"has-text-align-center\"><strong>contact:<\/strong> <a rel=\"noreferrer noopener\" href=\"https:\/\/digitila.fi\/WP\/taustalla\/\" target=\"_blank\">Matti Pyykk\u00f6nen<\/a>\u00a0 \u00a0 \u00a0 \u00a0 \u00a0 \u00a92022 <a rel=\"noreferrer noopener\" href=\"https:\/\/digitila.fi\/\" target=\"_blank\">DigiTILA<\/a><\/p>\n\n\n\n<p class=\"has-text-align-center\"><\/p>\n\n\n\n<p class=\"has-text-align-center\"><strong>Digitila Ventures Oy<\/strong><br>Y-tunnus: 3314664-7<\/p>\n\n\n\n<hr class=\"wp-block-separator has-css-opacity is-style-wide\"\/>\n","protected":false},"excerpt":{"rendered":"<p>YHTEIS\u00d6J\u00c4RJESTELM\u00c4N ASENNUS Oman WEB palvelun&nbsp;perustaminen varataan nettinimi ja m\u00e4\u00e4ritet\u00e4\u00e4n OmaNet.fi web-hotellista levytila ESIASENNETTUNA WORDPRESS asennetaan yhteis\u00f6ohjelma varatulle palvelimelle TIKI MOODLE m\u00e4\u00e4ritet\u00e4\u00e4n TIKI:n ja\/tai Moodlen perusasetukset, rakenne, menut ja toimintolohkot opastetaan ja tuetaan k\u00e4yt\u00f6n aloitus DIGI Yhteis\u00f6 Yhteis\u00f6alustana Google Workspace Google Workspace mahdollistaa laajan yhteisk\u00e4ytt\u00f6isen ja jaetun tietovaraston. Se sis\u00e4lt\u00e4\u00e4 my\u00f6s toimistoty\u00f6kalut tekstink\u00e4sittelyyn , jaettuun tiedostok\u00e4sittelyyn&hellip;<\/p>\n","protected":false},"author":1,"featured_media":0,"parent":0,"menu_order":0,"comment_status":"closed","ping_status":"closed","template":"","meta":{"footnotes":""},"_links":{"self":[{"href":"https:\/\/digitila.fi\/WP\/wp-json\/wp\/v2\/pages\/167"}],"collection":[{"href":"https:\/\/digitila.fi\/WP\/wp-json\/wp\/v2\/pages"}],"about":[{"href":"https:\/\/digitila.fi\/WP\/wp-json\/wp\/v2\/types\/page"}],"author":[{"embeddable":true,"href":"https:\/\/digitila.fi\/WP\/wp-json\/wp\/v2\/users\/1"}],"replies":[{"embeddable":true,"href":"https:\/\/digitila.fi\/WP\/wp-json\/wp\/v2\/comments?post=167"}],"version-history":[{"count":15,"href":"https:\/\/digitila.fi\/WP\/wp-json\/wp\/v2\/pages\/167\/revisions"}],"predecessor-version":[{"id":640,"href":"https:\/\/digitila.fi\/WP\/wp-json\/wp\/v2\/pages\/167\/revisions\/640"}],"wp:attachment":[{"href":"https:\/\/digitila.fi\/WP\/wp-json\/wp\/v2\/media?parent=167"}],"curies":[{"name":"wp","href":"https:\/\/api.w.org\/{rel}","templated":true}]}}