{"id":171,"date":"2020-05-29T16:59:08","date_gmt":"2020-05-29T18:59:08","guid":{"rendered":"http:\/\/digitila.fi\/WP\/?page_id=171"},"modified":"2022-12-29T08:59:15","modified_gmt":"2022-12-29T10:59:15","slug":"digi-yhteiso","status":"publish","type":"page","link":"https:\/\/digitila.fi\/WP\/digi-yhteiso","title":{"rendered":"DIGI Yhteis\u00f6"},"content":{"rendered":"\n<hr class=\"wp-block-separator has-css-opacity is-style-wide\"\/>\n\n\n\n<h4 class=\"wp-block-heading\">YHTEIS\u00d6TILA PALVELUTUOTTAJILLE, TIIMILLE JA YRITYKSILLE<\/h4>\n\n\n\n<ul>\n<li>Tarjoamme puitteikon ja ty\u00f6kalut teknologialiiketoiminnan kehitykseen<\/li>\n\n\n\n<li>Tuotamme palveluja ansainnan jalostukseen, palvelujen ja tuotteiden kehitt\u00e4miseen<\/li>\n\n\n\n<li>Organisoimme kumppanuus- ja toimijaverkoston muodostamalla kehitysyhteis\u00f6j\u00e4<\/li>\n<\/ul>\n\n\n\n<hr class=\"wp-block-separator has-css-opacity is-style-wide\"\/>\n\n\n\n<pre class=\"wp-block-preformatted\"><iframe loading=\"lazy\" src=\"https:\/\/omanet.fi\/\" width=\"640\" height=\"500\" marginheight=\"10px\" scrolling=\"yes\"><\/iframe><\/pre>\n\n\n\n<p>WEB Hotellipalvelu: <a href=\"https:\/\/omanet.fi\" target=\"_blank\" rel=\"noreferrer noopener\">OmaNET.fi<\/a><\/p>\n\n\n\n<hr class=\"wp-block-separator has-css-opacity is-style-wide\"\/>\n\n\n\n<h3 class=\"wp-block-heading\">YHTEIS\u00d6J\u00c4RJESTELM\u00c4N TOIMINTOJA<\/h3>\n\n\n\n<hr class=\"wp-block-separator has-css-opacity is-style-wide\"\/>\n\n\n\n<figure class=\"wp-block-gallery has-nested-images columns-2 is-cropped wp-block-gallery-1 is-layout-flex wp-block-gallery-is-layout-flex\">\n<figure class=\"wp-block-image size-full\"><img loading=\"lazy\" decoding=\"async\" width=\"1323\" height=\"992\" data-id=\"400\" src=\"https:\/\/digitila.fi\/WP\/wp-content\/uploads\/2020\/06\/tiki-2.png\" alt=\"\" class=\"wp-image-400\" srcset=\"https:\/\/digitila.fi\/WP\/wp-content\/uploads\/2020\/06\/tiki-2.png 1323w, https:\/\/digitila.fi\/WP\/wp-content\/uploads\/2020\/06\/tiki-2-300x225.png 300w, https:\/\/digitila.fi\/WP\/wp-content\/uploads\/2020\/06\/tiki-2-1024x768.png 1024w, https:\/\/digitila.fi\/WP\/wp-content\/uploads\/2020\/06\/tiki-2-768x576.png 768w, https:\/\/digitila.fi\/WP\/wp-content\/uploads\/2020\/06\/tiki-2-840x630.png 840w\" sizes=\"(max-width: 1323px) 100vw, 1323px\" \/><\/figure>\n\n\n\n<figure class=\"wp-block-image size-full\"><img loading=\"lazy\" decoding=\"async\" width=\"1323\" height=\"992\" data-id=\"401\" src=\"https:\/\/digitila.fi\/WP\/wp-content\/uploads\/2020\/06\/tiki-3.png\" alt=\"\" class=\"wp-image-401\" srcset=\"https:\/\/digitila.fi\/WP\/wp-content\/uploads\/2020\/06\/tiki-3.png 1323w, https:\/\/digitila.fi\/WP\/wp-content\/uploads\/2020\/06\/tiki-3-300x225.png 300w, https:\/\/digitila.fi\/WP\/wp-content\/uploads\/2020\/06\/tiki-3-1024x768.png 1024w, https:\/\/digitila.fi\/WP\/wp-content\/uploads\/2020\/06\/tiki-3-768x576.png 768w, https:\/\/digitila.fi\/WP\/wp-content\/uploads\/2020\/06\/tiki-3-840x630.png 840w\" sizes=\"(max-width: 1323px) 100vw, 1323px\" \/><\/figure>\n\n\n\n<figure class=\"wp-block-image size-full\"><img loading=\"lazy\" decoding=\"async\" width=\"1323\" height=\"992\" data-id=\"402\" src=\"https:\/\/digitila.fi\/WP\/wp-content\/uploads\/2020\/06\/tiki-4-1.png\" alt=\"\" class=\"wp-image-402\" srcset=\"https:\/\/digitila.fi\/WP\/wp-content\/uploads\/2020\/06\/tiki-4-1.png 1323w, https:\/\/digitila.fi\/WP\/wp-content\/uploads\/2020\/06\/tiki-4-1-300x225.png 300w, https:\/\/digitila.fi\/WP\/wp-content\/uploads\/2020\/06\/tiki-4-1-1024x768.png 1024w, https:\/\/digitila.fi\/WP\/wp-content\/uploads\/2020\/06\/tiki-4-1-768x576.png 768w, https:\/\/digitila.fi\/WP\/wp-content\/uploads\/2020\/06\/tiki-4-1-840x630.png 840w\" sizes=\"(max-width: 1323px) 100vw, 1323px\" \/><\/figure>\n\n\n\n<figure class=\"wp-block-image size-full\"><img loading=\"lazy\" decoding=\"async\" width=\"1323\" height=\"992\" data-id=\"399\" src=\"https:\/\/digitila.fi\/WP\/wp-content\/uploads\/2020\/06\/tiki-1.png\" alt=\"\" class=\"wp-image-399\" srcset=\"https:\/\/digitila.fi\/WP\/wp-content\/uploads\/2020\/06\/tiki-1.png 1323w, https:\/\/digitila.fi\/WP\/wp-content\/uploads\/2020\/06\/tiki-1-300x225.png 300w, https:\/\/digitila.fi\/WP\/wp-content\/uploads\/2020\/06\/tiki-1-1024x768.png 1024w, https:\/\/digitila.fi\/WP\/wp-content\/uploads\/2020\/06\/tiki-1-768x576.png 768w, https:\/\/digitila.fi\/WP\/wp-content\/uploads\/2020\/06\/tiki-1-840x630.png 840w\" sizes=\"(max-width: 1323px) 100vw, 1323px\" \/><\/figure>\n\n\n\n<figure class=\"wp-block-image size-full\"><img loading=\"lazy\" decoding=\"async\" width=\"1323\" height=\"992\" data-id=\"403\" src=\"https:\/\/digitila.fi\/WP\/wp-content\/uploads\/2020\/06\/tiki-5.png\" alt=\"\" class=\"wp-image-403\" srcset=\"https:\/\/digitila.fi\/WP\/wp-content\/uploads\/2020\/06\/tiki-5.png 1323w, https:\/\/digitila.fi\/WP\/wp-content\/uploads\/2020\/06\/tiki-5-300x225.png 300w, https:\/\/digitila.fi\/WP\/wp-content\/uploads\/2020\/06\/tiki-5-1024x768.png 1024w, https:\/\/digitila.fi\/WP\/wp-content\/uploads\/2020\/06\/tiki-5-768x576.png 768w, https:\/\/digitila.fi\/WP\/wp-content\/uploads\/2020\/06\/tiki-5-840x630.png 840w\" sizes=\"(max-width: 1323px) 100vw, 1323px\" \/><\/figure>\n\n\n\n<figure class=\"wp-block-image size-full\"><img loading=\"lazy\" decoding=\"async\" width=\"1323\" height=\"992\" data-id=\"404\" src=\"https:\/\/digitila.fi\/WP\/wp-content\/uploads\/2020\/06\/tiki-6.png\" alt=\"\" class=\"wp-image-404\" srcset=\"https:\/\/digitila.fi\/WP\/wp-content\/uploads\/2020\/06\/tiki-6.png 1323w, https:\/\/digitila.fi\/WP\/wp-content\/uploads\/2020\/06\/tiki-6-300x225.png 300w, https:\/\/digitila.fi\/WP\/wp-content\/uploads\/2020\/06\/tiki-6-1024x768.png 1024w, https:\/\/digitila.fi\/WP\/wp-content\/uploads\/2020\/06\/tiki-6-768x576.png 768w, https:\/\/digitila.fi\/WP\/wp-content\/uploads\/2020\/06\/tiki-6-840x630.png 840w\" sizes=\"(max-width: 1323px) 100vw, 1323px\" \/><\/figure>\n<\/figure>\n\n\n\n<p>TIKI &#8211; <a href=\"https:\/\/audiogis.com\/tiki\/tiki-index.php\" data-type=\"URL\" data-id=\"https:\/\/audiogis.com\/tiki\/tiki-index.php\" target=\"_blank\" rel=\"noreferrer noopener\">Avoimen koodin yhteis\u00f6alusta<\/a><\/p>\n\n\n\n<p><\/p>\n\n\n\n<hr class=\"wp-block-separator has-css-opacity is-style-wide\"\/>\n\n\n\n<h3 class=\"wp-block-heading\">PALVELUT<\/h3>\n\n\n<ul>\n<li><a href=\"https:\/\/digitila.fi\/WP\/palvelutori\/\" target=\"_blank\" rel=\"noreferrer noopener\">DIGI Palvelu<\/a><\/li>\n<li><a href=\"https:\/\/digitila.fi\/WP\/tyopaja\/\" target=\"_blank\" rel=\"noreferrer noopener\">Digi PAJA<\/a><\/li>\n<li><a href=\"https:\/\/digitila.fi\/WP\/mentorointi\/\" target=\"_blank\" rel=\"noreferrer noopener\">Mentorointi<\/a><\/li>\n<li><a href=\"https:\/\/digitila.fi\/WP\/oppimo\/\" target=\"_blank\" rel=\"noreferrer noopener\">OPPIMO<\/a><\/li>\n<li><a href=\"https:\/\/digitila.fi\/WP\/digi-yhteiso\/\" target=\"_blank\" rel=\"noreferrer noopener\">Yhteis\u00f6j\u00e4rjestelm\u00e4<\/a><\/li>\n<\/ul>\n\n\n<hr class=\"wp-block-separator has-css-opacity is-style-wide\"\/>\n\n\n\n<hr class=\"wp-block-separator has-alpha-channel-opacity\"\/>\n\n\n\n<p class=\"has-text-align-center\"><strong>contact:<\/strong> <a href=\"https:\/\/digitila.fi\/WP\/taustalla\/\">Matti Pyykk\u00f6nen<\/a>&nbsp;\u00a92022 <a rel=\"noopener noreferrer\" href=\"https:\/\/digitila.fi\/\" target=\"_blank\">DigiTILA<\/a><\/p>\n\n\n\n<p class=\"has-text-align-center\">Digitila Ventures Oy<br>Y-tunnus: 3314664-7<\/p>\n","protected":false},"excerpt":{"rendered":"<p>YHTEIS\u00d6TILA PALVELUTUOTTAJILLE, TIIMILLE JA YRITYKSILLE WEB Hotellipalvelu: OmaNET.fi YHTEIS\u00d6J\u00c4RJESTELM\u00c4N TOIMINTOJA TIKI &#8211; Avoimen koodin yhteis\u00f6alusta PALVELUT DIGI Palvelu Digi PAJA Mentorointi OPPIMO Yhteis\u00f6j\u00e4rjestelm\u00e4 contact: Matti Pyykk\u00f6nen&nbsp;\u00a92022 DigiTILA Digitila Ventures OyY-tunnus: 3314664-7<\/p>\n","protected":false},"author":1,"featured_media":0,"parent":0,"menu_order":0,"comment_status":"closed","ping_status":"closed","template":"","meta":{"footnotes":""},"_links":{"self":[{"href":"https:\/\/digitila.fi\/WP\/wp-json\/wp\/v2\/pages\/171"}],"collection":[{"href":"https:\/\/digitila.fi\/WP\/wp-json\/wp\/v2\/pages"}],"about":[{"href":"https:\/\/digitila.fi\/WP\/wp-json\/wp\/v2\/types\/page"}],"author":[{"embeddable":true,"href":"https:\/\/digitila.fi\/WP\/wp-json\/wp\/v2\/users\/1"}],"replies":[{"embeddable":true,"href":"https:\/\/digitila.fi\/WP\/wp-json\/wp\/v2\/comments?post=171"}],"version-history":[{"count":25,"href":"https:\/\/digitila.fi\/WP\/wp-json\/wp\/v2\/pages\/171\/revisions"}],"predecessor-version":[{"id":728,"href":"https:\/\/digitila.fi\/WP\/wp-json\/wp\/v2\/pages\/171\/revisions\/728"}],"wp:attachment":[{"href":"https:\/\/digitila.fi\/WP\/wp-json\/wp\/v2\/media?parent=171"}],"curies":[{"name":"wp","href":"https:\/\/api.w.org\/{rel}","templated":true}]}}