{"id":173,"date":"2020-05-29T17:01:30","date_gmt":"2020-05-29T19:01:30","guid":{"rendered":"http:\/\/digitila.fi\/WP\/?page_id=173"},"modified":"2026-04-15T07:28:37","modified_gmt":"2026-04-15T09:28:37","slug":"aloita-com","status":"publish","type":"page","link":"https:\/\/digitila.fi\/WP\/","title":{"rendered":"Mist\u00e4 on kysymys?"},"content":{"rendered":"\n<hr class=\"wp-block-separator has-alpha-channel-opacity\"\/>\n\n\n\n<h3 class=\"wp-block-heading\" id=\"There_s_not_a_single_business_model_-_There_are_really_a_lot_of_opportunities_and_a_lot_of_options_and_we_just_have_to_discover_all_of_them._\">\u201cThere\u2019s not a single business model &#8211; There are really a lot of opportunities and a lot of options and we just have to discover all of them.\u201d<\/h3>\n\n\n\n<h2 class=\"wp-block-heading\" id=\"Tim_O_Reilly_CEO_O_Reilly\">Tim O\u2019Reilly, CEO, O\u2019Reilly<\/h2>\n\n\n\n<hr class=\"wp-block-separator has-alpha-channel-opacity\"\/>\n\n\n\n<p><strong>Digitila Ventures Oy on<\/strong> <em>digitalisaatioon<\/em> <strong>ratkaisuja<\/strong> ja <em>yrityskehitykseen<\/em> <strong>palveluja<\/strong> tuottava innovatiivinen asiantuntijayritys, <strong>erityisesti digitalisaatioon kohdentuvien liiketoimintojen kehitysyhti\u00f6<\/strong>.<\/p>\n\n\n\n<h2 class=\"wp-block-heading\">Digitila Ventures Oy:n toimintamalli: <a href=\"https:\/\/digitila.fi\/WP\/venture-studio\" data-type=\"page\" data-id=\"780\" target=\"_blank\" rel=\"noreferrer noopener\">Venture Studio<\/a><\/h2>\n\n\n\n<hr class=\"wp-block-separator has-alpha-channel-opacity\"\/>\n\n\n\n<p class=\"has-larger-font-size\"><strong>AI palvelualusta kehitteill\u00e4:<\/strong> <code><a href=\"https:\/\/www.maxai.me\/?via=digitila\" target=\"_blank\" rel=\"noreferrer noopener\">https:\/\/www.maxai.me\/?via=digitila<\/a><\/code><\/p>\n\n\n\n<hr class=\"wp-block-separator has-alpha-channel-opacity\"\/>\n\n\n\n<p>Kehittymispolku yrityksen rakentamiseen ja rahoittamiseen tulevaksi kasvuyritykseksi: <\/p>\n\n\n\n<ul>\n<li>keksit\u00e4\u00e4n idea, <\/li>\n\n\n\n<li>muodostaan tiimi jalostamaan ideaa, <\/li>\n\n\n\n<li>aletaan testaamaan minimaalisia mutta elinkelpoisia tuotteita ja palveluja, <\/li>\n\n\n\n<li>ker\u00e4t\u00e4\u00e4n alkurahoitusta, <\/li>\n\n\n\n<li>hankitaan riskip\u00e4\u00e4omaa kasvuun.<\/li>\n<\/ul>\n\n\n\n<p>Venture Studio luo startup-yrityksi\u00e4 hautomalla omia ideoitaan tai kumppaneiden tuottamia ideoita. Studion sis\u00e4inen tiimi rakentaa ensin pienimm\u00e4n elinkelpoisen tuotteen\/palvelun ja validoi sitten idean etsim\u00e4ll\u00e4 tuotteen\/markkinoille sopivat ja varhaiset asiakkaat. Jos idea l\u00e4p\u00e4isee sarjan &#8221;Go\/No Go&#8221; -p\u00e4\u00e4t\u00f6ksi\u00e4, jotka perustuvat asiakkaiden l\u00f6yt\u00e4misen ja validoinnin virstanpylv\u00e4isiin, studio rekrytoi yritt\u00e4j\u00e4henkisi\u00e4 perustajia johtamaan ja laajentamaan n\u00e4it\u00e4 startupeja elinkelpoisiksi kasvuyrityksiksi.<\/p>\n\n\n\n<hr class=\"wp-block-separator has-alpha-channel-opacity\"\/>\n\n\n\n<h1 class=\"wp-block-heading has-text-align-left has-larger-font-size\"><mark style=\"background-color:rgba(0, 0, 0, 0)\" class=\"has-inline-color has-vivid-purple-color\">DIGITILA VENTURES OY <\/mark><\/h1>\n\n\n\n<p><strong>TUTUSTU:<\/strong> <a href=\"https:\/\/audiogis.com\/tiki\/\" target=\"_blank\" rel=\"noreferrer noopener\">DigiTILA &#8211; Open Business Forum<\/a><\/p>\n\n\n\n<ul>\n<li>Yhteis\u00f6j\u00e4rjestelm\u00e4: Portfolio &#8211; Business &#8211; Team<\/li>\n<\/ul>\n\n\n\n<p><strong>AI palvelualusta kehitteill\u00e4:<\/strong> <code><a href=\"https:\/\/www.maxai.me\/?via=digitila\" target=\"_blank\" rel=\"noreferrer noopener\">https:\/\/www.maxai.me\/?via=digitila<\/a><\/code><\/p>\n\n\n\n<hr class=\"wp-block-separator has-alpha-channel-opacity\"\/>\n\n\n\n<h2 class=\"wp-block-heading\">Husqtec Oy<\/h2>\n\n\n\n<ul>\n<li><a href=\"https:\/\/husqtec.fi\" target=\"_blank\" rel=\"noreferrer noopener\"><strong>Husqtec Oy<\/strong><\/a>; husqtec.fi<\/li>\n<\/ul>\n\n\n\n<p>Husqtec Oy on 2023 alussa perustettu, mobiileja, liikuteltavia johtamispaikkoja kehitt\u00e4v\u00e4 startup yritys. <\/p>\n\n\n\n<p><strong>H<\/strong>us<strong>Qt<\/strong>ec lyhenne kuvaa toiminnan ydint\u00e4&nbsp;<em><mark style=\"background-color:rgba(0, 0, 0, 0)\" class=\"has-inline-color has-vivid-purple-color\"><strong>HQ -technology for us<\/strong><\/mark><\/em><\/p>\n\n\n\n<p class=\"has-regular-font-size\">HQ = headquarter: suom.&nbsp;<em>p\u00e4\u00e4maja<\/em>,&nbsp;<em>johtamispaikka<\/em>,&nbsp;<em>perustaa p\u00e4\u00e4maja<\/em><br>Vapaasti suomennettuna t\u00e4m\u00e4 tarkoittaa &#8221;<em>p\u00e4\u00e4majatekniikkaa meille<\/em>&#8221; tai &#8221;<em>johtamisteknikkaa&nbsp;meille<\/em>&#8221;<\/p>\n\n\n\n<hr class=\"wp-block-separator has-alpha-channel-opacity\"\/>\n\n\n\n<h3 class=\"wp-block-heading\">Digitila Ventures PALVELUT<\/h3>\n\n\n\n<p>Palveluna tuotamme konseptointia, kehitysty\u00f6t\u00e4, mentorointia, valmennusta ja palvelua yhteis\u00f6alustan toiminnan kehitykseen. Autamme uusia kasvuun suuntaavia startup yrityksi\u00e4 toiminnan alkuun. Tarjoamme palveluja osaamisten tunnistamiseen, kehitt\u00e4miseen ja tiimien koostamiseen.<\/p>\n\n\n\n<hr class=\"wp-block-separator has-alpha-channel-opacity\"\/>\n\n\n\n<p><strong>AI palvelualusta kehitteill\u00e4:<\/strong> <code><a href=\"https:\/\/www.maxai.me\/?via=digitila\" target=\"_blank\" rel=\"noreferrer noopener\">https:\/\/www.maxai.me\/?via=digitila<\/a><\/code><\/p>\n\n\n\n<hr class=\"wp-block-separator has-alpha-channel-opacity\"\/>\n\n\n\n<h2 class=\"wp-block-heading\">ARTIKKELIT<\/h2>\n\n\n\n<p>Innovaatiotoimintaan, osaamisten hallintaan, bisnesmallin kehittelyyn ja tiimitoimintaan liittyvi\u00e4 artikkelilinkkej\u00e4 l\u00f6ytyy erilliselt\u00e4 <a href=\"https:\/\/digitila.fi\/WP\/artikkelit-2021-2022\" target=\"_blank\" rel=\"noreferrer noopener\"><strong>ARTIKKELIT<\/strong><\/a> sivulta.<\/p>\n\n\n\n<p class=\"has-regular-font-size\">Usimmat, kes\u00e4ll\u00e4 2023 (<a href=\"https:\/\/ahfe.org\/files\/AHFE2023_FinalProgram.pdf\" target=\"_blank\" rel=\"noreferrer noopener\">AHFE2023<\/a>\/SanFrancisco) julkaistut artikkelit ovat englanninkielisi\u00e4<\/p>\n\n\n\n<p class=\"has-regular-font-size\"><strong>AHFE Open Access<\/strong><\/p>\n\n\n\n<p class=\"has-small-font-size\">Accelerating Open Access Science in Human Factors Engineering and Human-Centered Computing<\/p>\n\n\n\n<p class=\"has-small-font-size\"><em><strong><a href=\"https:\/\/openaccess.cms-conferences.org\/\" target=\"_blank\" rel=\"noreferrer noopener\">AHFE Open Access is an Emerging Science &amp; Engineering pioneer in scholarly open access publishing supporting academic communities worldwide<\/a><\/strong><\/em><\/p>\n\n\n\n<hr class=\"wp-block-separator has-alpha-channel-opacity\"\/>\n\n\n\n<figure class=\"wp-block-image size-large\"><a href=\"https:\/\/digitila.fi\/WP\/wp-content\/uploads\/2023\/08\/7-stages.png\"><img loading=\"lazy\" decoding=\"async\" width=\"1024\" height=\"576\" src=\"https:\/\/digitila.fi\/WP\/wp-content\/uploads\/2023\/08\/7-stages-1024x576.png\" alt=\"\" class=\"wp-image-757\" srcset=\"https:\/\/digitila.fi\/WP\/wp-content\/uploads\/2023\/08\/7-stages-1024x576.png 1024w, https:\/\/digitila.fi\/WP\/wp-content\/uploads\/2023\/08\/7-stages-300x169.png 300w, https:\/\/digitila.fi\/WP\/wp-content\/uploads\/2023\/08\/7-stages-768x432.png 768w, https:\/\/digitila.fi\/WP\/wp-content\/uploads\/2023\/08\/7-stages-1536x864.png 1536w, https:\/\/digitila.fi\/WP\/wp-content\/uploads\/2023\/08\/7-stages-840x473.png 840w, https:\/\/digitila.fi\/WP\/wp-content\/uploads\/2023\/08\/7-stages.png 1920w\" sizes=\"(max-width: 1024px) 100vw, 1024px\" \/><\/a><figcaption class=\"wp-element-caption\">T\u00e4m\u00e4 7-jaksoinen innovaatioprosessin malli toimii viitekehyksen\u00e4 molemmissa artikkeleissa<\/figcaption><\/figure>\n\n\n\n<ul>\n<li><a rel=\"noreferrer noopener\" href=\"https:\/\/openaccess.cms-conferences.org\/publications\/book\/978-1-958651-73-5\/article\/978-1-958651-73-5_8\" target=\"_blank\">Human Factors in Managing Strategic Funnels of Innovation<\/a><\/li>\n\n\n\n<li><a rel=\"noreferrer noopener\" href=\"https:\/\/openaccess.cms-conferences.org\/publications\/book\/978-1-958651-73-5\/article\/978-1-958651-73-5_7\" target=\"_blank\">Spiral Innovation Automation and Team Cohesion<\/a><\/li>\n<\/ul>\n\n\n\n<hr class=\"wp-block-separator has-alpha-channel-opacity\"\/>\n\n\n\n<h2 class=\"wp-block-heading\">Innovaatioprosessin malli<\/h2>\n\n\n\n<figure class=\"wp-block-image size-large is-resized\"><a href=\"https:\/\/digitila.fi\/WP\/wp-content\/uploads\/2023\/03\/iProsessi_2023-03-01.jpg\" target=\"_blank\" rel=\"noreferrer noopener\"><img loading=\"lazy\" decoding=\"async\" width=\"1024\" height=\"576\" src=\"https:\/\/digitila.fi\/WP\/wp-content\/uploads\/2023\/03\/iProsessi_2023-03-01-1024x576.jpg\" alt=\"\" class=\"wp-image-731\" style=\"width:741px;height:417px\" srcset=\"https:\/\/digitila.fi\/WP\/wp-content\/uploads\/2023\/03\/iProsessi_2023-03-01-1024x576.jpg 1024w, https:\/\/digitila.fi\/WP\/wp-content\/uploads\/2023\/03\/iProsessi_2023-03-01-300x169.jpg 300w, https:\/\/digitila.fi\/WP\/wp-content\/uploads\/2023\/03\/iProsessi_2023-03-01-768x432.jpg 768w, https:\/\/digitila.fi\/WP\/wp-content\/uploads\/2023\/03\/iProsessi_2023-03-01-1536x864.jpg 1536w, https:\/\/digitila.fi\/WP\/wp-content\/uploads\/2023\/03\/iProsessi_2023-03-01-840x473.jpg 840w, https:\/\/digitila.fi\/WP\/wp-content\/uploads\/2023\/03\/iProsessi_2023-03-01.jpg 1920w\" sizes=\"(max-width: 1024px) 100vw, 1024px\" \/><\/a><figcaption class=\"wp-element-caption\"><strong>Ideasta innovaatioon ja innovaatiosta liiketoimintaan<\/strong><\/figcaption><\/figure>\n\n\n\n<hr class=\"wp-block-separator has-alpha-channel-opacity\"\/>\n\n\n\n<p><strong>AI palvelualusta kehitteill\u00e4:<\/strong> <code><a href=\"https:\/\/www.maxai.me\/?via=digitila\" target=\"_blank\" rel=\"noreferrer noopener\">https:\/\/www.maxai.me\/?via=digitila<\/a><\/code><\/p>\n\n\n\n<hr class=\"wp-block-separator has-alpha-channel-opacity\"\/>\n\n\n\n<h3 class=\"wp-block-heading\">YRITYSKEHITYS: Valmistelut ennen aloitusta<\/h3>\n\n\n\n<ul>\n<li><strong>Tuemme<\/strong> ideointia ja keksinn\u00f6llisten ratkaisujen jalostamista arvoa luoviksi innovaatioiksi<\/li>\n\n\n\n<li><strong>Tutkimme<\/strong>, m\u00e4\u00e4rittelemme, suunnittelemme ja dokumentoimme k\u00e4yt\u00e4nt\u00f6\u00f6n soveltuvia ratkaisuja alkavan liiketoiminnan perustaksi<\/li>\n\n\n\n<li><strong>Ohjaamme<\/strong> <a rel=\"noopener noreferrer\" href=\"https:\/\/digitila.fi\/WP\/business-canvas\" target=\"_blank\">liiketoimintamallien<\/a> ja <a rel=\"noopener noreferrer\" href=\"https:\/\/digitila.fi\/WP\/ansainnan-jalostaminen\" target=\"_blank\">ansaintamahdollisuuksien<\/a> m\u00e4\u00e4rityst\u00e4<\/li>\n\n\n\n<li><strong>Autamme<\/strong> konseptoimaan tuottet, palvelut ja liiketoiminnan mallit esittelykelpoisiksi<\/li>\n<\/ul>\n\n\n\n<p>Ks.&nbsp;<a href=\"https:\/\/digitila.fi\/WP\/mentorointi\/\" target=\"_blank\" rel=\"noopener noreferrer\">VALMENNUS<\/a><\/p>\n\n\n\n<hr class=\"wp-block-separator has-alpha-channel-opacity\"\/>\n\n\n\n<figure class=\"wp-block-image size-large\"><a href=\"https:\/\/digitila.fi\/WP\/wp-content\/uploads\/2023\/03\/Startup_kehitys.jpg\" target=\"_blank\" rel=\"noreferrer noopener\"><img loading=\"lazy\" decoding=\"async\" width=\"1024\" height=\"576\" src=\"https:\/\/digitila.fi\/WP\/wp-content\/uploads\/2023\/03\/Startup_kehitys-1024x576.jpg\" alt=\"\" class=\"wp-image-734\" srcset=\"https:\/\/digitila.fi\/WP\/wp-content\/uploads\/2023\/03\/Startup_kehitys-1024x576.jpg 1024w, https:\/\/digitila.fi\/WP\/wp-content\/uploads\/2023\/03\/Startup_kehitys-300x169.jpg 300w, https:\/\/digitila.fi\/WP\/wp-content\/uploads\/2023\/03\/Startup_kehitys-768x432.jpg 768w, https:\/\/digitila.fi\/WP\/wp-content\/uploads\/2023\/03\/Startup_kehitys-1536x864.jpg 1536w, https:\/\/digitila.fi\/WP\/wp-content\/uploads\/2023\/03\/Startup_kehitys-840x473.jpg 840w, https:\/\/digitila.fi\/WP\/wp-content\/uploads\/2023\/03\/Startup_kehitys.jpg 1920w\" sizes=\"(max-width: 1024px) 100vw, 1024px\" \/><\/a><figcaption class=\"wp-element-caption\">Innovaatiol\u00e4ht\u00f6isen startup -yrityksen liiketoiminnan kehitys osaamisten ja kyvykkyyksien pohjalta<\/figcaption><\/figure>\n\n\n\n<hr class=\"wp-block-separator has-alpha-channel-opacity\"\/>\n\n\n\n<p><strong>AI palvelualusta kehitteill\u00e4:<\/strong> <code><a href=\"https:\/\/www.maxai.me\/?via=digitila\" target=\"_blank\" rel=\"noreferrer noopener\">https:\/\/www.maxai.me\/?via=digitila<\/a><\/code><\/p>\n\n\n\n<hr class=\"wp-block-separator has-alpha-channel-opacity\"\/>\n\n\n\n<h3 class=\"wp-block-heading\">Startup: Liiketoiminnan ja ansainnan mallit<\/h3>\n\n\n\n<ul>\n<li>Kartoitamme osaamisten ja resurssien tarpeet<\/li>\n\n\n\n<li>Selvit\u00e4mme ansainnan ja liiketoiminnan mahdollisuudet<\/li>\n\n\n\n<li>Liiketoiminnan malli Business Model Canvas t\u00e4smennet\u00e4\u00e4n toteutuskuntoon<\/li>\n\n\n\n<li>Tuotamme esittelyaineistoja yritystoimintaa valmisteleville<\/li>\n<\/ul>\n\n\n\n<hr class=\"wp-block-separator has-alpha-channel-opacity\"\/>\n\n\n\n<h3 class=\"wp-block-heading\"><span style=\"color: #000080;\">Yhteis\u00f6j\u00e4rjestelm\u00e4<\/span><\/h3>\n\n\n\n<ul>\n<li>Tarjoamme kehitystiimeille ja kehittyville liiketoiminnoille tietoteknisen toiminta-alustan<\/li>\n<\/ul>\n\n\n\n<p><strong>AI palvelualusta kehitteill\u00e4:<\/strong> <code><a href=\"https:\/\/www.maxai.me\/?via=digitila\" target=\"_blank\" rel=\"noreferrer noopener\">https:\/\/www.maxai.me\/?via=digitila<\/a><\/code><\/p>\n\n\n\n<hr class=\"wp-block-separator has-alpha-channel-opacity\"\/>\n\n\n\n<h2 class=\"wp-block-heading\"><strong>ESITTELYSIVUT<\/strong><\/h2>\n\n\n\n<ul>\n<li><a rel=\"noopener noreferrer\" href=\"https:\/\/digitila.fi\/WP\/palvelutori\/\" target=\"_blank\">DIGI Palvelu<\/a><\/li>\n\n\n\n<li><span style=\"color: #0000ff;\"><a rel=\"noopener noreferrer\" href=\"https:\/\/digitila.fi\/WP\/tyopaja\/\" target=\"_blank\">Digi PAJA<\/a><\/span><\/li>\n\n\n\n<li><a rel=\"noopener noreferrer\" href=\"https:\/\/digitila.fi\/WP\/mentorointi\/\" target=\"_blank\">Mentorointi<\/a><\/li>\n\n\n\n<li><span style=\"color: #0000ff;\"><a rel=\"noopener noreferrer\" href=\"https:\/\/digitila.fi\/WP\/oppimo\/\" target=\"_blank\">OPPIMO<\/a><\/span><\/li>\n\n\n\n<li><span style=\"color: #0000ff;\"><a rel=\"noopener noreferrer\" href=\"https:\/\/digitila.fi\/WP\/digi-yhteiso\/\" target=\"_blank\">Yhteis\u00f6j\u00e4rjestelm\u00e4<\/a><\/span><\/li>\n<\/ul>\n\n\n\n<hr class=\"wp-block-separator has-alpha-channel-opacity\"\/>\n\n\n\n<p class=\"has-text-align-center\"><strong>contact:<\/strong> <a href=\"https:\/\/digitila.fi\/WP\/taustalla\/\" target=\"_blank\" rel=\"noreferrer noopener\">Matti Pyykk\u00f6nen<\/a>&nbsp;\u00a92024 <a href=\"https:\/\/digitila.fi\/\" target=\"_blank\" rel=\"noopener noreferrer\">DigiTILA<\/a><\/p>\n\n\n\n<p class=\"has-text-align-center\">Digitila Ventures Oy<br>Y-tunnus: 3314664-7<\/p>\n\n\n\n<hr class=\"wp-block-separator has-alpha-channel-opacity\"\/>\n\n\n\n<p class=\"has-text-align-center\">&nbsp;<\/p>\n","protected":false},"excerpt":{"rendered":"<p>\u201cThere\u2019s not a single business model &#8211; There are really a lot of opportunities and a lot of options and we just have to discover all of them.\u201d Tim O\u2019Reilly, CEO, O\u2019Reilly Digitila Ventures Oy on digitalisaatioon ratkaisuja ja yrityskehitykseen palveluja tuottava innovatiivinen asiantuntijayritys, erityisesti digitalisaatioon kohdentuvien liiketoimintojen kehitysyhti\u00f6. Digitila Ventures Oy:n toimintamalli: Venture Studio&hellip;<\/p>\n","protected":false},"author":1,"featured_media":0,"parent":0,"menu_order":0,"comment_status":"closed","ping_status":"closed","template":"","meta":{"footnotes":""},"_links":{"self":[{"href":"https:\/\/digitila.fi\/WP\/wp-json\/wp\/v2\/pages\/173"}],"collection":[{"href":"https:\/\/digitila.fi\/WP\/wp-json\/wp\/v2\/pages"}],"about":[{"href":"https:\/\/digitila.fi\/WP\/wp-json\/wp\/v2\/types\/page"}],"author":[{"embeddable":true,"href":"https:\/\/digitila.fi\/WP\/wp-json\/wp\/v2\/users\/1"}],"replies":[{"embeddable":true,"href":"https:\/\/digitila.fi\/WP\/wp-json\/wp\/v2\/comments?post=173"}],"version-history":[{"count":44,"href":"https:\/\/digitila.fi\/WP\/wp-json\/wp\/v2\/pages\/173\/revisions"}],"predecessor-version":[{"id":820,"href":"https:\/\/digitila.fi\/WP\/wp-json\/wp\/v2\/pages\/173\/revisions\/820"}],"wp:attachment":[{"href":"https:\/\/digitila.fi\/WP\/wp-json\/wp\/v2\/media?parent=173"}],"curies":[{"name":"wp","href":"https:\/\/api.w.org\/{rel}","templated":true}]}}