{"id":181,"date":"2020-05-29T17:13:41","date_gmt":"2020-05-29T19:13:41","guid":{"rendered":"http:\/\/digitila.fi\/WP\/?page_id=181"},"modified":"2022-11-06T17:15:30","modified_gmt":"2022-11-06T19:15:30","slug":"miksi","status":"publish","type":"page","link":"https:\/\/digitila.fi\/WP\/miksi","title":{"rendered":"Miksi?"},"content":{"rendered":"\n<h2 class=\"wp-block-heading\">INSPIRAATIOSTA OIVALLUKSEEN<\/h2>\n\n\n\n<h4 class=\"wp-block-heading\">VERKOSSA ON BISNEST\u00c4<\/h4>\n\n\n\n<hr class=\"wp-block-separator has-css-opacity\"\/>\n\n\n\n<p>Et\u00e4ty\u00f6 ja siihen liittyv\u00e4 voimakkaasti teknologiakeskeinen toimintamalli on tullut useille ihmisille tutuksi viimeaikoina. Nyt kun on opittu t\u00e4m\u00e4 viestint\u00e4- ja kommunikaatiotekniikan hy\u00f6dynt\u00e4minen jokap\u00e4iv\u00e4isiss\u00e4 tekemisiss\u00e4, on paikallaan selvitt\u00e4\u00e4, miten toimitaan jatkossa.<\/p>\n\n\n\n<p>Kannattaakin kysy\u00e4 itselt\u00e4\u00e4n:<\/p>\n\n\n\n<ul><li>Onko MINULLE mahdollista tuottaa ansaintaa kotoa k\u00e4sin, ajasta ja paikasta riippumatta?<\/li><li>MIT\u00c4 osaamista ja erityistaitoja minulla on, jolla voin luoda ARVOA muille?<\/li><li>VOINKO LUODA ANSAINTAA hy\u00f6dynt\u00e4m\u00e4ll\u00e4 osaamistani ja tekniikkaa omassa ty\u00f6ss\u00e4ni?<\/li><li>ONKO MINULLA siihen erityisesti soveluvia toiminta- ja palveluideoita?<\/li><li>HALUANKO rakentaa itsen\u00e4isen ansainnan ja toimeentulon mallin?<\/li><\/ul>\n\n\n\n<p>Tietotekniikka ja maailmanlaajuinen verkko, INTERNET tarjoaa mahdollisuuden nopeasti kehittyv\u00e4\u00e4n uuteen liiketoimintaan ja markkinakentt\u00e4 on alusta asti globaali.<\/p>\n\n\n\n<p>Mik\u00e4li omaa riitt\u00e4v\u00e4n kielitaidon, voi rakentaa oman henkil\u00f6kohtaisen kansainv\u00e4lisen kumppanuus- ja asiakkusverkoston ja tuottaa omaan osaamistaustaansa pohjautuvaa palvelua Suomen lis\u00e4ksi my\u00f6s muualle maailmaan.<\/p>\n\n\n\n<p>Keksinn\u00f6t, innovaatiot ja ansainnan mallitkin ovat yksitt\u00e4isten ihmisten tekemi\u00e4, eiv\u00e4t organisaatioiden ja yritysten. Ohjelmistoinnovaatioiden ja niiden perustana olevien ideoiden suojaaminen on vaikeaa, ideavarkaudet ovat jokap\u00e4iv\u00e4isi\u00e4 ja idean alkuper\u00e4inen esitt\u00e4j\u00e4 harvoin hy\u00f6tyy tekemist\u00e4\u00e4n oivalluksista.<\/p>\n\n\n\n<p>Ideoiden toteuttaminen k\u00e4yt\u00e4nn\u00f6n ratkaisuiksi, tuotteiksi ja palveluiksi edellytt\u00e4\u00e4 moniosaavien tiimien koostamisen. Yksin ei riit\u00e4 osaaminen eik\u00e4 voimavarat. Verkosto tarvitsee toiakseen yhteisen alustan, toiminnan puitteet; <a href=\"https:\/\/digitila.fi\/WP\/digi-yhteiso\" target=\"_blank\" rel=\"noopener noreferrer\">YHTEIS\u00d6J\u00c4RJESTELM\u00c4N<\/a>.<\/p>\n\n\n\n<hr class=\"wp-block-separator has-css-opacity\"\/>\n\n\n\n<h3 class=\"wp-block-heading\">IDEAT ANSAINTAKONSEPTIKSI<\/h3>\n\n\n\n<ul><li>1.Tunnista omat vahvuutesi ja heikkoutesi liiketoiminnallisessa osaamisessa.<\/li><li>2.Keskity itse olennaiseen ja siihen alueeseen, jonka parhaiten hallitset.<\/li><li>3.Hae luotettavat kumppanit niille liiketoiminnan osa-alueille, joita et itse hallitse.<\/li><\/ul>\n\n\n\n<p>Tee yhteistoiminta- ja osallisuussopimukset kirjalliseen muotoon. Osallisuus sopimuksessa tulee ilmet\u00e4 kunkin osapuolen vastuut, kumppanuuden velvoittee. Lis\u00e4ksi sopimuksen on sis\u00e4llett\u00e4v\u00e4 syntyv\u00e4n liiketoimintakonseptin hy\u00f6dynt\u00e4misn\u00e4k\u00f6kulma ja omistajuudet.<\/p>\n\n\n\n<hr class=\"wp-block-separator has-css-opacity\"\/>\n\n\n\n<h3 class=\"wp-block-heading\">Toiminnallinen konsepti<\/h3>\n\n\n\n<p>Kunkin operatiivisen osa-alueen (innovaatiot, tuotteet, palvelut, teknologia, kaupallistaminen\/markkinat, talous\/laskelmat ja liiketoiminnan suunnittelu) vastuuhenkil\u00f6 tuottaa osasuunnitelmat konseptikuvaukseen. Konseptointi toteutetaan projektimuotoisesti, sitoutuen yhteisesti hyv\u00e4ksyttyyn aikatauluun.<\/p>\n\n\n\n<p>Suunnitelmat ja niiden toteutettavuus on hyv\u00e4 arvioida ulkopuolisten ja sitoutumattomien asiantuntijoiden toimesta. Heilt\u00e4 tulee pyyt\u00e4\u00e4 allekirjoitus salassapito- ja hy\u00f6dynt\u00e4m\u00e4tt\u00f6myys- sopimukseen sek\u00e4 arviointilausunto kirjallisena.<\/p>\n\n\n\n<hr class=\"wp-block-separator has-css-opacity\"\/>\n\n\n\n<h3 class=\"wp-block-heading\">PALVELUT<\/h3>\n\n\n\n<ul><li><a href=\"https:\/\/digitila.fi\/WP\/palvelutori\/\" target=\"_blank\" rel=\"noopener noreferrer\">DIGI Palvelu<\/a><\/li><li><span style=\"color: #0000ff;\"><a href=\"https:\/\/digitila.fi\/WP\/tyopaja\/\" target=\"_blank\" rel=\"noopener noreferrer\">Digi PAJA<\/a><\/span><\/li><li><a href=\"https:\/\/digitila.fi\/WP\/mentorointi\/\" target=\"_blank\" rel=\"noopener noreferrer\">Mentorointi<\/a><\/li><li><span style=\"color: #0000ff;\"><a href=\"https:\/\/digitila.fi\/WP\/oppimo\/\" target=\"_blank\" rel=\"noopener noreferrer\">OPPIMO<\/a><\/span><\/li><li><span style=\"color: #0000ff;\"><a href=\"https:\/\/digitila.fi\/WP\/digi-yhteiso\/\" target=\"_blank\" rel=\"noopener noreferrer\">Yhteis\u00f6j\u00e4rjestelm\u00e4<\/a><\/span><\/li><\/ul>\n\n\n\n<hr class=\"wp-block-separator has-css-opacity\"\/>\n\n\n\n<p class=\"has-text-align-center\"><strong>contact:<\/strong> <a rel=\"noreferrer noopener\" href=\"https:\/\/digitila.fi\/WP\/taustalla\/\" target=\"_blank\">Matti Pyykk\u00f6nen<\/a>&nbsp;\u00a92022 <a rel=\"noopener noreferrer\" href=\"https:\/\/digitila.fi\/\" target=\"_blank\">DigiTILA<\/a><\/p>\n\n\n\n<p class=\"has-text-align-center\">Digitila Ventures Oy<br>Y-tunnus: 3314664-7<\/p>\n\n\n\n<hr class=\"wp-block-separator has-css-opacity\"\/>\n\n\n\n<p class=\"has-text-align-center\">&nbsp;<\/p>\n","protected":false},"excerpt":{"rendered":"<p>INSPIRAATIOSTA OIVALLUKSEEN VERKOSSA ON BISNEST\u00c4 Et\u00e4ty\u00f6 ja siihen liittyv\u00e4 voimakkaasti teknologiakeskeinen toimintamalli on tullut useille ihmisille tutuksi viimeaikoina. Nyt kun on opittu t\u00e4m\u00e4 viestint\u00e4- ja kommunikaatiotekniikan hy\u00f6dynt\u00e4minen jokap\u00e4iv\u00e4isiss\u00e4 tekemisiss\u00e4, on paikallaan selvitt\u00e4\u00e4, miten toimitaan jatkossa. Kannattaakin kysy\u00e4 itselt\u00e4\u00e4n: Onko MINULLE mahdollista tuottaa ansaintaa kotoa k\u00e4sin, ajasta ja paikasta riippumatta? MIT\u00c4 osaamista ja erityistaitoja minulla on,&hellip;<\/p>\n","protected":false},"author":1,"featured_media":0,"parent":0,"menu_order":0,"comment_status":"closed","ping_status":"closed","template":"","meta":{"footnotes":""},"_links":{"self":[{"href":"https:\/\/digitila.fi\/WP\/wp-json\/wp\/v2\/pages\/181"}],"collection":[{"href":"https:\/\/digitila.fi\/WP\/wp-json\/wp\/v2\/pages"}],"about":[{"href":"https:\/\/digitila.fi\/WP\/wp-json\/wp\/v2\/types\/page"}],"author":[{"embeddable":true,"href":"https:\/\/digitila.fi\/WP\/wp-json\/wp\/v2\/users\/1"}],"replies":[{"embeddable":true,"href":"https:\/\/digitila.fi\/WP\/wp-json\/wp\/v2\/comments?post=181"}],"version-history":[{"count":11,"href":"https:\/\/digitila.fi\/WP\/wp-json\/wp\/v2\/pages\/181\/revisions"}],"predecessor-version":[{"id":681,"href":"https:\/\/digitila.fi\/WP\/wp-json\/wp\/v2\/pages\/181\/revisions\/681"}],"wp:attachment":[{"href":"https:\/\/digitila.fi\/WP\/wp-json\/wp\/v2\/media?parent=181"}],"curies":[{"name":"wp","href":"https:\/\/api.w.org\/{rel}","templated":true}]}}