{"id":183,"date":"2020-05-29T17:14:45","date_gmt":"2020-05-29T19:14:45","guid":{"rendered":"http:\/\/digitila.fi\/WP\/?page_id=183"},"modified":"2022-11-06T17:14:52","modified_gmt":"2022-11-06T19:14:52","slug":"kenelle","status":"publish","type":"page","link":"https:\/\/digitila.fi\/WP\/kenelle","title":{"rendered":"Kenelle?"},"content":{"rendered":"\n<h3 class=\"wp-block-heading\">Henkil\u00f6kohtainen DigiTILA<\/h3>\n\n\n\n<ul><li>YKSINYRITT\u00c4J\u00c4LLE<\/li><li>TIIMILLE<\/li><li>PIENYRITYKSELLE<\/li><\/ul>\n\n\n\n<h3 class=\"wp-block-heading\">ALOITA.COM<\/h3>\n\n\n\n<p>Palvelun ideana on tuottaa pienpalveluja ammatinharjoittamista ja yritystoimintaa aloittaville<\/p>\n\n\n\n<ul><li><strong>Ideoiden kehitt\u00e4jille<\/strong>, keksij\u00f6ille, innovaattoreille ja yritt\u00e4jille<\/li><li><strong>Ansaintaa suunnitteleville<\/strong>, valmisteluvaiheessa oleville tuleville ammatinharjoittajille<\/li><li><strong>Yritystoimintaa aloittavalle<\/strong>, valmisteleville ja jo toimintaa k\u00e4ynnist\u00e4ville<\/li><\/ul>\n\n\n\n<hr class=\"wp-block-separator has-css-opacity\"\/>\n\n\n\n<h2 class=\"wp-block-heading\">Yrityskehityksen palvelut<\/h2>\n\n\n\n<p class=\"has-text-align-left\">Palveluja tuotetaan henkil\u00f6palvelujen lis\u00e4ksi my\u00f6s kasvuhakuisten yritysten sis\u00e4iseen kehitt\u00e4miseen ja kumppanuusverkoston viestint\u00e4\u00e4n<\/p>\n\n\n\n<ul><li>Oman innovaatioj\u00e4rjestelm\u00e4n jalostamiseen<\/li><li>Kehitystiimien muotouttamiseen ja ohjaukseen<\/li><li>Uusien konseptien, tuotteiden ja palvelujen jalostamiseen<\/li><li>Yhteistoiminta- ja kumppanuusverkostojen valmiutukseen<\/li><\/ul>\n\n\n\n<hr class=\"wp-block-separator has-css-opacity\"\/>\n\n\n\n<h2 class=\"wp-block-heading\">Pienpalvelut, toimenpiteet ja kehitysyhteisty\u00f6<\/h2>\n\n\n\n<p>N\u00e4m\u00e4 pienpalvelut ovat ajalliselta kestoltaan muutamasta tunnista useampia p\u00e4ivi\u00e4 kest\u00e4viin toimenpiteisiin. Palvelutarjonnasta tehd\u00e4\u00e4n my\u00f6s pidempiaikaisia puitesopimuksia esim. pv\/vko tai pv\/kk periaatteella.<\/p>\n\n\n\n<hr class=\"wp-block-separator has-css-opacity\"\/>\n\n\n\n<h3 class=\"wp-block-heading\">Palvelut ovat muodoltaan:<\/h3>\n\n\n\n<ul><li>Mentorointia ja kehyksen tukemista et\u00e4n\u00e4 verkkopalveluna<\/li><li>Tietopalvelu; Informaation jalostamista, tuottamista ja v\u00e4litt\u00e4mist\u00e4<\/li><li>Konseptuaalista suunnittelua; m\u00e4\u00e4ritys ja suunnitelma<\/li><li>Sparraavaa valmennusta uuden tekniikan k\u00e4ytt\u00f6\u00f6notossa<\/li><li>Toiminnanohjausta, suunnittelua ja mentorointia<\/li><li>Teknologiakartoitusta ja soveltamissuunnitelmia<\/li><\/ul>\n\n\n\n<hr class=\"wp-block-separator has-css-opacity\"\/>\n\n\n\n<p>Palvelutoimintaa tuotetaan l\u00e4sn\u00e4olevan perinteisen ty\u00f6pajamallin lis\u00e4ksi lis\u00e4ksi my\u00f6s et\u00e4palveluna netiss\u00e4, erillisiss\u00e4 valmennuksen virtuaalisissa ty\u00f6tiloissa ja verkkoviestint\u00e4v\u00e4lineill\u00e4.<\/p>\n\n\n\n<h3 class=\"wp-block-heading\"><span style=\"color: #000080;\"><strong>PALVELUVERKOSTO&nbsp;<\/strong><\/span><\/h3>\n\n\n\n<p>Teemme yhteistoiminta- ja osallisuus sopimukset kehityspalvelujen, osaamisvalmennuksen ja nopeasti kehittyville yrityksille asiantuntijapalveluja tuottavien, vankan kokemuksen omaavien palvelutuottajien kanssa.<\/p>\n\n\n\n<h4 class=\"wp-block-heading\"><span style=\"color: #000080;\"><strong>ASIAKKAAN TARPEET&nbsp;<\/strong><\/span><\/h4>\n\n\n\n<ul><li>Ammatinharjoittajan ja yritt\u00e4j\u00e4n mukautumistarve jatkuvaan muutokseen sek\u00e4 tarpeet kumppanuusverkoston tietohallintaan ja hajautetun kehitystoiminnan ohjaamiseen<\/li><li>Sunniteltaessa ja k\u00e4ynnistett\u00e4ess\u00e4 uutta liiketoimintaa tarvitaan t\u00e4sm\u00e4osaamista juuri siihen tarpeeseen, mik\u00e4 on kyseisess\u00e4 kehitystilassa ajankohtaisinta<\/li><li>Ulkoisten resurssien saatavuus ja joustavuus kuhunkin tilanteeseen ja erityistarpeeseen<\/li><\/ul>\n\n\n\n<hr class=\"wp-block-separator has-css-opacity\"\/>\n\n\n\n<h3 class=\"wp-block-heading\"><span style=\"color: #000080;\"><strong>Yhteis\u00f6palvelut<\/strong><\/span><\/h3>\n\n\n\n<ul><li><a href=\"https:\/\/digitila.fi\/WP\/palvelutori\/\" target=\"_blank\" rel=\"noopener noreferrer\">DIGI Palvelu<\/a><\/li><li><span style=\"color: #0000ff;\"><a href=\"https:\/\/digitila.fi\/WP\/tyopaja\/\" target=\"_blank\" rel=\"noopener noreferrer\">Digi PAJA<\/a><\/span><\/li><li><a href=\"https:\/\/digitila.fi\/WP\/mentorointi\/\" target=\"_blank\" rel=\"noopener noreferrer\">Mentorointi<\/a><\/li><li><span style=\"color: #0000ff;\"><a href=\"https:\/\/digitila.fi\/WP\/oppimo\/\" target=\"_blank\" rel=\"noopener noreferrer\">OPPIMO<\/a><\/span><\/li><li><span style=\"color: #0000ff;\"><a href=\"https:\/\/digitila.fi\/WP\/digi-yhteiso\/\" target=\"_blank\" rel=\"noopener noreferrer\">Yhteis\u00f6j\u00e4rjestelm\u00e4<\/a><\/span><\/li><\/ul>\n\n\n\n<hr class=\"wp-block-separator has-css-opacity\"\/>\n\n\n\n<p class=\"has-text-align-center\"><strong>contact:<\/strong> <a rel=\"noreferrer noopener\" href=\"https:\/\/digitila.fi\/WP\/taustalla\/\" target=\"_blank\">Matti Pyykk\u00f6nen<\/a>&nbsp;\u00a92022 <a rel=\"noopener noreferrer\" href=\"https:\/\/digitila.fi\/\" target=\"_blank\">DigiTILA<\/a><\/p>\n\n\n\n<p class=\"has-text-align-center\">Digitila Ventures Oy<br>Y-tunnus: 3314664-7<\/p>\n\n\n\n<hr class=\"wp-block-separator has-css-opacity\"\/>\n","protected":false},"excerpt":{"rendered":"<p>Henkil\u00f6kohtainen DigiTILA YKSINYRITT\u00c4J\u00c4LLE TIIMILLE PIENYRITYKSELLE ALOITA.COM Palvelun ideana on tuottaa pienpalveluja ammatinharjoittamista ja yritystoimintaa aloittaville Ideoiden kehitt\u00e4jille, keksij\u00f6ille, innovaattoreille ja yritt\u00e4jille Ansaintaa suunnitteleville, valmisteluvaiheessa oleville tuleville ammatinharjoittajille Yritystoimintaa aloittavalle, valmisteleville ja jo toimintaa k\u00e4ynnist\u00e4ville Yrityskehityksen palvelut Palveluja tuotetaan henkil\u00f6palvelujen lis\u00e4ksi my\u00f6s kasvuhakuisten yritysten sis\u00e4iseen kehitt\u00e4miseen ja kumppanuusverkoston viestint\u00e4\u00e4n Oman innovaatioj\u00e4rjestelm\u00e4n jalostamiseen Kehitystiimien muotouttamiseen ja ohjaukseen&hellip;<\/p>\n","protected":false},"author":1,"featured_media":0,"parent":0,"menu_order":0,"comment_status":"closed","ping_status":"closed","template":"","meta":{"footnotes":""},"_links":{"self":[{"href":"https:\/\/digitila.fi\/WP\/wp-json\/wp\/v2\/pages\/183"}],"collection":[{"href":"https:\/\/digitila.fi\/WP\/wp-json\/wp\/v2\/pages"}],"about":[{"href":"https:\/\/digitila.fi\/WP\/wp-json\/wp\/v2\/types\/page"}],"author":[{"embeddable":true,"href":"https:\/\/digitila.fi\/WP\/wp-json\/wp\/v2\/users\/1"}],"replies":[{"embeddable":true,"href":"https:\/\/digitila.fi\/WP\/wp-json\/wp\/v2\/comments?post=183"}],"version-history":[{"count":13,"href":"https:\/\/digitila.fi\/WP\/wp-json\/wp\/v2\/pages\/183\/revisions"}],"predecessor-version":[{"id":680,"href":"https:\/\/digitila.fi\/WP\/wp-json\/wp\/v2\/pages\/183\/revisions\/680"}],"wp:attachment":[{"href":"https:\/\/digitila.fi\/WP\/wp-json\/wp\/v2\/media?parent=183"}],"curies":[{"name":"wp","href":"https:\/\/api.w.org\/{rel}","templated":true}]}}