{"id":187,"date":"2020-05-29T17:16:52","date_gmt":"2020-05-29T19:16:52","guid":{"rendered":"http:\/\/digitila.fi\/WP\/?page_id=187"},"modified":"2022-11-06T17:16:02","modified_gmt":"2022-11-06T19:16:02","slug":"miten","status":"publish","type":"page","link":"https:\/\/digitila.fi\/WP\/miten","title":{"rendered":"Miten?"},"content":{"rendered":"\n<h2 class=\"wp-block-heading\"><span style=\"color: #000080;\"><strong>TY\u00d6PAJAT JA TIIMITY\u00d6T<\/strong><\/span><\/h2>\n\n\n\n<ul><li>L\u00e4hipalveluna ja et\u00e4ohjauksena<\/li><li>Kehitysistunnot ja tavoiteseuranta<\/li><li>Keskustelut ja kartoitukset<\/li><li>M\u00e4\u00e4rityksen ja suunnittelun ty\u00f6pajat<\/li><\/ul>\n\n\n\n<hr class=\"wp-block-separator has-alpha-channel-opacity\"\/>\n\n\n\n<h3 class=\"wp-block-heading\">&nbsp;<\/h3>\n\n\n\n<h3 class=\"wp-block-heading\">Ansainnan malli &#8211; Business Model Canvas<\/h3>\n\n\n\n<h3 class=\"wp-block-heading\"><a href=\"http:\/\/digitila.fi\/WP\/wp-content\/uploads\/2020\/06\/AnsainnanMALLI-1.png\" target=\"_blank\" rel=\"noopener noreferrer\"><img loading=\"lazy\" decoding=\"async\" class=\"alignnone wp-image-261 size-large\" src=\"http:\/\/digitila.fi\/WP\/wp-content\/uploads\/2020\/06\/AnsainnanMALLI-1-1024x721.png\" alt=\"\" width=\"740\" height=\"521\" srcset=\"https:\/\/digitila.fi\/WP\/wp-content\/uploads\/2020\/06\/AnsainnanMALLI-1-1024x721.png 1024w, https:\/\/digitila.fi\/WP\/wp-content\/uploads\/2020\/06\/AnsainnanMALLI-1-300x211.png 300w, https:\/\/digitila.fi\/WP\/wp-content\/uploads\/2020\/06\/AnsainnanMALLI-1-768x540.png 768w, https:\/\/digitila.fi\/WP\/wp-content\/uploads\/2020\/06\/AnsainnanMALLI-1-840x591.png 840w, https:\/\/digitila.fi\/WP\/wp-content\/uploads\/2020\/06\/AnsainnanMALLI-1.png 1303w\" sizes=\"(max-width: 740px) 100vw, 740px\" \/><\/a><\/h3>\n\n\n\n<h3 class=\"wp-block-heading\"><span style=\"color: #000080;\"><strong>PALVELUPUITTEIKKO<\/strong><\/span><\/h3>\n\n\n\n<p><strong>1. Pilvipalvelussa toimiva oma yhteis\u00f6j\u00e4rjestelm\u00e4<\/strong> &#8211; <a href=\"https:\/\/workspace.google.com\/\" target=\"_blank\" rel=\"noopener noreferrer\"><strong>Google Workspace<\/strong><\/a><\/p>\n\n\n\n<ul><li>Nettitunnus &#8211; Domain<\/li><li>Verkkolevy <strong>Google drive<\/strong> (<em>oma ja jaettu ty\u00f6tila<\/em>)<\/li><li>Kalenteri<\/li><li>gmail &#8211; s\u00e4hk\u00f6posti omalle nettitunnukselle<\/li><li>postiryhm\u00e4<\/li><li>sivustohallinta<\/li><li><a href=\"https:\/\/meet.google.com\/\" target=\"_blank\" rel=\"noopener noreferrer\">Meet<\/a> videoneuvottelut<\/li><\/ul>\n\n\n\n<p><strong>2. Oma <a href=\"https:\/\/momentdigital.fi\/kuinka-voimme-auttaa\/it-ratkaisut\/hosting-ratkaisut-jalleenmyyjille\/\" target=\"_blank\" rel=\"noopener noreferrer\" data-wplink-edit=\"true\">WEB hotelli<\/a> suomalaisessa <a href=\"https:\/\/momentdigital.fi\/\" target=\"_blank\" rel=\"noopener noreferrer\">Moment Digital<\/a> palvelussa ja siihen asennettu sivustosovellus<\/strong><\/p>\n\n\n\n<ul><li><a href=\"https:\/\/omanet.fi\/\" target=\"_blank\" rel=\"noopener noreferrer\">OmaNet.fi<\/a> &#8211; Verkkohotelli\n<ul>\n<li>Nettitunnus &#8211; Domain<\/li>\n<li>C Panel &#8211; oman palvelintilan ja palvelinsovellusten hallinta ja yll\u00e4pito\n<ul>\n<li>Verkkoty\u00f6tila sovelluksille ja sis\u00e4ll\u00f6ille<\/li>\n<li><a href=\"https:\/\/wordpress.com\/\" target=\"_blank\" rel=\"noopener noreferrer\">WordPress<\/a> sivustohallinta<\/li>\n<li>s\u00e4hk\u00f6posti<\/li>\n<li><a href=\"https:\/\/info.tiki.org\/\" target=\"_blank\" rel=\"noopener noreferrer\">Tiki<\/a> yhteis\u00f6j\u00e4rjestelm\u00e4<\/li>\n<li><a href=\"https:\/\/moodle.org\/\" target=\"_blank\" rel=\"noopener noreferrer\">Moodle <\/a>verkkovalmennusalusta<\/li>\n<\/ul>\n<\/li>\n<\/ul>\n<\/li><\/ul>\n\n\n\n<p>Kommunikoinnin ja viestint\u00e4<\/p>\n\n\n\n<ul><li><a href=\"https:\/\/zoom.us\/\" target=\"_blank\" rel=\"noopener noreferrer\">Zoom<\/a><\/li><\/ul>\n\n\n\n<p>Sis\u00e4lt\u00f6tuotannon avoimet ty\u00f6kalut ja toimisto-ohjelmat omalle ty\u00f6asemalle<\/p>\n\n\n\n<ul><li><a href=\"https:\/\/fi.libreoffice.org\/\" target=\"_blank\" rel=\"noopener noreferrer\">LibreOffice<\/a><\/li><li><a href=\"https:\/\/www.gimp.org\/\" target=\"_blank\" rel=\"noopener noreferrer\">GIMP<\/a><\/li><\/ul>\n\n\n\n<hr class=\"wp-block-separator has-alpha-channel-opacity\"\/>\n\n\n\n<p><em>Palvelukumppanit tuottavat yrityksen tilanteeseen ja tarpeeseen kohdennettuja palveluja. Palvelut v\u00e4litet\u00e4\u00e4n ja hallitaan tietoverkon kautta. Asiakkaan kanssa tehd\u00e4\u00e4n PALVELUSOPIMUS, edet\u00e4\u00e4n kehityksess\u00e4 asiakkaan ja palvelutuottajan kesken tehdyn tavoiteaikataulun mukaisesti.<\/em><\/p>\n\n\n\n<hr class=\"wp-block-separator has-alpha-channel-opacity\"\/>\n\n\n\n<h3 class=\"wp-block-heading\"><span style=\"color: #000080;\"><strong>TIET\u00c4MYSHALLINTA JA J\u00c4RJESTELM\u00c4KEHITYS<\/strong><\/span><\/h3>\n\n\n\n<p>J\u00e4rjestelm\u00e4st\u00e4, menetemist\u00e4 ja k\u00e4yt\u00e4nteist\u00e4, tiet\u00e4myssis\u00e4ll\u00f6st\u00e4 ja tuotetuista palveluista yll\u00e4pidet\u00e4\u00e4n reklamoinnit ja kehitt\u00e4misesitykset sis\u00e4lt\u00e4v\u00e4\u00e4 Her\u00e4tehallinta j\u00e4rjestelm\u00e4\u00e4. Saatujen her\u00e4tteiden pohjalta korjataan, parannetaan ja kehitet\u00e4\u00e4n asiakaspalvelua sek\u00e4 j\u00e4rjestelm\u00e4\u00e4 ja siihen liittyvi\u00e4 ohjemistoja.<\/p>\n\n\n\n<p>J\u00e4rjestelm\u00e4n avulla palveluyhteydet on &#8221;<em>kotiportilla<\/em>&#8221;. Tiedon tuottaminen ja jakaminen kumppanuusverkossa v\u00e4littyy j\u00e4rjestem\u00e4n kautta niit\u00e4 tarvitseville tiimeille ja toimijoille, ei muille (<em>liitynt\u00e4rajapinnat, k\u00e4ytt\u00f6n\u00e4kym\u00e4t ja k\u00e4yt\u00f6n rooli-pohjaisuus<\/em>).<\/p>\n\n\n\n<p>PALVELUT ja SIS\u00c4LT\u00d6 toimitetaan tiimin&nbsp;omaan TIETOVARANTOON, kohdentaen sis\u00e4lt\u00f6 siihen&nbsp;liittyv\u00e4\u00e4n toimintoon\/teemaan.<\/p>\n\n\n\n<p>KEHITYKSEN, toiminnan jalostamisen tulokset (<strong>outcomes<\/strong>) l\u00f6ytyy j\u00e4rjestelm\u00e4n rakenteesta ja tiet\u00e4mysvarastosta (<strong>Knowledge Base<\/strong>). Toimijaverkoston palvelutoiminta my\u00f6s tuotetaan hy\u00f6dynt\u00e4ville asiakkaillej\u00e4rjestelm\u00e4n v\u00e4litt\u00e4m\u00e4n\u00e4 verkossa.<\/p>\n\n\n\n<hr class=\"wp-block-separator has-alpha-channel-opacity\"\/>\n\n\n\n<h3 class=\"wp-block-heading\"><span style=\"color: #000080;\"><strong>Yhteis\u00f6palvelut<\/strong><\/span><\/h3>\n\n\n\n<ul><li><a href=\"https:\/\/digitila.fi\/WP\/palvelutori\/\" target=\"_blank\" rel=\"noopener noreferrer\">DIGI Palvelu<\/a><\/li><li><span style=\"color: #0000ff;\"><a href=\"https:\/\/digitila.fi\/WP\/tyopaja\/\" target=\"_blank\" rel=\"noopener noreferrer\">Digi PAJA<\/a><\/span><\/li><li><a href=\"https:\/\/digitila.fi\/WP\/mentorointi\/\" target=\"_blank\" rel=\"noopener noreferrer\">Mentorointi<\/a><\/li><li><span style=\"color: #0000ff;\"><a href=\"https:\/\/digitila.fi\/WP\/oppimo\/\" target=\"_blank\" rel=\"noopener noreferrer\">OPPIMO<\/a><\/span><\/li><li><span style=\"color: #0000ff;\"><a href=\"https:\/\/digitila.fi\/WP\/digi-yhteiso\/\" target=\"_blank\" rel=\"noopener noreferrer\">Yhteis\u00f6j\u00e4rjestelm\u00e4<\/a><\/span><\/li><\/ul>\n\n\n\n<hr class=\"wp-block-separator has-alpha-channel-opacity\"\/>\n\n\n\n<p class=\"has-text-align-center\"><strong>contact:<\/strong> <a rel=\"noreferrer noopener\" href=\"https:\/\/digitila.fi\/WP\/taustalla\/\" target=\"_blank\">Matti Pyykk\u00f6nen<\/a>&nbsp;\u00a92022 <a rel=\"noopener noreferrer\" href=\"https:\/\/digitila.fi\/\" target=\"_blank\">DigiTILA<\/a><\/p>\n\n\n\n<p class=\"has-text-align-center\">Digitila Ventures Oy<br>Y-tunnus: 3314664-7<\/p>\n\n\n\n<hr class=\"wp-block-separator has-alpha-channel-opacity\"\/>\n\n\n\n<p><\/p>\n","protected":false},"excerpt":{"rendered":"<p>TY\u00d6PAJAT JA TIIMITY\u00d6T L\u00e4hipalveluna ja et\u00e4ohjauksena Kehitysistunnot ja tavoiteseuranta Keskustelut ja kartoitukset M\u00e4\u00e4rityksen ja suunnittelun ty\u00f6pajat &nbsp; Ansainnan malli &#8211; Business Model Canvas PALVELUPUITTEIKKO 1. Pilvipalvelussa toimiva oma yhteis\u00f6j\u00e4rjestelm\u00e4 &#8211; Google Workspace Nettitunnus &#8211; Domain Verkkolevy Google drive (oma ja jaettu ty\u00f6tila) Kalenteri gmail &#8211; s\u00e4hk\u00f6posti omalle nettitunnukselle postiryhm\u00e4 sivustohallinta Meet videoneuvottelut 2. Oma WEB&hellip;<\/p>\n","protected":false},"author":1,"featured_media":0,"parent":0,"menu_order":0,"comment_status":"closed","ping_status":"closed","template":"","meta":{"footnotes":""},"_links":{"self":[{"href":"https:\/\/digitila.fi\/WP\/wp-json\/wp\/v2\/pages\/187"}],"collection":[{"href":"https:\/\/digitila.fi\/WP\/wp-json\/wp\/v2\/pages"}],"about":[{"href":"https:\/\/digitila.fi\/WP\/wp-json\/wp\/v2\/types\/page"}],"author":[{"embeddable":true,"href":"https:\/\/digitila.fi\/WP\/wp-json\/wp\/v2\/users\/1"}],"replies":[{"embeddable":true,"href":"https:\/\/digitila.fi\/WP\/wp-json\/wp\/v2\/comments?post=187"}],"version-history":[{"count":11,"href":"https:\/\/digitila.fi\/WP\/wp-json\/wp\/v2\/pages\/187\/revisions"}],"predecessor-version":[{"id":682,"href":"https:\/\/digitila.fi\/WP\/wp-json\/wp\/v2\/pages\/187\/revisions\/682"}],"wp:attachment":[{"href":"https:\/\/digitila.fi\/WP\/wp-json\/wp\/v2\/media?parent=187"}],"curies":[{"name":"wp","href":"https:\/\/api.w.org\/{rel}","templated":true}]}}