{"id":196,"date":"2020-05-29T17:24:35","date_gmt":"2020-05-29T19:24:35","guid":{"rendered":"http:\/\/digitila.fi\/WP\/?page_id=196"},"modified":"2022-09-28T10:57:32","modified_gmt":"2022-09-28T12:57:32","slug":"tyopaja","status":"publish","type":"page","link":"https:\/\/digitila.fi\/WP\/tyopaja","title":{"rendered":"DIGI paja"},"content":{"rendered":"\n<h2 class=\"wp-block-heading\">Pajatoiminta tiimeiss\u00e4 ohjattuna<\/h2>\n\n\n\n<p>Ty\u00f6pajatoimintaa toteutetaan sek\u00e4 digitaallisesti verkon v\u00e4lityksell\u00e4 ett\u00e4 l\u00e4hijaksoina fyysisiss\u00e4 ty\u00f6tiloissa. P\u00e4\u00e4paino ty\u00f6skentelytavoissa on virtuaalisessa, et\u00e4n\u00e4 soveltuvien ty\u00f6kaluohjelmien ja yhteis\u00f6j\u00e4rjestelm\u00e4n tukemana.<\/p>\n\n\n\n<h3 class=\"wp-block-heading\">Haetaan vastauksia palvelutuottajien kysymyksiin<\/h3>\n\n\n\n<ul><li>Mik\u00e4 on Asiakkaan HAASTE?<\/li><li>Onko minulla RATKAISU IDEA?<\/li><li>Miten tuotamme ARVOTARJONTAA?<\/li><li>Miten toteutamme sen K\u00c4YT\u00c4NT\u00d6\u00d6N?<\/li><\/ul>\n\n\n\n<hr class=\"wp-block-separator has-alpha-channel-opacity\"\/>\n\n\n\n<h3 class=\"wp-block-heading\">TOIMINNALLINEN SIS\u00c4LT\u00d6<\/h3>\n\n\n\n<ul><li>Kohdealueen rajaaminen; Toimintaymp\u00e4rist\u00f6\u00f6n <strong>KOHDENTAMINEN<\/strong>, teht\u00e4v\u00e4t ja toiminnot<\/li><li><strong>TAVOITEN\u00c4KYM\u00c4<\/strong> visualisointi ja yhteisen p\u00e4\u00e4m\u00e4\u00e4r\u00e4n asettaminen<\/li><li>Asiakasl\u00e4ht\u00f6inen <strong>HER\u00c4TEHALLINTA<\/strong> ja ratkaisevien tuotteiden kehitt\u00e4minen<\/li><li>Tuotteen ja palvelujen <strong>MALLINTAMINEN<\/strong>; Rakenteellinen ja toiminnollinen kuvaus<\/li><li>Muodostetaan <strong>PULMAKARTTA<\/strong> ideoiden onnistuvaan jatkojalostamisen perustaksi<\/li><li>Kehitt\u00e4mistarpeiden ja vaatimusten hahmottaminen: lopputulemana <strong>TARVETILA<\/strong><\/li><li>Tuotetaan <strong>TIEKARTTA<\/strong> hallittuun kehitykseen kohti tavoitetta<\/li><li>Lopputulemana <strong>KONSEPTIKUVAUS<\/strong> k\u00e4yt\u00e4nn\u00f6n toteutukseen<\/li><\/ul>\n\n\n\n<hr class=\"wp-block-separator has-alpha-channel-opacity\"\/>\n\n\n\n<h3 class=\"wp-block-heading\">Toteutus<\/h3>\n\n\n\n<ul><li>Teeman mukaiset johdantoluennot<\/li><li>Pienryhm\u00e4ty\u00f6skentely<\/li><li>Ideoiden ja ratkaisujen tuottaminen ohjatusti<\/li><li>Ratkaisumallit ja tavoitteellinen kehityskuvaus dokumentoidaan ideakuvaukseksi<\/li><li>Menetelmin\u00e4 k\u00e4ytet\u00e4\u00e4n <a href=\"https:\/\/www.strategyzer.com\/canvas\/business-model-canvas\" target=\"_blank\" rel=\"noopener noreferrer\">Business Model Canvas<\/a> kuvaustapaa ja sein\u00e4taulutekniikkaa<\/li><li>Kriittisimm\u00e4t pulmat ja ratkaisutarpeet priorisoidaan<\/li><li>Lopputulemana pulmakartat, ideakuvaus, kanvasit ja vaatimusmatriisit<\/li><li>Tavoitetila ja tulevat kehiystarpeet m\u00e4\u00e4ritet\u00e4\u00e4n todennettujen tarpeiden mukaisesti<\/li><\/ul>\n\n\n\n<hr class=\"wp-block-separator has-css-opacity is-style-wide\"\/>\n\n\n\n<h3 class=\"wp-block-heading\">PALVELUT<\/h3>\n\n\n\n<ul><li><a rel=\"noreferrer noopener\" href=\"http:\/\/digitila.fi\/WP\/palvelutori\/\" target=\"_blank\">Digi Palvelu<\/a><\/li><li><a rel=\"noreferrer noopener\" href=\"https:\/\/digitila.fi\/WP\/tyopaja\/\" target=\"_blank\">Digi PAJA<\/a><\/li><li><a rel=\"noreferrer noopener\" href=\"https:\/\/digitila.fi\/WP\/mentorointi\/\" target=\"_blank\">Mentorointi<\/a><\/li><li><a rel=\"noreferrer noopener\" href=\"https:\/\/digitila.fi\/WP\/oppimo\/\" target=\"_blank\">OPPIMO<\/a><\/li><li><a href=\"https:\/\/digitila.fi\/WP\/digi-yhteiso\/\" target=\"_blank\" rel=\"noreferrer noopener\">Yhteis\u00f6j\u00e4rjestelm\u00e4<\/a><\/li><\/ul>\n\n\n\n<hr class=\"wp-block-separator has-css-opacity is-style-wide\"\/>\n\n\n\n<p class=\"has-text-align-center\"><strong>contact:<\/strong> <a href=\"https:\/\/digitila.fi\/WP\/taustalla\/\" target=\"_blank\" rel=\"noopener noreferrer\">Matti Pyykk\u00f6nen<\/a>&nbsp; &nbsp; &nbsp; &nbsp; &nbsp; &nbsp; &nbsp; \u00a92022 <a href=\"https:\/\/digitila.fi\/\" target=\"_blank\" rel=\"noopener noreferrer\">DigiTILA<\/a><\/p>\n\n\n\n<p class=\"has-text-align-center\"><strong>Digitila Ventures Oy<\/strong><br>Y-tunnus: 3314664-7<\/p>\n\n\n\n<hr class=\"wp-block-separator has-alpha-channel-opacity\"\/>\n\n\n\n<p><\/p>\n","protected":false},"excerpt":{"rendered":"<p>Pajatoiminta tiimeiss\u00e4 ohjattuna Ty\u00f6pajatoimintaa toteutetaan sek\u00e4 digitaallisesti verkon v\u00e4lityksell\u00e4 ett\u00e4 l\u00e4hijaksoina fyysisiss\u00e4 ty\u00f6tiloissa. P\u00e4\u00e4paino ty\u00f6skentelytavoissa on virtuaalisessa, et\u00e4n\u00e4 soveltuvien ty\u00f6kaluohjelmien ja yhteis\u00f6j\u00e4rjestelm\u00e4n tukemana. Haetaan vastauksia palvelutuottajien kysymyksiin Mik\u00e4 on Asiakkaan HAASTE? Onko minulla RATKAISU IDEA? Miten tuotamme ARVOTARJONTAA? Miten toteutamme sen K\u00c4YT\u00c4NT\u00d6\u00d6N? TOIMINNALLINEN SIS\u00c4LT\u00d6 Kohdealueen rajaaminen; Toimintaymp\u00e4rist\u00f6\u00f6n KOHDENTAMINEN, teht\u00e4v\u00e4t ja toiminnot TAVOITEN\u00c4KYM\u00c4 visualisointi ja yhteisen&hellip;<\/p>\n","protected":false},"author":1,"featured_media":0,"parent":0,"menu_order":0,"comment_status":"closed","ping_status":"closed","template":"","meta":{"footnotes":""},"_links":{"self":[{"href":"https:\/\/digitila.fi\/WP\/wp-json\/wp\/v2\/pages\/196"}],"collection":[{"href":"https:\/\/digitila.fi\/WP\/wp-json\/wp\/v2\/pages"}],"about":[{"href":"https:\/\/digitila.fi\/WP\/wp-json\/wp\/v2\/types\/page"}],"author":[{"embeddable":true,"href":"https:\/\/digitila.fi\/WP\/wp-json\/wp\/v2\/users\/1"}],"replies":[{"embeddable":true,"href":"https:\/\/digitila.fi\/WP\/wp-json\/wp\/v2\/comments?post=196"}],"version-history":[{"count":11,"href":"https:\/\/digitila.fi\/WP\/wp-json\/wp\/v2\/pages\/196\/revisions"}],"predecessor-version":[{"id":637,"href":"https:\/\/digitila.fi\/WP\/wp-json\/wp\/v2\/pages\/196\/revisions\/637"}],"wp:attachment":[{"href":"https:\/\/digitila.fi\/WP\/wp-json\/wp\/v2\/media?parent=196"}],"curies":[{"name":"wp","href":"https:\/\/api.w.org\/{rel}","templated":true}]}}