{"id":198,"date":"2020-05-29T17:26:02","date_gmt":"2020-05-29T19:26:02","guid":{"rendered":"http:\/\/digitila.fi\/WP\/?page_id=198"},"modified":"2022-11-06T18:15:20","modified_gmt":"2022-11-06T20:15:20","slug":"mentorointi","status":"publish","type":"page","link":"https:\/\/digitila.fi\/WP\/mentorointi","title":{"rendered":"Mentorointi"},"content":{"rendered":"<p><a href=\"http:\/\/digitila.fi\/WP\/wp-content\/uploads\/2020\/06\/spiraali.jpg\"><img loading=\"lazy\" decoding=\"async\" class=\"alignnone size-full wp-image-284\" src=\"http:\/\/digitila.fi\/WP\/wp-content\/uploads\/2020\/06\/spiraali.jpg\" alt=\"\" width=\"850\" height=\"625\" srcset=\"https:\/\/digitila.fi\/WP\/wp-content\/uploads\/2020\/06\/spiraali.jpg 850w, https:\/\/digitila.fi\/WP\/wp-content\/uploads\/2020\/06\/spiraali-300x221.jpg 300w, https:\/\/digitila.fi\/WP\/wp-content\/uploads\/2020\/06\/spiraali-768x565.jpg 768w, https:\/\/digitila.fi\/WP\/wp-content\/uploads\/2020\/06\/spiraali-840x618.jpg 840w\" sizes=\"(max-width: 850px) 100vw, 850px\" \/><\/a><\/p>\n<h4 style=\"text-align: center;\">Innovation spiral by <a href=\"https:\/\/innovationmanagement.se\/2012\/03\/19\/a-new-approach-to-manage-disruptive-innovation-in-an-environment-of-high-uncertainty\/\" target=\"_blank\" rel=\"noopener noreferrer\">Jose A. Briones<\/a><\/h4>\n<hr>\n<h3>IDEAT INNOVAATIOKSI &#8211; 5 TEESI\u00c4<\/h3>\n<hr>\n<h4>1. SUURELLA SYD\u00c4MELL\u00c4 &#8211; OMAKSUTULLA TEHT\u00c4V\u00c4LL\u00c4<\/h4>\n<p>Tunnista asian ydin ja selke\u00e4sti artikuloi se syd\u00e4mell\u00e4 ja perimm\u00e4isell\u00e4 tarkoituksella. Haluatpa kutsua sit\u00e4 n\u00e4kemykseksi, tunteeksi, tarkoitukseksi tai kutsumukseksi, kerro hyvin selke\u00e4sti; miksi bisneksess\u00e4? &#8211; Mik\u00e4 on t\u00e4ht\u00e4imess\u00e4 oleva isompi tavoite?<\/p>\n<hr>\n<h4>2. TOIMIVALLA TIIMILL\u00c4 &#8211; INHIMILLISELL\u00c4 OTTEELLA<\/h4>\n<p>Tiimi ja sen yhteishenki on t\u00e4rke\u00e4mpi kuin mik\u00e4\u00e4n ajatus tai suunnitelma. Kolmena painopistealueena pit\u00e4\u00e4 olla; ihmiset, ihmisten seuraamana oleminen ja sitten ihmiset.<\/p>\n<hr>\n<h4>3. \u00c4LYKK\u00c4ILL\u00c4 AJATUKSILLA &#8211; HALLITULLA KEHITYKSELL\u00c4<\/h4>\n<p>Ajattele suuria, aloita pienest\u00e4 &#8211; skaalaa tai ep\u00e4onnistu nopeasti. Per Lederhausen neuvo; aseta oikein ensimm\u00e4inen &#8221;<em>start small<\/em>&#8221; virstanpylv\u00e4s. V\u00e4lietappi liittyy yleens\u00e4 n\u00e4kym\u00e4\u00e4n, miten ihmisten haluaa ostaa tai ainakin kokeilla tuotetta ja palvelua.<\/p>\n<hr>\n<h4>4. T\u00c4SM\u00c4TYILL\u00c4 MARKKINOILLA &#8211; PARHAALLA RATKAISULLA<\/h4>\n<p>Keskity tarkasti kohdennettuun, m\u00e4\u00e4riteltyyn ja rajattuun, spesifiseen markkina-alueen alalohkoon tai tiettyyn kysynt\u00e4\u00e4n. Ainakin aloita ajattelemalla miss\u00e4 voit mahdollisesti olla paras. T\u00e4m\u00e4 strategia on l\u00e4hes aina tehokkaampi kuin olla vain yksi toimija massiivisilla ja monimuotoisilla markkinoilla.<\/p>\n<hr>\n<h4>5. YMM\u00c4RRETYLL\u00c4 ANSAINNALLA &#8211; REALISTISELLA SUUNNITELMALLA<\/h4>\n<p>Ymm\u00e4rr\u00e4 ansaintamallisi. Se, miten saatte rahaa on t\u00e4rke\u00e4mp\u00e4\u00e4 kuin ammattimaisesti muotoiltu Excel-taulukkosivusto osoittamaan taloustietous, jota on yksinkertaisesti liian vaikeaa ennustaa n\u00e4in varhaisessa vaiheessa muutenkin. Ymm\u00e4rr\u00e4 perusteelliset keinot, joilla voit ansaita rahaa &#8211; onko se liiketoiminta, mainonta, tilaukset, jne?<\/p>\n<hr>\n<h4>Aloitus-, Kehitys- ja Muutosvalmennusta sek\u00e4 paikanp\u00e4\u00e4ll\u00e4 fyysisesti&nbsp; l\u00e4sn\u00e4 ett\u00e4 verkon v\u00e4lityksell\u00e4 et\u00e4n\u00e4.<\/h4>\n<p style=\"padding-left: 40px;\"><a href=\"https:\/\/digitila.fi\/WP\/prestart\" target=\"_blank\" rel=\"noopener noreferrer\">PreStart<\/a> &#8211; valmistellaan<br><a href=\"https:\/\/digitila.fi\/WP\/startup\" target=\"_blank\" rel=\"noopener noreferrer\">StartUp<\/a> &#8211; k\u00e4ynnistet\u00e4\u00e4n<br><a href=\"https:\/\/digitila.fi\/WP\/upstart\" target=\"_blank\" rel=\"noopener noreferrer\">UpStart<\/a> &#8211; laajennetaan<\/p>\n<hr>\n\n\n<h3 class=\"wp-block-heading\"><strong>Palvelut<\/strong><\/h3>\n\n\n\n<ul><li><a href=\"https:\/\/digitila.fi\/WP\/palvelutori\/\">Digi Palvelu<\/a><\/li><li><a rel=\"noreferrer noopener\" href=\"https:\/\/digitila.fi\/WP\/tyopaja\/\" target=\"_blank\">Digi PAJA<\/a><\/li><li><a rel=\"noreferrer noopener\" href=\"https:\/\/digitila.fi\/WP\/oppimo\/\" target=\"_blank\">OPPIMO<\/a><\/li><li><a rel=\"noreferrer noopener\" href=\"https:\/\/digitila.fi\/WP\/digi-yhteiso\/\" target=\"_blank\">Yhteis\u00f6j\u00e4rjestelm\u00e4<\/a><\/li><li><a rel=\"noreferrer noopener\" href=\"https:\/\/digitila.fi\/WP\/mentorointi\/\" target=\"_blank\">Mentorointi<\/a><\/li><\/ul>\n\n\n\n<hr class=\"wp-block-separator has-css-opacity is-style-wide\"\/>\n\n\n\n<p class=\"has-text-align-center\"><strong>contact:<\/strong> <a rel=\"noreferrer noopener\" href=\"https:\/\/digitila.fi\/WP\/taustalla\/\" target=\"_blank\">Matti Pyykk\u00f6nen<\/a>&nbsp; &nbsp; &nbsp; &nbsp; &nbsp; &nbsp; &nbsp; \u00a92022 <a rel=\"noreferrer noopener\" href=\"https:\/\/digitila.fi\/\" target=\"_blank\">DigiTILA<\/a><\/p>\n\n\n\n<p class=\"has-text-align-center\"><\/p>\n\n\n\n<p class=\"has-text-align-center\"><strong>Digitila Ventures Oy<\/strong><br>Y-tunnus: 3314664-7<\/p>\n\n\n\n<hr class=\"wp-block-separator has-css-opacity is-style-wide\"\/>\n","protected":false},"excerpt":{"rendered":"<p>Innovation spiral by Jose A. Briones IDEAT INNOVAATIOKSI &#8211; 5 TEESI\u00c4 1. SUURELLA SYD\u00c4MELL\u00c4 &#8211; OMAKSUTULLA TEHT\u00c4V\u00c4LL\u00c4 Tunnista asian ydin ja selke\u00e4sti artikuloi se syd\u00e4mell\u00e4 ja perimm\u00e4isell\u00e4 tarkoituksella. Haluatpa kutsua sit\u00e4 n\u00e4kemykseksi, tunteeksi, tarkoitukseksi tai kutsumukseksi, kerro hyvin selke\u00e4sti; miksi bisneksess\u00e4? &#8211; Mik\u00e4 on t\u00e4ht\u00e4imess\u00e4 oleva isompi tavoite? 2. TOIMIVALLA TIIMILL\u00c4 &#8211; INHIMILLISELL\u00c4 OTTEELLA Tiimi&hellip;<\/p>\n","protected":false},"author":1,"featured_media":0,"parent":0,"menu_order":0,"comment_status":"closed","ping_status":"closed","template":"","meta":{"footnotes":""},"_links":{"self":[{"href":"https:\/\/digitila.fi\/WP\/wp-json\/wp\/v2\/pages\/198"}],"collection":[{"href":"https:\/\/digitila.fi\/WP\/wp-json\/wp\/v2\/pages"}],"about":[{"href":"https:\/\/digitila.fi\/WP\/wp-json\/wp\/v2\/types\/page"}],"author":[{"embeddable":true,"href":"https:\/\/digitila.fi\/WP\/wp-json\/wp\/v2\/users\/1"}],"replies":[{"embeddable":true,"href":"https:\/\/digitila.fi\/WP\/wp-json\/wp\/v2\/comments?post=198"}],"version-history":[{"count":11,"href":"https:\/\/digitila.fi\/WP\/wp-json\/wp\/v2\/pages\/198\/revisions"}],"predecessor-version":[{"id":707,"href":"https:\/\/digitila.fi\/WP\/wp-json\/wp\/v2\/pages\/198\/revisions\/707"}],"wp:attachment":[{"href":"https:\/\/digitila.fi\/WP\/wp-json\/wp\/v2\/media?parent=198"}],"curies":[{"name":"wp","href":"https:\/\/api.w.org\/{rel}","templated":true}]}}