{"id":2,"date":"2015-03-18T12:56:59","date_gmt":"2015-03-18T12:56:59","guid":{"rendered":"http:\/\/digitila.fi\/WP\/?page_id=2"},"modified":"2020-06-16T14:44:22","modified_gmt":"2020-06-16T16:44:22","slug":"kuvaus","status":"publish","type":"page","link":"https:\/\/digitila.fi\/WP\/kuvaus","title":{"rendered":"KUVAUS"},"content":{"rendered":"<h4 style=\"text-align: center;\"><span style=\"color: #333399;\">\u00a0<em>Sis\u00e4lt\u00f6 jalostuu<\/em>..\u00a0<\/span><\/h4>\n<h3 style=\"text-align: center;\"><span style=\"color: #333399;\">&#8211;\u00a0<strong>KUMPPANUUSOHJELMA KEHITTEILL\u00c4\u00a0<\/strong>&#8211;<\/span><\/h3>\n<div class=\"articleheading\">\n<table width=\"100%\" cellspacing=\"0\" cellpadding=\"0\">\n<tbody>\n<tr>\n<td valign=\"top\">\n<div class=\"articleheadingtext\" style=\"text-align: justify;\"><strong>JOHDANTO<\/strong><br \/>\n<em>T\u00e4h\u00e4n tilojen ja toimintojen virtualisointiin\u00a0suunnattuun DigiTILA \u00a0kehitykseen liittyy laaja kartoittava tutkimuksellinen osuus. Teht\u00e4v\u00e4 tutkimus- ja kehittelyty\u00f6 nivoutetaan j\u00e4rjestelyn k\u00e4yt\u00e4nn\u00f6n toteutukseen ja konseptuaaliseen tuotteistukseen.<\/em><\/div>\n<\/td>\n<\/tr>\n<\/tbody>\n<\/table>\n<\/div>\n<div class=\"articlebody clearfix\">\n<hr \/>\n<h2><strong>AIHEET<\/strong><\/h2>\n<hr \/>\n<h3 style=\"text-align: justify;\"><strong>1. K\u00e4sitteist\u00f6 &#8211; Semantiikka<\/strong><\/h3>\n<p style=\"text-align: justify;\"><em>Kehitysprosessiin liittyv\u00e4n k\u00e4sitteist\u00f6n, tiet\u00e4myksen, sovellustekniikan, menetelmien ja tiedon mallintaminen sek\u00e4 jakaminen verkostossa; systeemiset menetelm\u00e4t, ty\u00f6kalut ja tiet\u00e4myksen\/tiedon hallinta hajautetussa ja monialaisessa prosessoinnissa.<\/em><\/p>\n<\/div>\n<ul>\n<li class=\"articlebody clearfix\">Inspiration Framework<\/li>\n<li class=\"articlebody clearfix\">Comptence Portfolio<\/li>\n<li class=\"articlebody clearfix\">Core Competences<\/li>\n<li class=\"articlebody clearfix\">Network Analysis<\/li>\n<li class=\"articlebody clearfix\">Systems Thinking<\/li>\n<li class=\"articlebody clearfix\">Knowledge Forms<\/li>\n<li class=\"articlebody clearfix\">Requirements Analysis<\/li>\n<li class=\"articlebody clearfix\">Design Patterns<\/li>\n<li class=\"articlebody clearfix\">Workflow Patterns<\/li>\n<li class=\"articlebody clearfix\">Invention to Innovation<\/li>\n<\/ul>\n<h4>Systeemin l\u00e4hestymistapa &#8211; Systems Design and Engineering<\/h4>\n<ul>\n<li class=\"articlebody clearfix\">Systems Dynamics<\/li>\n<li class=\"articlebody clearfix\">Game Theory<\/li>\n<li class=\"articlebody clearfix\">UML, OOP, Case Tools, KM<\/li>\n<\/ul>\n<h4>Psykologinen ja kognitiivinen n\u00e4k\u00f6kulma<\/h4>\n<ul>\n<li class=\"articlebody clearfix\"><a href=\"https:\/\/fi.wikipedia.org\/wiki\/Kognitiivinen_psykologia\" target=\"_blank\" rel=\"noopener noreferrer\">Kognitiivinen Psykologia<\/a><\/li>\n<li class=\"articlebody clearfix\"><a href=\"https:\/\/fi.wikipedia.org\/wiki\/Neurolingvistinen_ohjelmointi\" target=\"_blank\" rel=\"noopener noreferrer\">NLP &#8211; Viitekehys<\/a><\/li>\n<li class=\"articlebody clearfix\"><a href=\"https:\/\/fi.wikipedia.org\/wiki\/Semanttinen_verkko\" target=\"_blank\" rel=\"noopener noreferrer\">Semanttinen verkko<\/a><\/li>\n<li class=\"articlebody clearfix\"><a href=\"http:\/\/aloita.com\/oppimo\/course\/index.php?categoryid=6\" target=\"_blank\" rel=\"noopener noreferrer\">Osaamisten portfolio ja yksil\u00f6llinen opinpolku<\/a><\/li>\n<li class=\"articlebody clearfix\">Tiimiprosessit ja tavoitteellisuusmenetelm\u00e4t<\/li>\n<li class=\"articlebody clearfix\">Muutosohjaus ja kehitysvalmennus<\/li>\n<li class=\"articlebody clearfix\">Itseohjautuvuus<\/li>\n<\/ul>\n<hr \/>\n<h4>Tekninen n\u00e4k\u00f6kulma<\/h4>\n<ul>\n<li class=\"articlebody clearfix\">L\u00e4sn\u00e4tekniikka ja tunnistautuminen<\/li>\n<li class=\"articlebody clearfix\">Sensorit ja kamerakennot<\/li>\n<li class=\"articlebody clearfix\">Toimilaitteet ja ohjaimet<\/li>\n<li class=\"articlebody clearfix\">Robotiikka<\/li>\n<li class=\"articlebody clearfix\">AV&amp;DATA<\/li>\n<li class=\"articlebody clearfix\">Tietokonetekniikka<\/li>\n<li class=\"articlebody clearfix\">Oheistekniikka; K\u00e4ytt\u00f6laitteet, k\u00e4sittely-yksik\u00f6t ja n\u00e4ytt\u00f6laitteet<\/li>\n<li class=\"articlebody clearfix\">Tietoliikennetekniikka ja protokollat (PAN\/LAN\/MAN-verkot; TCP\/IP, HTTP, FTP, IPv6 jne)<\/li>\n<li class=\"articlebody clearfix\">Langattomat verkot<\/li>\n<li class=\"articlebody clearfix\">Paikannus (GPS, verkko- ja sis\u00e4tilat)<\/li>\n<li class=\"articlebody clearfix\">Kuvantaminen ja mallintaminen<\/li>\n<li class=\"articlebody clearfix\">Keinotodellisuus ja virtualisointi (3D, 4D ja 5D)<\/li>\n<li class=\"articlebody clearfix\">Hila- ja pilvitekniikka (mm. grid computing)<\/li>\n<li class=\"articlebody clearfix\">Tietovarastot,\u00a0jakaminen ja hajautus<\/li>\n<li class=\"articlebody clearfix\">Tunnistautuminen ja varmennus<\/li>\n<li class=\"articlebody clearfix\">Tietoturva, salaus ja suojaus<\/li>\n<\/ul>\n<h3 style=\"text-align: left;\"><strong>2. Tietohallinta, tiet\u00e4mystuotanto ja tiet\u00e4mysvirtaohjaus toimijaverkostossa<\/strong><\/h3>\n<p style=\"text-align: justify;\">Tietointensiivinen toimintoprosessi verkostoituneessa innovaatioymp\u00e4rist\u00f6ss\u00e4; hajautettu roolipohjainen prosessitoimintamalli ja k\u00e4yt\u00e4nn\u00f6t; jalostuvan tiedon hallinta, tiet\u00e4mysvarastot ja tiet\u00e4myksen virtautus verkostossa<\/p>\n<hr \/>\n<h3 style=\"text-align: left;\"><strong>3. Verkoston ansainnan muotoutuminen &#8211; yhteis\u00f6yritt\u00e4jyys<\/strong><\/h3>\n<p style=\"text-align: justify;\">Inventioon (<em>keksint\u00f6\u00f6n &#8211; keksinn\u00f6lliseen ideaan<\/em>) pohjaavan, syntyv\u00e4n uuden liiketoiminnan vaiheittainen muodostuminen, verkostoituneen kehitysyhteis\u00f6n tuottamana; uudenlaisten rahoitus- ja ansaintamuotojen tunnistaminen ja kehitt\u00e4minen<\/p>\n<p>KAAVIO:\u00a0<a href=\"http:\/\/digitila.fi\/WP\/wp-content\/uploads\/2015\/03\/Responsive-OS-Canvas-v1.pdf\" target=\"_blank\" rel=\"noopener noreferrer\">Responsive OS Canvas, v1<\/a><\/p>\n<hr \/>\n<h3><strong>TOTEUTUS K\u00c4YT\u00c4NT\u00d6\u00d6N<\/strong><\/h3>\n<p>Jalostuvia menetelmi\u00e4, k\u00e4yt\u00e4nteit\u00e4 ja tietoteknisi\u00e4 ratkaisuja hy\u00f6dynnet\u00e4\u00e4n <a title=\"ALOITA.COM\" href=\"http:\/\/aloita.com\" target=\"_blank\" rel=\"noopener noreferrer\">ALOITA.COM<\/a> puitteissa<\/p>\n<ul>\n<li>Tietoj\u00e4rjestelm\u00e4puitteikko kehityksen toiminnanohjaukseen<\/li>\n<li>Toteutuksen edellytt\u00e4m\u00e4t teknologiakokoonpanot ja -arkitehtuuri<\/li>\n<li>Avoimeen l\u00e4hdekoodiin perustuvat ohjelmistoalustat; ty\u00f6ryhm\u00e4ymp\u00e4rist\u00f6 ja tiimity\u00f6n ohjaus toimijaverkostossa.<\/li>\n<\/ul>\n<hr \/>\n<h4><strong>Menetelm\u00e4t ja Ty\u00f6kalut\u00a0<\/strong><\/h4>\n<ul>\n<li>tavoitteelliseen itseohjautuvuuteeen<\/li>\n<li>jatkuvan oppimisen puitteikko<\/li>\n<li>osaamisten kartoitukseen, hallintaan ja projektien suunnitteluun<\/li>\n<li>her\u00e4tehallinta ja muunto-ohjaus kehitykseen ja muutokseen<\/li>\n<li>rekrytointiin, resurssointiin ja organisointiin<\/li>\n<li>systeemiseen ty\u00f6h\u00f6n, tietovirtaohjaukseen ja tietojenhallintaan<\/li>\n<li>omaehtoiseen ansainnan kehitt\u00e4miseen ja ohjaamiseen<\/li>\n<li>kehityskohteiden tunnistamiseen, analysointiin ja jalostusasteen arvontamiseen<\/li>\n<li>menetelmien ja k\u00e4yt\u00e4nteiden vieminen yhteis\u00f6j\u00e4rjestelmiin henkil\u00f6kohtaisiksi ja tiimiyhteis\u00f6n ty\u00f6kaluiksi<\/li>\n<li>k\u00e4yt\u00f6ss\u00e4 mm. G Suite, Tiki, Moodle ja WordPress<\/li>\n<\/ul>\n<hr \/>\n<h3>LINKIT Wikipediaan<\/h3>\n<p>Wikipedia.org<br \/>\n<strong>Creative inspiration<\/strong><\/p>\n<ul>\n<li><a href=\"http:\/\/en.wikipedia.org\/wiki\/Intuition_(psychology)\" target=\"_blank\" rel=\"noopener noreferrer\">INTUITION <\/a><\/li>\n<li><a href=\"http:\/\/en.wikipedia.org\/wiki\/Invention\" target=\"_blank\" rel=\"noopener noreferrer\">INVENTION<\/a><\/li>\n<li><a href=\"http:\/\/en.wikipedia.org\/wiki\/Innovation\" target=\"_blank\" rel=\"noopener noreferrer\">INNOVATION<\/a><\/li>\n<\/ul>\n<hr \/>\n<p><strong>PSYCHOLOGY<\/strong><\/p>\n<ul>\n<li><a href=\"http:\/\/en.wikipedia.org\/wiki\/Cognitive_psychology\" target=\"_blank\" rel=\"noopener noreferrer\">Cognitive psychology<\/a><\/li>\n<li><a href=\"http:\/\/en.wikipedia.org\/wiki\/Neuropsychology\" target=\"_blank\" rel=\"noopener noreferrer\">Neuropsychology<\/a><\/li>\n<li><a href=\"http:\/\/en.wikipedia.org\/wiki\/Social_psychology\" target=\"_blank\" rel=\"noopener noreferrer\">Social psychology<\/a><\/li>\n<li><a href=\"http:\/\/en.wikipedia.org\/wiki\/Social_network_analysis\" target=\"_blank\" rel=\"noopener noreferrer\">Social network analysis<\/a><\/li>\n<li><a href=\"http:\/\/en.wikipedia.org\/wiki\/Personality_psychology\" target=\"_blank\" rel=\"noopener noreferrer\">Personality psychology<\/a><\/li>\n<li><a href=\"http:\/\/en.wikipedia.org\/wiki\/Self-determination_theory\" target=\"_blank\" rel=\"noopener noreferrer\">Self-determination\u00a0 (<b>SDT<\/b>)<\/a><\/li>\n<li><a href=\"http:\/\/en.wikipedia.org\/wiki\/Motivation\" target=\"_blank\" rel=\"noopener noreferrer\">Motivation<\/a><\/li>\n<li><a href=\"http:\/\/en.wikipedia.org\/wiki\/Emotional_intelligence\" target=\"_blank\" rel=\"noopener noreferrer\">Emotional intelligence<\/a><\/li>\n<li><a href=\"http:\/\/en.wikipedia.org\/wiki\/Neuro-linguistic_programming\" target=\"_blank\" rel=\"noopener noreferrer\">Neuro-linguistic_programming (<strong>NLP<\/strong>)<\/a><\/li>\n<li><a href=\"http:\/\/en.wikipedia.org\/wiki\/Methods_of_neuro-linguistic_programming\" target=\"_blank\" rel=\"noopener noreferrer\">Methods of Neuro-linguistic programming<\/a><\/li>\n<li><a href=\"http:\/\/en.wikipedia.org\/wiki\/Representational_systems_(NLP)\" target=\"_blank\" rel=\"noopener noreferrer\">Representational systems<\/a><\/li>\n<li><a href=\"http:\/\/en.wikipedia.org\/wiki\/Ontology\" target=\"_blank\" rel=\"noopener noreferrer\">Ontology<\/a><\/li>\n<li><a href=\"http:\/\/en.wikipedia.org\/wiki\/Semantics\" target=\"_blank\" rel=\"noopener noreferrer\">Semantics<\/a><\/li>\n<li><a href=\"http:\/\/en.wikipedia.org\/wiki\/Archetype\" target=\"_blank\" rel=\"noopener noreferrer\">Archetype<\/a><\/li>\n<\/ul>\n<hr \/>\n<p><strong>SYSTEMS<\/strong><\/p>\n<ul>\n<li><a href=\"http:\/\/en.wikipedia.org\/wiki\/Systems_theory\" target=\"_blank\" rel=\"noopener noreferrer\">Systems theory<\/a><\/li>\n<li><a href=\"http:\/\/en.wikipedia.org\/wiki\/Game_theory\">Game theory<\/a><\/li>\n<li><a href=\"http:\/\/en.wikipedia.org\/wiki\/Systems_thinking\" target=\"_blank\" rel=\"noopener noreferrer\">Systems thinking<\/a><\/li>\n<li><a href=\"http:\/\/en.wikipedia.org\/wiki\/Systems_dynamics\" target=\"_blank\" rel=\"noopener noreferrer\">Systems Dynamics<\/a><\/li>\n<li><a href=\"http:\/\/en.wikipedia.org\/wiki\/Domain_analysis\" target=\"_blank\" rel=\"noopener noreferrer\">Domain Analysis<\/a><\/li>\n<li><a href=\"http:\/\/en.wikipedia.org\/wiki\/Requirements_analysis\" target=\"_blank\" rel=\"noopener noreferrer\">Requirements Analysis<\/a><\/li>\n<li><a href=\"http:\/\/en.wikipedia.org\/wiki\/Design_Patterns\" target=\"_blank\" rel=\"noopener noreferrer\">Design Patterns<\/a><\/li>\n<li><a href=\"http:\/\/en.wikipedia.org\/wiki\/Workflow_patterns\" target=\"_blank\" rel=\"noopener noreferrer\">Workflow Patterns<\/a><\/li>\n<li><a href=\"http:\/\/en.wikipedia.org\/wiki\/Knowledge_Management\" target=\"_blank\" rel=\"noopener noreferrer\">KM (Knowledge Management)<\/a><\/li>\n<li><a href=\"http:\/\/en.wikipedia.org\/wiki\/Unified_Modeling_Language\" target=\"_blank\" rel=\"noopener noreferrer\">UML (Unified Modeling Language)<\/a><\/li>\n<li><a href=\"http:\/\/en.wikipedia.org\/wiki\/Case_tools\" target=\"_blank\" rel=\"noopener noreferrer\">CASE Tools<\/a><\/li>\n<li><a href=\"http:\/\/en.wikipedia.org\/wiki\/Parallel_computing\" target=\"_blank\" rel=\"noopener noreferrer\">Parallel Computing<\/a><\/li>\n<li><a href=\"http:\/\/en.wikipedia.org\/wiki\/Object-oriented_programming\" target=\"_blank\" rel=\"noopener noreferrer\">OOP (Object Oriented Programming)<\/a><\/li>\n<\/ul>\n<hr \/>\n<h3><span style=\"color: #000080;\"><strong>Palvelut<\/strong><\/span><\/h3>\n<ul>\n<li><a href=\"http:\/\/digitila.fi\/WP\/palvelutori\/\" target=\"_blank\" rel=\"noopener noreferrer\">DIGI Palvelu<\/a><\/li>\n<li><span style=\"color: #0000ff;\"><a href=\"https:\/\/digitila.fi\/WP\/tyopaja\/\" target=\"_blank\" rel=\"noopener noreferrer\">Digi PAJA<\/a><\/span><\/li>\n<li><a href=\"https:\/\/digitila.fi\/WP\/mentorointi\/\" target=\"_blank\" rel=\"noopener noreferrer\">Mentorointi<\/a><\/li>\n<li><span style=\"color: #0000ff;\"><a href=\"https:\/\/digitila.fi\/WP\/oppimo\/\" target=\"_blank\" rel=\"noopener noreferrer\">OPPIMO<\/a><\/span><\/li>\n<li><span style=\"color: #0000ff;\"><a href=\"https:\/\/digitila.fi\/WP\/digi-yhteiso\/\" target=\"_blank\" rel=\"noopener noreferrer\">Yhteis\u00f6j\u00e4rjestelm\u00e4<\/a><\/span><\/li>\n<\/ul>\n<hr \/>\n<p style=\"text-align: center;\"><strong>contact:<\/strong><a href=\"https:\/\/digitila.fi\/WP\/taustalla\/\" target=\"_blank\" rel=\"noopener noreferrer\"> Matti Pyykk\u00f6nen<\/a>\u00a0 \u00a0 \u00a0 \u00a0 \u00a0 \u00a0 \u00a0 \u00a92020 <a href=\"http:\/\/digitila.fi\/\" target=\"_blank\" rel=\"noopener noreferrer\">DigiTILA<\/a><\/p>\n<hr \/>\n<p style=\"text-align: center;\">\n","protected":false},"excerpt":{"rendered":"<p>\u00a0Sis\u00e4lt\u00f6 jalostuu..\u00a0 &#8211;\u00a0KUMPPANUUSOHJELMA KEHITTEILL\u00c4\u00a0&#8211; JOHDANTO T\u00e4h\u00e4n tilojen ja toimintojen virtualisointiin\u00a0suunnattuun DigiTILA \u00a0kehitykseen liittyy laaja kartoittava tutkimuksellinen osuus. Teht\u00e4v\u00e4 tutkimus- ja kehittelyty\u00f6 nivoutetaan j\u00e4rjestelyn k\u00e4yt\u00e4nn\u00f6n toteutukseen ja konseptuaaliseen tuotteistukseen. AIHEET 1. K\u00e4sitteist\u00f6 &#8211; Semantiikka Kehitysprosessiin liittyv\u00e4n k\u00e4sitteist\u00f6n, tiet\u00e4myksen, sovellustekniikan, menetelmien ja tiedon mallintaminen sek\u00e4 jakaminen verkostossa; systeemiset menetelm\u00e4t, ty\u00f6kalut ja tiet\u00e4myksen\/tiedon hallinta hajautetussa ja monialaisessa prosessoinnissa.&hellip;<\/p>\n","protected":false},"author":1,"featured_media":0,"parent":0,"menu_order":0,"comment_status":"open","ping_status":"open","template":"","meta":{"footnotes":""},"_links":{"self":[{"href":"https:\/\/digitila.fi\/WP\/wp-json\/wp\/v2\/pages\/2"}],"collection":[{"href":"https:\/\/digitila.fi\/WP\/wp-json\/wp\/v2\/pages"}],"about":[{"href":"https:\/\/digitila.fi\/WP\/wp-json\/wp\/v2\/types\/page"}],"author":[{"embeddable":true,"href":"https:\/\/digitila.fi\/WP\/wp-json\/wp\/v2\/users\/1"}],"replies":[{"embeddable":true,"href":"https:\/\/digitila.fi\/WP\/wp-json\/wp\/v2\/comments?post=2"}],"version-history":[{"count":21,"href":"https:\/\/digitila.fi\/WP\/wp-json\/wp\/v2\/pages\/2\/revisions"}],"predecessor-version":[{"id":510,"href":"https:\/\/digitila.fi\/WP\/wp-json\/wp\/v2\/pages\/2\/revisions\/510"}],"wp:attachment":[{"href":"https:\/\/digitila.fi\/WP\/wp-json\/wp\/v2\/media?parent=2"}],"curies":[{"name":"wp","href":"https:\/\/api.w.org\/{rel}","templated":true}]}}