{"id":200,"date":"2020-05-29T17:26:57","date_gmt":"2020-05-29T19:26:57","guid":{"rendered":"http:\/\/digitila.fi\/WP\/?page_id=200"},"modified":"2022-11-06T17:20:54","modified_gmt":"2022-11-06T19:20:54","slug":"prestart","status":"publish","type":"page","link":"https:\/\/digitila.fi\/WP\/prestart","title":{"rendered":"PreStart"},"content":{"rendered":"<hr \/>\n<h1>Valmistautuvan yritt\u00e4j\u00e4n palvelut<\/h1>\n<hr \/>\n<h3>IDEAKUVAUS &#8211; Idean todennus<\/h3>\n<ul>\n<li>unelmamalli<\/li>\n<li>kohdekartta<\/li>\n<li>hy\u00f6tykuvaus<\/li>\n<li>sovellusarvio<\/li>\n<\/ul>\n<hr \/>\n<h3>KONSEPTIKUVAUS &#8211; Ratkaisun muotoutus<\/h3>\n<ul>\n<li>konseptikooste<\/li>\n<li>ratkaisukuvaus<\/li>\n<li>arvokuvaus<\/li>\n<li>toteutuskuvaus<\/li>\n<\/ul>\n<hr \/>\n<h3>SOVELLUSKUVAUS &#8211; Sovelluksen m\u00e4\u00e4ritys<\/h3>\n<ul>\n<li>arkkitehtuuri<\/li>\n<li>toiminnallisuus<\/li>\n<li>ansaintamalli<\/li>\n<\/ul>\n<hr \/>\n<h3>Valmennus ja mentorointi<\/h3>\n<ul>\n<li>unelmasta ansaintaan<\/li>\n<li>yritt\u00e4minen yksin ja tiimiss\u00e4<\/li>\n<li>ansainnan toimintamalli<\/li>\n<li>kehitystiimin koostaminen<\/li>\n<li>sovellusteknologian valinnat<\/li>\n<li>ohjelmiston ja j\u00e4rjestelm\u00e4n suunnittelu<\/li>\n<li>kehitysty\u00f6kalut ja puitteikko<\/li>\n<\/ul>\n<hr \/>\n<h3>Verkoston kartoitus<\/h3>\n<ul>\n<li>asiakaspotentiaali<\/li>\n<li>saavutettavuuskanavat<\/li>\n<li>resurssitarve<\/li>\n<li>kumppanuusverkosto<\/li>\n<\/ul>\n<hr \/>\n<h3>Tiekartta ja eteneminen<\/h3>\n<ul>\n<li>etenemispolku<\/li>\n<li>toteutussuunnitelma<\/li>\n<li>aikataulu<\/li>\n<\/ul>\n<hr \/>\n<h3><a href=\"https:\/\/digitila.fi\/WP\/palvelutori\/\" target=\"_blank\" rel=\"noopener noreferrer\">Ty\u00f6tila verkossa<\/a><\/h3>\n<ul>\n<li>oma sivusto<\/li>\n<li>esittelytila<\/li>\n<li>kehityskeskus<\/li>\n<li>tietovarasto<\/li>\n<li>oma verkkoyhteis\u00f6<\/li>\n<li>viestint\u00e4 ja kommunikointi<\/li>\n<\/ul>\n<hr \/>\n<h3><span style=\"color: #000080;\"><strong>Palvelut<\/strong><\/span><\/h3>\n<ul>\n<li><a href=\"https:\/\/digitila.fi\/WP\/palvelutori\/\" target=\"_blank\" rel=\"noopener noreferrer\">Digi Palvelu<\/a><\/li>\n<li><span style=\"color: #0000ff;\"><a href=\"https:\/\/digitila.fi\/WP\/tyopaja\/\" target=\"_blank\" rel=\"noopener noreferrer\">Digi PAJA<\/a><\/span><\/li>\n<li><span style=\"color: #0000ff;\"><a href=\"https:\/\/digitila.fi\/WP\/oppimo\/\" target=\"_blank\" rel=\"noopener noreferrer\">OPPIMO<\/a><\/span><\/li>\n<li><span style=\"color: #0000ff;\"><a href=\"https:\/\/digitila.fi\/WP\/digi-yhteiso\/\" target=\"_blank\" rel=\"noopener noreferrer\">Yhteis\u00f6j\u00e4rjestelm\u00e4<\/a><\/span><\/li>\n<li><a href=\"https:\/\/digitila.fi\/WP\/mentorointi\/\" target=\"_blank\" rel=\"noopener noreferrer\">Mentorointi<\/a><\/li>\n<\/ul>\n<p style=\"text-align: center;\">\u00a0<\/p>\n\n\n<hr class=\"wp-block-separator has-alpha-channel-opacity\"\/>\n\n\n\n<p class=\"has-text-align-center\"><p class=\"has-text-align-center\"><strong>contact:<\/strong> <a rel=\"noreferrer noopener\" href=\"https:\/\/digitila.fi\/WP\/taustalla\/\" target=\"_blank\">Matti Pyykk\u00f6nen<\/a>\u00a0\u00a92022 <a rel=\"noopener noreferrer\" href=\"https:\/\/digitila.fi\/\" target=\"_blank\">DigiTILA<\/a><span style=\"font-size: revert; color: initial;\">   <\/span>Digitila Ventures Oy<br>Y-tunnus: 3314664-7<span style=\"font-size: revert; color: initial;\"> <\/span><\/p><\/p>\n\n\n\n<hr class=\"wp-block-separator has-alpha-channel-opacity\"\/>\n\n\n\n<p class=\"has-text-align-center\"><\/p>\n\n\n<p><\/p>\n<hr>","protected":false},"excerpt":{"rendered":"<p>Valmistautuvan yritt\u00e4j\u00e4n palvelut IDEAKUVAUS &#8211; Idean todennus unelmamalli kohdekartta hy\u00f6tykuvaus sovellusarvio KONSEPTIKUVAUS &#8211; Ratkaisun muotoutus konseptikooste ratkaisukuvaus arvokuvaus toteutuskuvaus SOVELLUSKUVAUS &#8211; Sovelluksen m\u00e4\u00e4ritys arkkitehtuuri toiminnallisuus ansaintamalli Valmennus ja mentorointi unelmasta ansaintaan yritt\u00e4minen yksin ja tiimiss\u00e4 ansainnan toimintamalli kehitystiimin koostaminen sovellusteknologian valinnat ohjelmiston ja j\u00e4rjestelm\u00e4n suunnittelu kehitysty\u00f6kalut ja puitteikko Verkoston kartoitus asiakaspotentiaali saavutettavuuskanavat resurssitarve kumppanuusverkosto Tiekartta&hellip;<\/p>\n","protected":false},"author":1,"featured_media":0,"parent":0,"menu_order":0,"comment_status":"closed","ping_status":"closed","template":"","meta":{"footnotes":""},"_links":{"self":[{"href":"https:\/\/digitila.fi\/WP\/wp-json\/wp\/v2\/pages\/200"}],"collection":[{"href":"https:\/\/digitila.fi\/WP\/wp-json\/wp\/v2\/pages"}],"about":[{"href":"https:\/\/digitila.fi\/WP\/wp-json\/wp\/v2\/types\/page"}],"author":[{"embeddable":true,"href":"https:\/\/digitila.fi\/WP\/wp-json\/wp\/v2\/users\/1"}],"replies":[{"embeddable":true,"href":"https:\/\/digitila.fi\/WP\/wp-json\/wp\/v2\/comments?post=200"}],"version-history":[{"count":8,"href":"https:\/\/digitila.fi\/WP\/wp-json\/wp\/v2\/pages\/200\/revisions"}],"predecessor-version":[{"id":686,"href":"https:\/\/digitila.fi\/WP\/wp-json\/wp\/v2\/pages\/200\/revisions\/686"}],"wp:attachment":[{"href":"https:\/\/digitila.fi\/WP\/wp-json\/wp\/v2\/media?parent=200"}],"curies":[{"name":"wp","href":"https:\/\/api.w.org\/{rel}","templated":true}]}}