{"id":202,"date":"2020-05-29T17:28:00","date_gmt":"2020-05-29T19:28:00","guid":{"rendered":"http:\/\/digitila.fi\/WP\/?page_id=202"},"modified":"2022-11-06T17:21:44","modified_gmt":"2022-11-06T19:21:44","slug":"startup","status":"publish","type":"page","link":"https:\/\/digitila.fi\/WP\/startup","title":{"rendered":"StartUp"},"content":{"rendered":"<p><a href=\"http:\/\/digitila.fi\/WP\/wp-content\/uploads\/2020\/06\/spiraali.jpg\" target=\"_blank\" rel=\"noopener noreferrer\"><img loading=\"lazy\" decoding=\"async\" class=\"alignnone wp-image-284 size-full\" src=\"http:\/\/digitila.fi\/WP\/wp-content\/uploads\/2020\/06\/spiraali.jpg\" alt=\"\" width=\"850\" height=\"625\" srcset=\"https:\/\/digitila.fi\/WP\/wp-content\/uploads\/2020\/06\/spiraali.jpg 850w, https:\/\/digitila.fi\/WP\/wp-content\/uploads\/2020\/06\/spiraali-300x221.jpg 300w, https:\/\/digitila.fi\/WP\/wp-content\/uploads\/2020\/06\/spiraali-768x565.jpg 768w, https:\/\/digitila.fi\/WP\/wp-content\/uploads\/2020\/06\/spiraali-840x618.jpg 840w\" sizes=\"(max-width: 850px) 100vw, 850px\" \/><\/a><\/p>\n<p><a href=\"http:\/\/digitila.fi\/WP\/wp-content\/uploads\/2020\/06\/Aloita-Com_MAP-1.png\" target=\"_blank\" rel=\"noopener noreferrer\"><img loading=\"lazy\" decoding=\"async\" class=\"alignnone wp-image-285 size-full\" src=\"http:\/\/digitila.fi\/WP\/wp-content\/uploads\/2020\/06\/Aloita-Com_MAP-1.png\" alt=\"\" width=\"800\" height=\"1000\" srcset=\"https:\/\/digitila.fi\/WP\/wp-content\/uploads\/2020\/06\/Aloita-Com_MAP-1.png 800w, https:\/\/digitila.fi\/WP\/wp-content\/uploads\/2020\/06\/Aloita-Com_MAP-1-240x300.png 240w, https:\/\/digitila.fi\/WP\/wp-content\/uploads\/2020\/06\/Aloita-Com_MAP-1-768x960.png 768w\" sizes=\"(max-width: 800px) 100vw, 800px\" \/><\/a><\/p>\n<hr \/>\n<h1>K\u00e4ynnistyv\u00e4n yrityksen palvelut<\/h1>\n<hr \/>\n<h3>Suunnitelmat<\/h3>\n<ul>\n<li>ISO KUVA<\/li>\n<li>markkinakuvaus<\/li>\n<li>markkinointi<\/li>\n<li>ansaintaideat<\/li>\n<li>ideatestaus<\/li>\n<li>tuotteistus<\/li>\n<li>kassavirtavarmistus<\/li>\n<\/ul>\n<hr \/>\n<h3>Liiketoiminta<\/h3>\n<ul>\n<li>tiimit<\/li>\n<li>tilat<\/li>\n<li>taloushallinto<\/li>\n<li>resurssointi<\/li>\n<li>ajoitus<\/li>\n<li>laskelmat<\/li>\n<li>budjetti<\/li>\n<li>rahoitus<\/li>\n<li>myynti<\/li>\n<\/ul>\n<hr \/>\n<h3>Perustaminen<\/h3>\n<ul>\n<li>osakkaat<\/li>\n<li>osalliset<\/li>\n<li>asiakirjat<\/li>\n<li>sopimukset<\/li>\n<li>k\u00e4yt\u00e4nn\u00f6n j\u00e4rjestelyt<\/li>\n<\/ul>\n<hr \/>\n<h3>Verkkopalvelut<\/h3>\n<ul>\n<li>suunnitelma<\/li>\n<li>verkkoty\u00f6tila<\/li>\n<li>yrityssivusto<\/li>\n<li>kauppapaikka<\/li>\n<li>asoiointipalvelut<\/li>\n<\/ul>\n<hr \/>\n<h3>K\u00e4yt\u00e4nn\u00f6n j\u00e4rjestelyt<\/h3>\n<ul>\n<li>Tilitoimisto<\/li>\n<li>Verkkotili<\/li>\n<li>Sopimuspohjat<\/li>\n<li>K\u00e4ynnistys<\/li>\n<li>Asiakashankinta<\/li>\n<li>Organisointi<\/li>\n<\/ul>\n<hr \/>\n<h3>Tiimivalmennus<\/h3>\n<ul>\n<li>Johtotiimi<\/li>\n<li>Neuvonantajat<\/li>\n<li>Asiakas<\/li>\n<li>Kehitys<\/li>\n<li>Tekniikka<\/li>\n<li>Tuotanto<\/li>\n<\/ul>\n<hr \/>\n<h3>Tuotekehitys<\/h3>\n<ul>\n<li>suunnitelma<\/li>\n<li>beta\/proto<\/li>\n<li>pilotointi<\/li>\n<li>kehitysohjelma<\/li>\n<\/ul>\n<hr \/>\n<h3>Markkinointi<\/h3>\n<ul>\n<li>suunnitelma<\/li>\n<li>k\u00e4yt\u00e4nn\u00f6t ja toimeenpano<\/li>\n<\/ul>\n<hr \/>\n<h3>Kaupallistaminen<\/h3>\n<ul>\n<li>v.1.0\/pilotti<\/li>\n<li>1.Asiakas<\/li>\n<\/ul>\n<hr \/>\n<p><a href=\"http:\/\/digitila.fi\/WP\/wp-content\/uploads\/2020\/06\/Lifecycle.jpg\" target=\"_blank\" rel=\"noopener noreferrer\"><img loading=\"lazy\" decoding=\"async\" class=\"alignnone wp-image-286 size-full\" src=\"http:\/\/digitila.fi\/WP\/wp-content\/uploads\/2020\/06\/Lifecycle.jpg\" alt=\"\" width=\"800\" height=\"600\" srcset=\"https:\/\/digitila.fi\/WP\/wp-content\/uploads\/2020\/06\/Lifecycle.jpg 800w, https:\/\/digitila.fi\/WP\/wp-content\/uploads\/2020\/06\/Lifecycle-300x225.jpg 300w, https:\/\/digitila.fi\/WP\/wp-content\/uploads\/2020\/06\/Lifecycle-768x576.jpg 768w\" sizes=\"(max-width: 800px) 100vw, 800px\" \/><\/a><\/p>\n<hr \/>\n<h3><span style=\"color: #000080;\"><strong>Palvelut<\/strong><\/span><\/h3>\n<ul>\n<li><a href=\"https:\/\/digitila.fi\/WP\/palvelutori\/\" target=\"_blank\" rel=\"noopener noreferrer\">DIGI Palvelu<\/a><\/li>\n<li><span style=\"color: #0000ff;\"><a href=\"https:\/\/digitila.fi\/WP\/tyopaja\/\" target=\"_blank\" rel=\"noopener noreferrer\">Ty\u00f6PAJA<\/a><\/span><\/li>\n<li><span style=\"color: #0000ff;\"><a href=\"https:\/\/digitila.fi\/WP\/oppimo\/\" target=\"_blank\" rel=\"noopener noreferrer\">OPPIMO<\/a><\/span><\/li>\n<li><span style=\"color: #0000ff;\"><a href=\"https:\/\/digitila.fi\/WP\/digi-yhteiso\/\" target=\"_blank\" rel=\"noopener noreferrer\">Yhteis\u00f6j\u00e4rjestelm\u00e4<\/a><\/span><\/li>\n<li><a href=\"https:\/\/digitila.fi\/WP\/mentorointi\/\" target=\"_blank\" rel=\"noopener noreferrer\">Mentorointi<\/a><\/li>\n<\/ul>\n\n\n<hr class=\"wp-block-separator has-alpha-channel-opacity\"\/>\n\n\n\n<p class=\"has-text-align-center\"><strong>contact:<\/strong> <a rel=\"noreferrer noopener\" href=\"https:\/\/digitila.fi\/WP\/taustalla\/\" target=\"_blank\">Matti Pyykk\u00f6nen<\/a>&nbsp;\u00a92022 <a rel=\"noopener noreferrer\" href=\"https:\/\/digitila.fi\/\" target=\"_blank\">DigiTILA<\/a><\/p>\n\n\n\n<p class=\"has-text-align-center\">Digitila Ventures Oy<br>Y-tunnus: 3314664-7<\/p>\n\n\n\n<hr class=\"wp-block-separator has-alpha-channel-opacity\"\/>\n\n\n<hr \/>\n\n\n<p><\/p>\n","protected":false},"excerpt":{"rendered":"<p>K\u00e4ynnistyv\u00e4n yrityksen palvelut Suunnitelmat ISO KUVA markkinakuvaus markkinointi ansaintaideat ideatestaus tuotteistus kassavirtavarmistus Liiketoiminta tiimit tilat taloushallinto resurssointi ajoitus laskelmat budjetti rahoitus myynti Perustaminen osakkaat osalliset asiakirjat sopimukset k\u00e4yt\u00e4nn\u00f6n j\u00e4rjestelyt Verkkopalvelut suunnitelma verkkoty\u00f6tila yrityssivusto kauppapaikka asoiointipalvelut K\u00e4yt\u00e4nn\u00f6n j\u00e4rjestelyt Tilitoimisto Verkkotili Sopimuspohjat K\u00e4ynnistys Asiakashankinta Organisointi Tiimivalmennus Johtotiimi Neuvonantajat Asiakas Kehitys Tekniikka Tuotanto Tuotekehitys suunnitelma beta\/proto pilotointi kehitysohjelma&hellip;<\/p>\n","protected":false},"author":1,"featured_media":0,"parent":0,"menu_order":0,"comment_status":"closed","ping_status":"closed","template":"","meta":{"footnotes":""},"_links":{"self":[{"href":"https:\/\/digitila.fi\/WP\/wp-json\/wp\/v2\/pages\/202"}],"collection":[{"href":"https:\/\/digitila.fi\/WP\/wp-json\/wp\/v2\/pages"}],"about":[{"href":"https:\/\/digitila.fi\/WP\/wp-json\/wp\/v2\/types\/page"}],"author":[{"embeddable":true,"href":"https:\/\/digitila.fi\/WP\/wp-json\/wp\/v2\/users\/1"}],"replies":[{"embeddable":true,"href":"https:\/\/digitila.fi\/WP\/wp-json\/wp\/v2\/comments?post=202"}],"version-history":[{"count":7,"href":"https:\/\/digitila.fi\/WP\/wp-json\/wp\/v2\/pages\/202\/revisions"}],"predecessor-version":[{"id":687,"href":"https:\/\/digitila.fi\/WP\/wp-json\/wp\/v2\/pages\/202\/revisions\/687"}],"wp:attachment":[{"href":"https:\/\/digitila.fi\/WP\/wp-json\/wp\/v2\/media?parent=202"}],"curies":[{"name":"wp","href":"https:\/\/api.w.org\/{rel}","templated":true}]}}