{"id":204,"date":"2020-05-29T17:29:16","date_gmt":"2020-05-29T19:29:16","guid":{"rendered":"http:\/\/digitila.fi\/WP\/?page_id=204"},"modified":"2022-11-06T17:23:41","modified_gmt":"2022-11-06T19:23:41","slug":"upstart","status":"publish","type":"page","link":"https:\/\/digitila.fi\/WP\/upstart","title":{"rendered":"UpStart"},"content":{"rendered":"<p><a href=\"http:\/\/digitila.fi\/WP\/wp-content\/uploads\/2020\/06\/spiraali.jpg\"><img loading=\"lazy\" decoding=\"async\" class=\"alignnone size-full wp-image-284\" src=\"http:\/\/digitila.fi\/WP\/wp-content\/uploads\/2020\/06\/spiraali.jpg\" alt=\"\" width=\"850\" height=\"625\" srcset=\"https:\/\/digitila.fi\/WP\/wp-content\/uploads\/2020\/06\/spiraali.jpg 850w, https:\/\/digitila.fi\/WP\/wp-content\/uploads\/2020\/06\/spiraali-300x221.jpg 300w, https:\/\/digitila.fi\/WP\/wp-content\/uploads\/2020\/06\/spiraali-768x565.jpg 768w, https:\/\/digitila.fi\/WP\/wp-content\/uploads\/2020\/06\/spiraali-840x618.jpg 840w\" sizes=\"(max-width: 850px) 100vw, 850px\" \/><\/a><\/p>\n<h2>Kasvavan yrityksen palvelut<\/h2>\n<ul>\n<li>Teknologiat &#8211; Kartoitus ja mahdollisuuksien mallit<\/li>\n<li>Suunnitelmat &#8211; K\u00e4yt\u00e4nt\u00f6\u00f6n soveltaminen<\/li>\n<li>Muutosvalmennus &#8211; Osaamiset ja verkosto<\/li>\n<\/ul>\n<p><a href=\"http:\/\/digitila.fi\/WP\/wp-content\/uploads\/2020\/06\/Aloita-Com_MAP-1.png\"><img loading=\"lazy\" decoding=\"async\" class=\"alignnone size-full wp-image-285\" src=\"http:\/\/digitila.fi\/WP\/wp-content\/uploads\/2020\/06\/Aloita-Com_MAP-1.png\" alt=\"\" width=\"800\" height=\"1000\" srcset=\"https:\/\/digitila.fi\/WP\/wp-content\/uploads\/2020\/06\/Aloita-Com_MAP-1.png 800w, https:\/\/digitila.fi\/WP\/wp-content\/uploads\/2020\/06\/Aloita-Com_MAP-1-240x300.png 240w, https:\/\/digitila.fi\/WP\/wp-content\/uploads\/2020\/06\/Aloita-Com_MAP-1-768x960.png 768w\" sizes=\"(max-width: 800px) 100vw, 800px\" \/><\/a><\/p>\n<h3>Kehityspalvelut<\/h3>\n<ul>\n<li>Tavoitekartta<\/li>\n<li>Kasvuetapit<\/li>\n<li>Operaatiomalli<\/li>\n<li>Etenemispolku<\/li>\n<li>Ohjaustiimi<\/li>\n<li>Henkil\u00f6valmennus<\/li>\n<\/ul>\n<hr \/>\n<h3><span style=\"color: #000080;\"><strong>Palvelut<\/strong><\/span><\/h3>\n<ul>\n<li><a href=\"https:\/\/digitila.fi\/WP\/palvelutori\/\" target=\"_blank\" rel=\"noopener noreferrer\">DIGI Palvelu<\/a><\/li>\n<li><span style=\"color: #0000ff;\"><a href=\"https:\/\/digitila.fi\/WP\/tyopaja\/\" target=\"_blank\" rel=\"noopener noreferrer\">Digi PAJA<\/a><\/span><\/li>\n<li><a href=\"https:\/\/digitila.fi\/WP\/mentorointi\/\" target=\"_blank\" rel=\"noopener noreferrer\">Mentorointi<\/a><\/li>\n<li><span style=\"color: #0000ff;\"><a href=\"https:\/\/digitila.fi\/WP\/oppimo\/\" target=\"_blank\" rel=\"noopener noreferrer\">OPPIMO<\/a><\/span><\/li>\n<li><span style=\"color: #0000ff;\"><a href=\"https:\/\/digitila.fi\/WP\/digi-yhteiso\/\" target=\"_blank\" rel=\"noopener noreferrer\">Yhteis\u00f6j\u00e4rjestelm\u00e4<\/a><\/span><\/li>\n<\/ul>\n<hr \/>\n<p style=\"text-align: center;\">\u00a0<\/p>\n\n\n<hr class=\"wp-block-separator has-alpha-channel-opacity\"\/>\n\n\n\n<p class=\"has-text-align-center\"><p class=\"has-text-align-center\"><strong>contact:<\/strong> <a rel=\"noreferrer noopener\" href=\"https:\/\/digitila.fi\/WP\/taustalla\/\" target=\"_blank\">Matti Pyykk\u00f6nen<\/a>\u00a0\u00a92022 <a rel=\"noopener noreferrer\" href=\"https:\/\/digitila.fi\/\" target=\"_blank\">DigiTILA<\/a><span style=\"font-size: revert; color: initial;\"> <\/span><\/p><\/p>\n\n\n\n<p class=\"has-text-align-center\"><p class=\"has-text-align-center\"><strong>Digitila Ventures Oy<\/strong><br>Y-tunnus: 3314664-7<\/p><\/p>\n\n\n\n<p class=\"has-text-align-center\"><\/p>\n\n\n\n<hr class=\"wp-block-separator has-alpha-channel-opacity\"\/>\n\n\n\n<p class=\"has-text-align-center\"><\/p>\n\n\n<p><\/p>\n<hr>","protected":false},"excerpt":{"rendered":"<p>Kasvavan yrityksen palvelut Teknologiat &#8211; Kartoitus ja mahdollisuuksien mallit Suunnitelmat &#8211; K\u00e4yt\u00e4nt\u00f6\u00f6n soveltaminen Muutosvalmennus &#8211; Osaamiset ja verkosto Kehityspalvelut Tavoitekartta Kasvuetapit Operaatiomalli Etenemispolku Ohjaustiimi Henkil\u00f6valmennus Palvelut DIGI Palvelu Digi PAJA Mentorointi OPPIMO Yhteis\u00f6j\u00e4rjestelm\u00e4 \u00a0 contact: Matti Pyykk\u00f6nen\u00a0\u00a92022 DigiTILA Digitila Ventures OyY-tunnus: 3314664-7<\/p>\n","protected":false},"author":1,"featured_media":0,"parent":0,"menu_order":0,"comment_status":"closed","ping_status":"closed","template":"","meta":{"footnotes":""},"_links":{"self":[{"href":"https:\/\/digitila.fi\/WP\/wp-json\/wp\/v2\/pages\/204"}],"collection":[{"href":"https:\/\/digitila.fi\/WP\/wp-json\/wp\/v2\/pages"}],"about":[{"href":"https:\/\/digitila.fi\/WP\/wp-json\/wp\/v2\/types\/page"}],"author":[{"embeddable":true,"href":"https:\/\/digitila.fi\/WP\/wp-json\/wp\/v2\/users\/1"}],"replies":[{"embeddable":true,"href":"https:\/\/digitila.fi\/WP\/wp-json\/wp\/v2\/comments?post=204"}],"version-history":[{"count":7,"href":"https:\/\/digitila.fi\/WP\/wp-json\/wp\/v2\/pages\/204\/revisions"}],"predecessor-version":[{"id":689,"href":"https:\/\/digitila.fi\/WP\/wp-json\/wp\/v2\/pages\/204\/revisions\/689"}],"wp:attachment":[{"href":"https:\/\/digitila.fi\/WP\/wp-json\/wp\/v2\/media?parent=204"}],"curies":[{"name":"wp","href":"https:\/\/api.w.org\/{rel}","templated":true}]}}