{"id":215,"date":"2020-05-29T17:43:24","date_gmt":"2020-05-29T19:43:24","guid":{"rendered":"http:\/\/digitila.fi\/WP\/?page_id=215"},"modified":"2022-11-08T05:42:58","modified_gmt":"2022-11-08T07:42:58","slug":"projekteja","status":"publish","type":"page","link":"https:\/\/digitila.fi\/WP\/projekteja","title":{"rendered":"Projekteja"},"content":{"rendered":"<p><a href=\"http:\/\/digitila.fi\/WP\/wp-content\/uploads\/2020\/06\/tiki-Projekti.png\" target=\"_blank\" rel=\"noopener noreferrer\"><img loading=\"lazy\" decoding=\"async\" class=\"alignnone wp-image-271 size-full\" src=\"http:\/\/digitila.fi\/WP\/wp-content\/uploads\/2020\/06\/tiki-Projekti.png\" alt=\"\" width=\"1000\" height=\"724\" srcset=\"https:\/\/digitila.fi\/WP\/wp-content\/uploads\/2020\/06\/tiki-Projekti.png 1000w, https:\/\/digitila.fi\/WP\/wp-content\/uploads\/2020\/06\/tiki-Projekti-300x217.png 300w, https:\/\/digitila.fi\/WP\/wp-content\/uploads\/2020\/06\/tiki-Projekti-768x556.png 768w, https:\/\/digitila.fi\/WP\/wp-content\/uploads\/2020\/06\/tiki-Projekti-840x608.png 840w\" sizes=\"(max-width: 1000px) 100vw, 1000px\" \/><\/a><\/p>\n<h3>Projektimalli<\/h3>\n<hr \/>\n<h3><a href=\"https:\/\/audiogis.com\/\" target=\"_blank\" rel=\"noopener noreferrer\">AudioGis.com<\/a><\/h3>\n<h3>Kehitett\u00e4v\u00e4t ratkaisut ja sovellukset perustuvat:<\/h3>\n<ul>\n<li>sijaintiin<\/li>\n<li>paikkaan<\/li>\n<li>positioon<\/li>\n<li>kohteeseen<\/li>\n<li>alueeseen<\/li>\n<li>reittiin<\/li>\n<li>virtuaalimalliin<\/li>\n<\/ul>\n<p>sidottuun \u00e4\u00e4ni-, puhe-, data-. kuva- ja video-viestint\u00e4\u00e4n sek\u00e4 mediasis\u00e4lt\u00f6jen tuottamiseen, tietoliikenteeseen ja mediahallintaan.<\/p>\n<p>Tuotamme teknisi\u00e4 ratkaisuja median ker\u00e4\u00e4miseen, koostamiseen, paikantamiseen, kommunikointiin, k\u00e4sittelyyn, varastointiin ja jakeluun.<\/p>\n<p>Kehit\u00e4mme pelillisi\u00e4 oppimis- ja simulointiymp\u00e4rist\u00f6j\u00e4 todellisiin tarpeisiin ja viihteeksi.<br \/>Muodostamme ratkaisuista dokumentoituja sovelluskonsepteja ja liiketoimintamalleja, joita lisenssointisopimuksen tehneet osalliset ovat oikeutettuja hy\u00f6dynt\u00e4m\u00e4\u00e4n omassa toiminnassaan.<\/p>\n<p>Konseptuaalisista sovellusratkaisuista kehit\u00e4mme demoja, prototyyppej\u00e4 ja k\u00e4ytt\u00f6pilotteja. Ratkaisujen hy\u00f6dyllisyys ja toteutettavuus k\u00e4yt\u00e4nt\u00f6\u00f6n varmennetaan koek\u00e4yt\u00f6iss\u00e4 ennen laajempaa tuotteistusta. Yksitt\u00e4iset tekniset ja tietotekniset ratkaisut testaamme kohdealueen todellisessa ymp\u00e4rist\u00f6ss\u00e4 ennen varsinaista tuotekehitys- ja tuotteistushankkeita. Kehitettyjen konseptien pohjalta suunnittelemme liiketoimintamallit.<\/p>\n<hr \/>\n<h3>konsepteja mm.<\/h3>\n<ul>\n<li>KoiraSaari<\/li>\n<li>SARnet<\/li>\n<li>Heart TRAIL<\/li>\n<li>PopUp Gallery<\/li>\n<li><a href=\"https:\/\/digitila.fi\/WP\/oppimo\/\" target=\"_blank\" rel=\"noopener noreferrer\">OPPIMO<\/a><\/li>\n<\/ul>\n<hr \/>\n<h3 style=\"padding-left: 40px;\">Palvelut<\/h3>\n<ul>\n<li style=\"list-style-type: none;\">\n<ul>\n<li><a href=\"https:\/\/digitila.fi\/WP\/palvelutori\/\" target=\"_blank\" rel=\"noopener noreferrer\">DIGI Palvelu<\/a><\/li>\n<li><span style=\"color: #0000ff;\"><a href=\"https:\/\/digitila.fi\/WP\/tyopaja\/\" target=\"_blank\" rel=\"noopener noreferrer\">Digi PAJA<\/a><\/span><\/li>\n<li><a href=\"https:\/\/digitila.fi\/WP\/mentorointi\/\" target=\"_blank\" rel=\"noopener noreferrer\">Mentorointi<\/a><\/li>\n<li><span style=\"color: #0000ff;\"><a href=\"https:\/\/digitila.fi\/WP\/oppimo\/\" target=\"_blank\" rel=\"noopener noreferrer\">OPPIMO<\/a><\/span><\/li>\n<li><span style=\"color: #0000ff;\"><span style=\"color: #0000ff;\"><a href=\"https:\/\/digitila.fi\/WP\/digi-yhteiso\/\" target=\"_blank\" rel=\"noopener noreferrer\">Yhteis\u00f6j\u00e4rjestelm\u00e4<\/a><\/span><\/span><\/li>\n<\/ul>\n<\/li>\n<\/ul>\n<hr \/>\n\n\n<p class=\"has-text-align-center\"><strong>contact:<\/strong> <a rel=\"noreferrer noopener\" href=\"https:\/\/digitila.fi\/WP\/taustalla\/\" target=\"_blank\">Matti Pyykk\u00f6nen<\/a>&nbsp;\u00a92022 <a rel=\"noopener noreferrer\" href=\"https:\/\/digitila.fi\/\" target=\"_blank\">DigiTILA<\/a><\/p>\n\n\n\n<p class=\"has-text-align-center\">Digitila Ventures Oy<br>Y-tunnus: 3314664-7<\/p>\n\n\n<hr>","protected":false},"excerpt":{"rendered":"<p>Projektimalli AudioGis.com Kehitett\u00e4v\u00e4t ratkaisut ja sovellukset perustuvat: sijaintiin paikkaan positioon kohteeseen alueeseen reittiin virtuaalimalliin sidottuun \u00e4\u00e4ni-, puhe-, data-. kuva- ja video-viestint\u00e4\u00e4n sek\u00e4 mediasis\u00e4lt\u00f6jen tuottamiseen, tietoliikenteeseen ja mediahallintaan. Tuotamme teknisi\u00e4 ratkaisuja median ker\u00e4\u00e4miseen, koostamiseen, paikantamiseen, kommunikointiin, k\u00e4sittelyyn, varastointiin ja jakeluun. Kehit\u00e4mme pelillisi\u00e4 oppimis- ja simulointiymp\u00e4rist\u00f6j\u00e4 todellisiin tarpeisiin ja viihteeksi.Muodostamme ratkaisuista dokumentoituja sovelluskonsepteja ja liiketoimintamalleja, joita lisenssointisopimuksen&hellip;<\/p>\n","protected":false},"author":1,"featured_media":0,"parent":0,"menu_order":0,"comment_status":"closed","ping_status":"closed","template":"","meta":{"footnotes":""},"_links":{"self":[{"href":"https:\/\/digitila.fi\/WP\/wp-json\/wp\/v2\/pages\/215"}],"collection":[{"href":"https:\/\/digitila.fi\/WP\/wp-json\/wp\/v2\/pages"}],"about":[{"href":"https:\/\/digitila.fi\/WP\/wp-json\/wp\/v2\/types\/page"}],"author":[{"embeddable":true,"href":"https:\/\/digitila.fi\/WP\/wp-json\/wp\/v2\/users\/1"}],"replies":[{"embeddable":true,"href":"https:\/\/digitila.fi\/WP\/wp-json\/wp\/v2\/comments?post=215"}],"version-history":[{"count":9,"href":"https:\/\/digitila.fi\/WP\/wp-json\/wp\/v2\/pages\/215\/revisions"}],"predecessor-version":[{"id":713,"href":"https:\/\/digitila.fi\/WP\/wp-json\/wp\/v2\/pages\/215\/revisions\/713"}],"wp:attachment":[{"href":"https:\/\/digitila.fi\/WP\/wp-json\/wp\/v2\/media?parent=215"}],"curies":[{"name":"wp","href":"https:\/\/api.w.org\/{rel}","templated":true}]}}