{"id":217,"date":"2020-05-29T17:44:21","date_gmt":"2020-05-29T19:44:21","guid":{"rendered":"http:\/\/digitila.fi\/WP\/?page_id=217"},"modified":"2022-11-06T17:40:51","modified_gmt":"2022-11-06T19:40:51","slug":"rain-maker","status":"publish","type":"page","link":"https:\/\/digitila.fi\/WP\/rain-maker","title":{"rendered":"Rain Maker"},"content":{"rendered":"<p><a href=\"http:\/\/digitila.fi\/WP\/wp-content\/uploads\/2018\/05\/RainMaker_Business.png\"><img loading=\"lazy\" decoding=\"async\" class=\"alignnone size-large wp-image-139\" src=\"http:\/\/digitila.fi\/WP\/wp-content\/uploads\/2018\/05\/RainMaker_Business-1024x767.png\" alt=\"\" width=\"740\" height=\"554\" srcset=\"https:\/\/digitila.fi\/WP\/wp-content\/uploads\/2018\/05\/RainMaker_Business-1024x767.png 1024w, https:\/\/digitila.fi\/WP\/wp-content\/uploads\/2018\/05\/RainMaker_Business-300x225.png 300w, https:\/\/digitila.fi\/WP\/wp-content\/uploads\/2018\/05\/RainMaker_Business-768x575.png 768w, https:\/\/digitila.fi\/WP\/wp-content\/uploads\/2018\/05\/RainMaker_Business.png 1440w\" sizes=\"(max-width: 740px) 100vw, 740px\" \/><\/a><\/p>\n<hr \/>\n<p>&#8221;<em>In business, a rainmaker is a person who brings in new business and wins new accounts almost by magic, since it is often not readily apparent how this new business activity is caused. It means generating substantial new business or additional cash flow from sources sometimes outside established business channels, sometimes by connecting with people in non-traditional or hidden markets, and sometimes by prompting current clients to spend more money. A rainmaker is usually a key figure in the business or organization, not merely a salesperson, but a principal or executive who is usually highly regarded within the enterprise.<\/em>&#8221;<\/p>\n<p><strong><a href=\"http:\/\/digitila.fi\/WP\/aloita\/wp-content\/uploads\/sites\/2\/2015\/09\/RainMaker.png\" target=\"_blank\" rel=\"noopener noreferrer\"><img loading=\"lazy\" decoding=\"async\" class=\"alignnone wp-image-153\" src=\"http:\/\/digitila.fi\/WP\/aloita\/wp-content\/uploads\/sites\/2\/2015\/09\/RainMaker-300x300.png\" alt=\"RainMaker\" width=\"716\" height=\"716\" \/><\/a><\/strong><\/p>\n<p><strong>Sa<\/strong><strong>teentekij\u00e4 <\/strong>tarvitaan jokaiseen yritykseen, mutta erityisen tarpeen se on kasvuhakuiseen ja -kykyiseen, teknologia-alan ns. StartUp-yritykseen, mielell\u00e4\u00e4n jo 1&#8217;st Client vaiheeseen kun yrityst\u00e4 vasta k\u00e4ynnistell\u00e4\u00e4n ja sijoittajaa haetaan.<\/p>\n<p>Kokenut ja alansa hyvin tunteva RainMaker toimii asiakkuuksien rakentamisen lis\u00e4ksi my\u00f6s verkoston rakentajana ja sijoittajien vakuuttajana.<\/p>\n<p><iframe loading=\"lazy\" style=\"width: 120px; height: 240px;\" src=\"\/\/ws-na.amazon-adsystem.com\/widgets\/q?ServiceVersion=20070822&amp;OneJS=1&amp;Operation=GetAdHtml&amp;MarketPlace=US&amp;source=ss&amp;ref=as_ss_li_til&amp;ad_type=product_link&amp;tracking_id=aloita99-20&amp;marketplace=amazon&amp;region=US&amp;placement=0786865954&amp;asins=0786865954&amp;linkId=4f1506a5591b241d764311011631cfd3&amp;show_border=true&amp;link_opens_in_new_window=true\" width=\"300\" height=\"150\" frameborder=\"0\" marginwidth=\"0\" marginheight=\"0\" scrolling=\"no\"><\/iframe><\/p>\n<p>Rainmakers are not born. They are made. And Jeffrey Fox&#8217;s powerful <strong>HOW TO BECOME A RAINMAKER<\/strong> will get you there.<\/p>\n<p>Filled with smart tips given in the Fox signature style, counter-intuitive, controversial, and practiced, this hard-hitting collection of sales advice shows readers how to woo, pursue, and finally win any customer. In witty, succinct chapters, Fox offers surprising, daring, and totally practical wisdom that will help readers rise above the competition in any company in any field. A terrific resource for CEOs, as well as anyone looking to distinguish themselves in sales&#8211;be it books, cars, or real estate&#8211;How to Become a Rainmaker offers the opportunity to rise above the competition in any company, in any field.<\/p>\n<hr \/>\n<h3><span style=\"color: #000080;\"><strong>Palvelut<\/strong><\/span><\/h3>\n<ul>\n<li><a href=\"https:\/\/digitila.fi\/WP\/palvelutori\/\" target=\"_blank\" rel=\"noopener noreferrer\">DIGI Palvelu<\/a><\/li>\n<li><span style=\"color: #0000ff;\"><a href=\"https:\/\/digitila.fi\/WP\/tyopaja\/\" target=\"_blank\" rel=\"noopener noreferrer\">Digi PAJA<\/a><\/span><\/li>\n<li><a href=\"https:\/\/digitila.fi\/WP\/mentorointi\/\" target=\"_blank\" rel=\"noopener noreferrer\">Mentorointi<\/a><\/li>\n<li><span style=\"color: #0000ff;\"><a href=\"https:\/\/digitila.fi\/WP\/oppimo\/\" target=\"_blank\" rel=\"noopener noreferrer\">OPPIMO<\/a><\/span><\/li>\n<li><span style=\"color: #0000ff;\"><a href=\"https:\/\/digitila.fi\/WP\/digi-yhteiso\/\" target=\"_blank\" rel=\"noopener noreferrer\" data-wplink-edit=\"true\">Yhteis\u00f6j\u00e4rjestelm\u00e4<\/a><\/span><\/li>\n<\/ul>\n<hr \/>\n<p style=\"text-align: center;\">\u00a0<\/p>\n\n\n<hr class=\"wp-block-separator has-alpha-channel-opacity\"\/>\n\n\n\n<p class=\"has-text-align-center\"><p class=\"has-text-align-center\"><strong>contact:<\/strong> <a rel=\"noreferrer noopener\" href=\"https:\/\/digitila.fi\/WP\/taustalla\/\" target=\"_blank\">Matti Pyykk\u00f6nen<\/a>\u00a0\u00a92022 <a rel=\"noopener noreferrer\" href=\"https:\/\/digitila.fi\/\" target=\"_blank\">DigiTILA<\/a><\/p><p class=\"has-text-align-center\">Digitila Ventures Oy<br>Y-tunnus: 3314664-7<span style=\"font-size: revert; color: initial;\"> <\/span><\/p><\/p>\n\n\n\n<hr class=\"wp-block-separator has-alpha-channel-opacity\"\/>\n\n\n\n<p class=\"has-text-align-center\"><\/p>\n\n\n<p><\/p>\n<hr>","protected":false},"excerpt":{"rendered":"<p>&#8221;In business, a rainmaker is a person who brings in new business and wins new accounts almost by magic, since it is often not readily apparent how this new business activity is caused. It means generating substantial new business or additional cash flow from sources sometimes outside established business channels, sometimes by connecting with people&hellip;<\/p>\n","protected":false},"author":1,"featured_media":0,"parent":0,"menu_order":0,"comment_status":"closed","ping_status":"closed","template":"","meta":{"footnotes":""},"_links":{"self":[{"href":"https:\/\/digitila.fi\/WP\/wp-json\/wp\/v2\/pages\/217"}],"collection":[{"href":"https:\/\/digitila.fi\/WP\/wp-json\/wp\/v2\/pages"}],"about":[{"href":"https:\/\/digitila.fi\/WP\/wp-json\/wp\/v2\/types\/page"}],"author":[{"embeddable":true,"href":"https:\/\/digitila.fi\/WP\/wp-json\/wp\/v2\/users\/1"}],"replies":[{"embeddable":true,"href":"https:\/\/digitila.fi\/WP\/wp-json\/wp\/v2\/comments?post=217"}],"version-history":[{"count":6,"href":"https:\/\/digitila.fi\/WP\/wp-json\/wp\/v2\/pages\/217\/revisions"}],"predecessor-version":[{"id":695,"href":"https:\/\/digitila.fi\/WP\/wp-json\/wp\/v2\/pages\/217\/revisions\/695"}],"wp:attachment":[{"href":"https:\/\/digitila.fi\/WP\/wp-json\/wp\/v2\/media?parent=217"}],"curies":[{"name":"wp","href":"https:\/\/api.w.org\/{rel}","templated":true}]}}