{"id":221,"date":"2020-05-29T17:47:09","date_gmt":"2020-05-29T19:47:09","guid":{"rendered":"http:\/\/digitila.fi\/WP\/?page_id=221"},"modified":"2022-11-06T17:55:15","modified_gmt":"2022-11-06T19:55:15","slug":"kickbox","status":"publish","type":"page","link":"https:\/\/digitila.fi\/WP\/kickbox","title":{"rendered":"Kickbox"},"content":{"rendered":"<h2><strong>Adobe Kickbox<\/strong><\/h2>\n<hr>\n<p><span style=\"color: #800000;\"><strong>Huom:<\/strong> T\u00e4m\u00e4 sivu on k\u00e4\u00e4nnetty suomeksi, pyrkien sis\u00e4llytt\u00e4m\u00e4\u00e4n Adoben alkuper\u00e4isen englanninkielisen viestin sanoman mahdollisimman tarkasti saman muotoisena<\/span><\/p>\n<hr>\n<p><a href=\"http:\/\/digitila.fi\/WP\/aloita\/wp-content\/uploads\/sites\/2\/2016\/04\/Best-Innovation-Program_sml.jpg\"><img loading=\"lazy\" decoding=\"async\" class=\"alignnone size-medium wp-image-235\" src=\"http:\/\/digitila.fi\/WP\/aloita\/wp-content\/uploads\/sites\/2\/2016\/04\/Best-Innovation-Program_sml-300x242.jpg\" alt=\"Best-Innovation-Program_sml\" width=\"300\" height=\"242\"><\/a><\/p>\n<ul>\n<li style=\"text-align: left;\">T\u00e4m\u00e4 Adoben VP of Creativity: n Mark Randallin keynote puheenvuorovideo menee yksityiskohtaisemmin Kickbox esimerkkeihin:<\/li>\n<\/ul>\n<p><iframe loading=\"lazy\" src=\"https:\/\/www.youtube.com\/embed\/aiOuDYUYv3s\" width=\"854\" height=\"480\" frameborder=\"0\" allowfullscreen=\"allowfullscreen\"><\/iframe><\/p>\n<hr>\n<h3>Mik\u00e4 on kickbox?<\/h3>\n<p>Kickbox on uusi innovaatioprosessi, jonka Adobe on kehitt\u00e4nyt omaan k\u00e4ytt\u00f6\u00f6ns\u00e4 ja avoimen l\u00e4hteen lisenssille (open source), jotta kaikki voivat k\u00e4ytt\u00e4\u00e4 sit\u00e4. Se on sek\u00e4 prosessi yksil\u00f6ille ett\u00e4 j\u00e4rjestelm\u00e4 t\u00e4m\u00e4n prosessin k\u00e4ytt\u00f6\u00f6nottamiseksi organisaation laajuisesti. Se on suunniteltu lis\u00e4\u00e4m\u00e4\u00e4n innovaattorien tehokkuutta, nopeuttamaan innovaatioiden jalostumista ja parantamaan mitattavissa olevia innovaatiotuloksia. Se voi my\u00f6s optimoida innovaatioinvestointeja v\u00e4hent\u00e4m\u00e4ll\u00e4 kustannuksia perinteisiin l\u00e4hestymistapoihin verrattuna.<\/p>\n<hr>\n<h3>Kenelle Kickbox on tarkoitettu?<\/h3>\n<p>Kickbox on suunniteltu sek\u00e4 yksitt\u00e4isille keksij\u00f6ille ett\u00e4 organisaatioille. Henkil\u00f6t voivat k\u00e4ytt\u00e4\u00e4 t\u00e4t\u00e4 menettelytapaa itse l\u00e4pi Kickbox-prosessin, ja organisaatiot voivat ottaa Kickbox-prosessin k\u00e4ytt\u00f6\u00f6n ty\u00f6ntekij\u00f6illeen laajemmassa mittakaavassa.<\/p>\n<hr>\n<h3>Mit\u00e4 KIckbox tekee?<\/h3>\n<p>Adobe Kickbox tarjoaa toiminnallisen prosessin uusien mahdollisuuksien l\u00f6yt\u00e4miseksi, asiakkaiden sitoutumisen vahvistamiseksi ja uuden liiketoimintapotentiaalin arvioimiseksi. Se sis\u00e4lt\u00e4\u00e4 ty\u00f6kaluja, jotka auttavat uudistajia m\u00e4\u00e4rittelem\u00e4\u00e4n, tarkentamaan, validoimaan ja kehitt\u00e4m\u00e4\u00e4n ideansa.<\/p>\n<hr>\n<h3>Kickbox auttaa uudistajia<\/h3>\n<ul>\n<li>Olemaan tehokkaampi ja omaamaan enemm\u00e4n vaikutuksia<\/li>\n<li>Rakentamaan arvokkaita el\u00e4m\u00e4taitoja ja kokemuksia (esimerkiksi ideointi, erilainen ajattelutapa ja yrityksen perustaminen)<\/li>\n<li>Lis\u00e4\u00e4m\u00e4\u00e4n ty\u00f6tyytyv\u00e4isyytt\u00e4 ja sitoutumista (kuten osallistujien arviointitulokset osoittavat)<\/li>\n<li>L\u00f6yt\u00e4m\u00e4\u00e4n (tai l\u00f6yt\u00e4m\u00e4\u00e4n uudelleen) heid\u00e4n intohimonsa ilahduttaa asiakkaita<\/li>\n<\/ul>\n<hr>\n<h3>Kickbox auttaa organisaatioita<\/h3>\n<ul>\n<li>Kasvattamaan innovaatioiden m\u00e4\u00e4r\u00e4\u00e4, laatua ja nopeutta koko organisaatiossa<\/li>\n<li>Vahvistaa nykyisi\u00e4 innovaattoreita olemaan entist\u00e4 tehokkaampia ja sitoutuneempia<\/li>\n<li>Tunnistamaan ja aktivoimaan piilev\u00e4t innovaattorit (jotka eiv\u00e4t ehk\u00e4 tied\u00e4 olevansa innovaattoreita)<\/li>\n<li>Edist\u00e4m\u00e4\u00e4n innovaatiokulttuuria ja houkuttelemaan innovaattoreita organisaatioon<\/li>\n<\/ul>\n<p>Jeremy Dann, apulaisprofessori USC Marshall School of Businessista, kirjoitti tapaustutkimuksen Adobe Kickboxista ja sanoi;<\/p>\n<p style=\"text-align: center;\">\u201d<em>Olen ty\u00f6skennellyt konsultoinnin, opetuksen ja kirjoittamisen v\u00e4lill\u00e4 noin kolmen kymmenen yrityksen innovaatio-ohjelmien parissa, mutta t\u00e4m\u00e4 on avoimin, silti kattava ty\u00f6ntekij\u00e4n innovaatiokyvykkyyden mobilisointi, jonka olen koskaan tavannut.<\/em> \u201d<\/p>\n<hr>\n<ul>\n<li>T\u00e4m\u00e4 nelj\u00e4n minuutin katsausvideo antaa sinulle tarkemman kuvan Kickboxista:<\/li>\n<\/ul>\n<p><iframe loading=\"lazy\" src=\"https:\/\/www.youtube.com\/embed\/VU4XYGuUh_0\" width=\"560\" height=\"315\" frameborder=\"0\" allowfullscreen=\"allowfullscreen\"><\/iframe><\/p>\n<hr>\n<h3>Mit\u00e4 Kickbox maksaa?<\/h3>\n<p>Voit ladata ja k\u00e4ytt\u00e4\u00e4 Kickboxia ilmaiseksi, koska Adobe tekee Kickboxista levitett\u00e4v\u00e4n Creative Commons, share-alike, -oikeuslisenssin nojalla. Katso lis\u00e4tietoja latauspaketin lisenssist\u00e4.<\/p>\n<hr>\n<h3>Mik\u00e4 on tarina Kickbox taustalla?<\/h3>\n<p>Kickbox kehitettiin Adobessa jalostamalla sit\u00e4 30 vuoden menestyksekk\u00e4iden innovaatiotoiminnan kokemuksella. Halusimme antaa yksitt\u00e4isille ty\u00f6ntekij\u00f6ille mahdollisuuden seurata heid\u00e4n vaistojaan esiin nousevista mahdollisuuksista, joten loimme innovaatio -in-a-box -paketin. Jokainen punainen laatikko (<strong>red box<\/strong>) sis\u00e4lt\u00e4\u00e4 kaiken mit\u00e4 ajattelemme yritysinnovaattorin tarvitsevan, mukaan lukien:<\/p>\n<ul>\n<li><strong><strong>Money &#8211; <\/strong><\/strong><strong style=\"font-size: inherit;\">Raha<\/strong><span style=\"font-size: inherit;\">. Jokainen red box sis\u00e4lt\u00e4\u00e4 ennakkomaksuna 1 000 dollarin luottokortin. Innovaattorit k\u00e4ytt\u00e4v\u00e4t n\u00e4it\u00e4 varoja ideansa validointiin.<\/span><\/li>\n<li><strong><strong>Instructions &#8211; <\/strong><\/strong><strong style=\"font-size: inherit;\">Ohjeet<\/strong><span style=\"font-size: inherit;\">. Kickbox sis\u00e4lt\u00e4\u00e4 pikaohjekortit, jotka kuvaavat red box:n kuutta tasoa. Jokainen kortti sis\u00e4lt\u00e4\u00e4 tarkistuslistan toimista, jotka innovoijien on suoritettava siirty\u00e4kseen seuraavalle tasolle.<\/span><\/li>\n<li><strong><strong>Other innovation tools &#8211; <\/strong><\/strong><strong style=\"font-size: inherit;\">Muut innovaatiov\u00e4lineet<\/strong><span style=\"font-size: inherit;\">. Niihin kuuluvat tuloskortit (scorecards), kehykset (frameworks), harjoitukset (exercises ja muu materiaali, jota k\u00e4ytet\u00e4\u00e4n ideoiden kehitt\u00e4miseen.<\/span><\/li>\n<li><strong><strong>Caffeine and sugar &#8211; <\/strong><\/strong><strong style=\"font-size: inherit;\">Kofeiini ja sokeri<\/strong><span style=\"font-size: inherit;\">. Jokainen red box&nbsp; sis\u00e4lt\u00e4\u00e4 Starbucks-lahjakortin ja karkkipatukan, koska me kaikki tied\u00e4mme, ett\u00e4 kaksi nelj\u00e4st\u00e4 suurimmasta innovaattoreiden ruokaryhm\u00e4st\u00e4 on kofeiini ja sokeri!<\/span><\/li>\n<\/ul>\n<hr>\n<p>T\u00e4h\u00e4n menness\u00e4 olemme jakanneet yli 1000 <strong>red box<\/strong>:ia Adoben ty\u00f6ntekij\u00f6ille ymp\u00e4ri maailmaa. Jos haluat kiihdytt\u00e4\u00e4 organisaatiosi innovaatioita, Kickbox saattaa auttaa.<\/p>\n<ul>\n<li><strong>LIS\u00c4TIETOJA:&nbsp; <\/strong><a href=\"https:\/\/www.kickbox.org\/\" target=\"_blank\" rel=\"noopener noreferrer\"><b>Kickbox.org<\/b><\/a><\/li>\n<\/ul>\n<p><a href=\"http:\/\/digitila.fi\/WP\/aloita\/wp-content\/uploads\/sites\/2\/2016\/04\/Best-Innovation-Program_sml.jpg\"><img loading=\"lazy\" decoding=\"async\" class=\"alignnone size-medium wp-image-235\" src=\"http:\/\/digitila.fi\/WP\/aloita\/wp-content\/uploads\/sites\/2\/2016\/04\/Best-Innovation-Program_sml-300x242.jpg\" alt=\"Best-Innovation-Program_sml\" width=\"600\" height=\"484\"><\/a><\/p>\n<hr>\n<h4>KICKBOX.ORG \u2013 KICKBOX FOUNDATION<\/h4>\n<p><a href=\"https:\/\/www.kickbox.org\/\" target=\"_blank\" rel=\"noopener noreferrer\"><b>Kickbox.org<\/b><\/a><\/p>\n<p>Kickbox on metodologia ty\u00f6ntekij\u00f6iden innovaatiotoiminnan aktivoimiseksi ja arvokkaiden liiketoimintatapausten luomiseksi yritykselle.<\/p>\n<p>Metodologian keksi Adobe, edelleen muotoili Swisscom, ja sit\u00e4 on mukautettu ja toteutettu tuhansissa yrityksiss\u00e4.<\/p>\n<p>Kickbox-s\u00e4\u00e4ti\u00f6 tarjoaa tilan Adoben ja Swisscomin jalostaman Kickboxin avoimen l\u00e4hdekoodin materiaalin jakamiseen ja mahdollisuuden vaihtaa ajatuksia muiden Kickbox-ammattilaisten kanssa.<\/p>\n<h4>Mik\u00e4 on Kickbox-s\u00e4\u00e4ti\u00f6?<\/h4>\n<p>&#8217;Avoimella l\u00e4hteell\u00e4&#8217; oli aina t\u00e4rke\u00e4 rooli kickbox-maailmassa. Adobe ja Swisscom ovat avoimesti hankkineet Kickbox-ohjelmiensa arvokkaita osia.<\/p>\n<p>Syyn\u00e4 siihen, ett\u00e4 molemmat organisaatiot antoivat jonkin verran materiaalia Kickbox-s\u00e4\u00e4ti\u00f6lle, on se, ett\u00e4 kaikkien tulee pysty\u00e4 validoimaan omia ideoitaan. Kaikkien olisi voitava testata liiketoimintaideat &#8211; riippumattomia, jos olet opiskelija, konsultti, johtaja tai innovaatio guru. Lis\u00e4ksi jokainen yritysjohtaja voi saada materiaalin hallussaan ja arvioida sit\u00e4, k\u00e4ytt\u00e4\u00e4 sit\u00e4 oman yrityksen innovaatio-ohjelmaansa tai ottaa yhteytt\u00e4 materiaalin takana oleviin ihmisiin.<\/p>\n<p>T\u00e4st\u00e4 syyst\u00e4 Adobe ja Swisscom jakoivat osan materiaalistaan. Jos olet kiinnostunut aktiivisesta vaihdosta monien muiden Kickbox-harjoittajien kanssa, liity <a href=\"https:\/\/kickboxorg.slack.com\/\" target=\"_blank\" rel=\"noopener noreferrer\">Slack Channel<\/a> -tapahtumaan.<\/p>\n\n\n<hr class=\"wp-block-separator has-css-opacity is-style-wide\"\/>\n\n\n\n<h3 class=\"wp-block-heading\"><strong>Palvelut<\/strong><\/h3>\n\n\n\n<ul><li><a href=\"https:\/\/digitila.fi\/WP\/palvelutori\/\">DIGI Palvelu<\/a><\/li><li><a rel=\"noreferrer noopener\" href=\"https:\/\/digitila.fi\/WP\/tyopaja\/\" target=\"_blank\">Digi PAJA<\/a><\/li><li><a rel=\"noreferrer noopener\" href=\"https:\/\/digitila.fi\/WP\/mentorointi\/\" target=\"_blank\">Mentorointi<\/a><\/li><li><a rel=\"noreferrer noopener\" href=\"https:\/\/digitila.fi\/WP\/oppimo\/\" target=\"_blank\">OPPIMO<\/a><\/li><li><a rel=\"noreferrer noopener\" href=\"https:\/\/digitila.fi\/WP\/digi-yhteiso\/\" target=\"_blank\">Yhteis\u00f6j\u00e4rjestelm\u00e4<\/a><\/li><\/ul>\n\n\n\n<hr class=\"wp-block-separator has-css-opacity is-style-wide\"\/>\n\n\n\n<p class=\"has-text-align-center\"><strong>contact:<\/strong> <a rel=\"noreferrer noopener\" href=\"https:\/\/digitila.fi\/WP\/taustalla\/\" target=\"_blank\">Matti Pyykk\u00f6nen<\/a>&nbsp;\u00a92022 <a rel=\"noopener noreferrer\" href=\"https:\/\/digitila.fi\/\" target=\"_blank\">DigiTILA<\/a><\/p>\n\n\n\n<p class=\"has-text-align-center\">Digitila Ventures Oy<br>Y-tunnus: 3314664-7<\/p>\n\n\n\n<hr class=\"wp-block-separator has-css-opacity is-style-wide\"\/>\n","protected":false},"excerpt":{"rendered":"<p>Adobe Kickbox Huom: T\u00e4m\u00e4 sivu on k\u00e4\u00e4nnetty suomeksi, pyrkien sis\u00e4llytt\u00e4m\u00e4\u00e4n Adoben alkuper\u00e4isen englanninkielisen viestin sanoman mahdollisimman tarkasti saman muotoisena T\u00e4m\u00e4 Adoben VP of Creativity: n Mark Randallin keynote puheenvuorovideo menee yksityiskohtaisemmin Kickbox esimerkkeihin: Mik\u00e4 on kickbox? Kickbox on uusi innovaatioprosessi, jonka Adobe on kehitt\u00e4nyt omaan k\u00e4ytt\u00f6\u00f6ns\u00e4 ja avoimen l\u00e4hteen lisenssille (open source), jotta kaikki voivat&hellip;<\/p>\n","protected":false},"author":1,"featured_media":0,"parent":0,"menu_order":0,"comment_status":"closed","ping_status":"closed","template":"","meta":{"footnotes":""},"_links":{"self":[{"href":"https:\/\/digitila.fi\/WP\/wp-json\/wp\/v2\/pages\/221"}],"collection":[{"href":"https:\/\/digitila.fi\/WP\/wp-json\/wp\/v2\/pages"}],"about":[{"href":"https:\/\/digitila.fi\/WP\/wp-json\/wp\/v2\/types\/page"}],"author":[{"embeddable":true,"href":"https:\/\/digitila.fi\/WP\/wp-json\/wp\/v2\/users\/1"}],"replies":[{"embeddable":true,"href":"https:\/\/digitila.fi\/WP\/wp-json\/wp\/v2\/comments?post=221"}],"version-history":[{"count":12,"href":"https:\/\/digitila.fi\/WP\/wp-json\/wp\/v2\/pages\/221\/revisions"}],"predecessor-version":[{"id":703,"href":"https:\/\/digitila.fi\/WP\/wp-json\/wp\/v2\/pages\/221\/revisions\/703"}],"wp:attachment":[{"href":"https:\/\/digitila.fi\/WP\/wp-json\/wp\/v2\/media?parent=221"}],"curies":[{"name":"wp","href":"https:\/\/api.w.org\/{rel}","templated":true}]}}