{"id":360,"date":"2020-06-07T14:28:59","date_gmt":"2020-06-07T16:28:59","guid":{"rendered":"http:\/\/digitila.fi\/WP\/?page_id=360"},"modified":"2022-11-06T17:55:56","modified_gmt":"2022-11-06T19:55:56","slug":"tyokaluohjelmia","status":"publish","type":"page","link":"https:\/\/digitila.fi\/WP\/tyokaluohjelmia","title":{"rendered":"Avoimia ty\u00f6kaluohjelmia"},"content":{"rendered":"\n<h4 class=\"wp-block-heading\">Toimisto-ohjelmistona LibreOffice<\/h4>\n\n\n\n<p>K\u00e4yt\u00e4mme yleisk\u00e4ytt\u00f6ist\u00e4, vapaasti saatavaa <a href=\"https:\/\/fi.libreoffice.org\/\" target=\"_blank\" rel=\"noreferrer noopener\">LibreOffice<\/a> toimisto-ohjlmistoa; tekstink\u00e4sittelyyn, taulukkolaskentaan, kalvoesityksiin, piirt\u00e4miseen ja pienimuotoisiin rekistereihin.<\/p>\n\n\n\n<h4 class=\"wp-block-heading\">Projektihallintaan ProjectLibre<\/h4>\n\n\n\n<p><a href=\"https:\/\/www.projectlibre.com\/products\" target=\"_blank\" rel=\"noreferrer noopener\">ProjectLibre<\/a> on vapaasti saatava, yleisk\u00e4ytt\u00f6inen projektien hallintaty\u00f6kalu.<\/p>\n\n\n\n<h4 class=\"wp-block-heading\">Kuvank\u00e4sittely ja grafiikka<\/h4>\n\n\n\n<p>Kuvank\u00e4sittelyohjelmistona k\u00e4yt\u00e4mme vapaasti saatavaa <a rel=\"noreferrer noopener\" href=\"https:\/\/www.gimp.org\/\" target=\"_blank\">GIMP<\/a> Ohjelmistoa.<br>Vektorigrafiikkaan perustuva piirto-ohjelma on vapaasti saatava <a href=\"https:\/\/inkscape.org\/\" target=\"_blank\" rel=\"noreferrer noopener\">Inkscape<\/a>.<\/p>\n\n\n\n<h4 class=\"wp-block-heading\">2D CAD<\/h4>\n\n\n\n<p>Kaksiulotteiseen tietokoneavusteiseen suunnitteluun ja suunnitelmadokumenttien tekniseen piirt\u00e4miseen sopii hyvin yksinkertainen, avoimeen koodiin perustuva ilmainen <a rel=\"noreferrer noopener\" href=\"https:\/\/librecad.org\/\" target=\"_blank\">LibreCAD<\/a>.<\/p>\n\n\n\n<hr class=\"wp-block-separator has-css-opacity is-style-wide\"\/>\n\n\n\n<h3 class=\"wp-block-heading\"><strong>Palvelut<\/strong><\/h3>\n\n\n\n<ul><li><a href=\"https:\/\/digitila.fi\/WP\/palvelutori\/\">DIGI Palvelu<\/a><\/li><li><a rel=\"noreferrer noopener\" href=\"https:\/\/digitila.fi\/WP\/tyopaja\/\" target=\"_blank\">Digi PAJA<\/a><\/li><li><a rel=\"noreferrer noopener\" href=\"https:\/\/digitila.fi\/WP\/mentorointi\/\" target=\"_blank\">Mentorointi<\/a><\/li><li><a rel=\"noreferrer noopener\" href=\"https:\/\/digitila.fi\/WP\/oppimo\/\" target=\"_blank\">OPPIMO<\/a><\/li><li><a rel=\"noreferrer noopener\" href=\"https:\/\/digitila.fi\/WP\/digi-yhteiso\/\" target=\"_blank\">Yhteis\u00f6j\u00e4rjestelm\u00e4<\/a><\/li><\/ul>\n\n\n\n<hr class=\"wp-block-separator has-css-opacity is-style-wide\"\/>\n\n\n\n<p class=\"has-text-align-center\"><strong>contact:<\/strong> <a rel=\"noreferrer noopener\" href=\"https:\/\/digitila.fi\/WP\/taustalla\/\" target=\"_blank\">Matti Pyykk\u00f6nen<\/a>&nbsp;\u00a92022 <a rel=\"noopener noreferrer\" href=\"https:\/\/digitila.fi\/\" target=\"_blank\">DigiTILA<\/a><\/p>\n\n\n\n<p class=\"has-text-align-center\">Digitila Ventures Oy<br>Y-tunnus: 3314664-7<\/p>\n\n\n\n<hr class=\"wp-block-separator has-css-opacity is-style-wide\"\/>\n\n\n\n<p><\/p>\n","protected":false},"excerpt":{"rendered":"<p>Toimisto-ohjelmistona LibreOffice K\u00e4yt\u00e4mme yleisk\u00e4ytt\u00f6ist\u00e4, vapaasti saatavaa LibreOffice toimisto-ohjlmistoa; tekstink\u00e4sittelyyn, taulukkolaskentaan, kalvoesityksiin, piirt\u00e4miseen ja pienimuotoisiin rekistereihin. Projektihallintaan ProjectLibre ProjectLibre on vapaasti saatava, yleisk\u00e4ytt\u00f6inen projektien hallintaty\u00f6kalu. Kuvank\u00e4sittely ja grafiikka Kuvank\u00e4sittelyohjelmistona k\u00e4yt\u00e4mme vapaasti saatavaa GIMP Ohjelmistoa.Vektorigrafiikkaan perustuva piirto-ohjelma on vapaasti saatava Inkscape. 2D CAD Kaksiulotteiseen tietokoneavusteiseen suunnitteluun ja suunnitelmadokumenttien tekniseen piirt\u00e4miseen sopii hyvin yksinkertainen, avoimeen koodiin perustuva ilmainen&hellip;<\/p>\n","protected":false},"author":1,"featured_media":0,"parent":0,"menu_order":0,"comment_status":"closed","ping_status":"closed","template":"","meta":{"footnotes":""},"_links":{"self":[{"href":"https:\/\/digitila.fi\/WP\/wp-json\/wp\/v2\/pages\/360"}],"collection":[{"href":"https:\/\/digitila.fi\/WP\/wp-json\/wp\/v2\/pages"}],"about":[{"href":"https:\/\/digitila.fi\/WP\/wp-json\/wp\/v2\/types\/page"}],"author":[{"embeddable":true,"href":"https:\/\/digitila.fi\/WP\/wp-json\/wp\/v2\/users\/1"}],"replies":[{"embeddable":true,"href":"https:\/\/digitila.fi\/WP\/wp-json\/wp\/v2\/comments?post=360"}],"version-history":[{"count":6,"href":"https:\/\/digitila.fi\/WP\/wp-json\/wp\/v2\/pages\/360\/revisions"}],"predecessor-version":[{"id":704,"href":"https:\/\/digitila.fi\/WP\/wp-json\/wp\/v2\/pages\/360\/revisions\/704"}],"wp:attachment":[{"href":"https:\/\/digitila.fi\/WP\/wp-json\/wp\/v2\/media?parent=360"}],"curies":[{"name":"wp","href":"https:\/\/api.w.org\/{rel}","templated":true}]}}