{"id":371,"date":"2020-06-09T04:38:21","date_gmt":"2020-06-09T06:38:21","guid":{"rendered":"http:\/\/digitila.fi\/WP\/?page_id=371"},"modified":"2022-11-06T17:53:41","modified_gmt":"2022-11-06T19:53:41","slug":"etatyo-uudet-mahdollisuudet","status":"publish","type":"page","link":"https:\/\/digitila.fi\/WP\/etatyo-uudet-mahdollisuudet","title":{"rendered":"ET\u00c4TY\u00d6"},"content":{"rendered":"\n<figure class=\"wp-block-image size-large\"><img loading=\"lazy\" decoding=\"async\" width=\"435\" height=\"622\" src=\"https:\/\/digitila.fi\/WP\/wp-content\/uploads\/2020\/06\/Et\u00e4ty\u00f6_kansi.jpg\" alt=\"\" class=\"wp-image-372\" srcset=\"https:\/\/digitila.fi\/WP\/wp-content\/uploads\/2020\/06\/Et\u00e4ty\u00f6_kansi.jpg 435w, https:\/\/digitila.fi\/WP\/wp-content\/uploads\/2020\/06\/Et\u00e4ty\u00f6_kansi-210x300.jpg 210w\" sizes=\"(max-width: 435px) 100vw, 435px\" \/><\/figure>\n\n\n\n<h2 class=\"wp-block-heading\">UUDET MAHDOLLISUUDET<br><\/h2>\n\n\n\n<p>Entist\u00e4\u00e4kin ajankohtaisempaa tietoutta on t\u00e4ss\u00e4 1995 kirjoitetussa et\u00e4ty\u00f6n oppaassa. <\/p>\n\n\n\n<p>Ansainnat on pienin\u00e4 puroina maailmalla &#8211; sanotaan. On jousto- ja p\u00e4tk\u00e4t\u00f6it\u00e4, tekij\u00e4ns\u00e4 eri osaamisalueisiin pohjaavia teht\u00e4vi\u00e4, joita tekem\u00e4ll\u00e4 syntyy tekij\u00e4lleen ansaintaa. Ihminen joutuu ottamaan enemm\u00e4n vastuuta omasta ansainnastaan ja toimeentulostaan. En\u00e4\u00e4 ei ole suvussa periytyvi\u00e4 ammattinimikkeeseen perustuvia, fyysiseen paikkaan sidottuja ty\u00f6paikkoja, joissa k\u00e4yd\u00e4\u00e4n suorittamassa ennalta m\u00e4\u00e4r\u00e4ttyj\u00e4 ty\u00f6teht\u00e4vi\u00e4 p\u00e4iv\u00e4st\u00e4 toiseen, el\u00e4keik\u00e4\u00e4n saakka. <\/p>\n\n\n\n<p> TY\u00d6 ja TY\u00d6PAIKKA k\u00e4sitteen\u00e4 on kuin veteen piirretty viiva. On parempi puhua nykyisin erialisista ansaintamuodoista, kuin &#8221;t\u00f6ist\u00e4&#8221;. Omaehtoinen, henkil\u00f6kohtaisiin kykyihin ja osaamisalueisiin perustuva tsety\u00f6llistyminen ja sit\u00e4 my\u00f6t\u00e4 ansainnan muodostaminen omaehtoisesti on l\u00e4ht\u00f6kohtaisesti tulevaisuuden tapa toimia. Monet toimivat n\u00e4in jo nyt.<\/p>\n\n\n\n<p>Useissa toimissa ja teht\u00e4viss\u00e4 ty\u00f6 perustuu ns. tietointensiivisyyteen, jolla kuvataan ajatteluty\u00f6t\u00e4,  tietotuotantoa, suunnittelua, kehityst\u00e4, sis\u00e4lt\u00f6jen luomista, tietoj\u00e4rjestelmien ja ohjelmistojen kehityst\u00e4, ohjelmointia, tukipalveluja ja j\u00e4rjestelmien k\u00e4ytt\u00f6\u00e4. Erilaiset opetus- ja opastusteht\u00e4v\u00e4t ovat luonteeltaan tietointensiivist\u00e4 ty\u00f6t\u00e4.  Yksil\u00f6n ja tiimien yhteist\u00f6ist\u00e4 muohdostuu kokonaisia osaamisalueita, joita voidaan hy\u00f6dynt\u00e4\u00e4 ansinnan mahdollistajina. N\u00e4ist\u00e4 syntyy jopa kokonaan uudelaisia, kokonaan digitaalisuuteen pohjaavia ansaintatoiminnan muotoja. Kaupank\u00e4ynti on jo siirtynyt verkkoon jo hyvin laajalti.<br><\/p>\n\n\n\n<p>DigiTILA palvelut perustaa toimintansa juuri t\u00e4mm\u00f6iseen verkostoty\u00f6h\u00f6n, sen luontiin, kehitykseen ja k\u00e4yt\u00e4nn\u00f6n ratkaisujen muodostamiseen.<\/p>\n\n\n\n<p><img loading=\"lazy\" decoding=\"async\" width=\"959\" height=\"720\" class=\"wp-image-378\" style=\"width: 600px;\" src=\"http:\/\/digitila.fi\/WP\/wp-content\/uploads\/2020\/06\/ikigai.jpg\" alt=\"\" srcset=\"https:\/\/digitila.fi\/WP\/wp-content\/uploads\/2020\/06\/ikigai.jpg 959w, https:\/\/digitila.fi\/WP\/wp-content\/uploads\/2020\/06\/ikigai-300x225.jpg 300w, https:\/\/digitila.fi\/WP\/wp-content\/uploads\/2020\/06\/ikigai-768x577.jpg 768w, https:\/\/digitila.fi\/WP\/wp-content\/uploads\/2020\/06\/ikigai-840x631.jpg 840w\" sizes=\"(max-width: 959px) 100vw, 959px\" \/><\/p>\n\n\n\n<h3 class=\"wp-block-heading\"><strong>Palvelut<\/strong><\/h3>\n\n\n\n<ul><li><a href=\"https:\/\/digitila.fi\/WP\/palvelutori\/\">DIGI Palvelu<\/a><\/li><li><a rel=\"noreferrer noopener\" href=\"https:\/\/digitila.fi\/WP\/tyopaja\/\" target=\"_blank\">Digi PAJA<\/a><\/li><li><a rel=\"noreferrer noopener\" href=\"https:\/\/digitila.fi\/WP\/mentorointi\/\" target=\"_blank\">Mentorointi<\/a><\/li><li><a rel=\"noreferrer noopener\" href=\"https:\/\/digitila.fi\/WP\/oppimo\/\" target=\"_blank\">OPPIMO<\/a><\/li><li><a rel=\"noreferrer noopener\" href=\"https:\/\/digitila.fi\/WP\/digi-yhteiso\/\" target=\"_blank\">Yhteis\u00f6j\u00e4rjestelm\u00e4<\/a><\/li><\/ul>\n\n\n\n<hr class=\"wp-block-separator has-css-opacity is-style-wide\"\/>\n\n\n\n<p class=\"has-text-align-center\"><strong>contact:<\/strong> <a rel=\"noreferrer noopener\" href=\"https:\/\/digitila.fi\/WP\/taustalla\/\" target=\"_blank\">Matti Pyykk\u00f6nen<\/a>&nbsp;\u00a92022 <a rel=\"noopener noreferrer\" href=\"https:\/\/digitila.fi\/\" target=\"_blank\">DigiTILA<\/a><\/p>\n\n\n\n<p class=\"has-text-align-center\">Digitila Ventures Oy<br>Y-tunnus: 3314664-7<\/p>\n\n\n\n<hr class=\"wp-block-separator has-css-opacity is-style-wide\"\/>\n\n\n\n<p><\/p>\n","protected":false},"excerpt":{"rendered":"<p>UUDET MAHDOLLISUUDET Entist\u00e4\u00e4kin ajankohtaisempaa tietoutta on t\u00e4ss\u00e4 1995 kirjoitetussa et\u00e4ty\u00f6n oppaassa. Ansainnat on pienin\u00e4 puroina maailmalla &#8211; sanotaan. On jousto- ja p\u00e4tk\u00e4t\u00f6it\u00e4, tekij\u00e4ns\u00e4 eri osaamisalueisiin pohjaavia teht\u00e4vi\u00e4, joita tekem\u00e4ll\u00e4 syntyy tekij\u00e4lleen ansaintaa. Ihminen joutuu ottamaan enemm\u00e4n vastuuta omasta ansainnastaan ja toimeentulostaan. En\u00e4\u00e4 ei ole suvussa periytyvi\u00e4 ammattinimikkeeseen perustuvia, fyysiseen paikkaan sidottuja ty\u00f6paikkoja, joissa k\u00e4yd\u00e4\u00e4n suorittamassa&hellip;<\/p>\n","protected":false},"author":1,"featured_media":0,"parent":0,"menu_order":0,"comment_status":"closed","ping_status":"closed","template":"","meta":{"footnotes":""},"_links":{"self":[{"href":"https:\/\/digitila.fi\/WP\/wp-json\/wp\/v2\/pages\/371"}],"collection":[{"href":"https:\/\/digitila.fi\/WP\/wp-json\/wp\/v2\/pages"}],"about":[{"href":"https:\/\/digitila.fi\/WP\/wp-json\/wp\/v2\/types\/page"}],"author":[{"embeddable":true,"href":"https:\/\/digitila.fi\/WP\/wp-json\/wp\/v2\/users\/1"}],"replies":[{"embeddable":true,"href":"https:\/\/digitila.fi\/WP\/wp-json\/wp\/v2\/comments?post=371"}],"version-history":[{"count":9,"href":"https:\/\/digitila.fi\/WP\/wp-json\/wp\/v2\/pages\/371\/revisions"}],"predecessor-version":[{"id":701,"href":"https:\/\/digitila.fi\/WP\/wp-json\/wp\/v2\/pages\/371\/revisions\/701"}],"wp:attachment":[{"href":"https:\/\/digitila.fi\/WP\/wp-json\/wp\/v2\/media?parent=371"}],"curies":[{"name":"wp","href":"https:\/\/api.w.org\/{rel}","templated":true}]}}