{"id":39,"date":"2015-03-30T07:18:28","date_gmt":"2015-03-30T09:18:28","guid":{"rendered":"http:\/\/digitila.fi\/WP\/?page_id=39"},"modified":"2022-11-08T06:17:43","modified_gmt":"2022-11-08T08:17:43","slug":"kehityskohteita","status":"publish","type":"page","link":"https:\/\/digitila.fi\/WP\/kuvaus\/kehityskohteita","title":{"rendered":"Kehityskohteita"},"content":{"rendered":"<p><a href=\"http:\/\/digitila.fi\/WP\/wp-content\/uploads\/2018\/05\/RainMaker_Business.png\" target=\"_blank\" rel=\"noopener noreferrer\"><img loading=\"lazy\" decoding=\"async\" class=\"alignnone wp-image-139 size-large\" src=\"http:\/\/digitila.fi\/WP\/wp-content\/uploads\/2018\/05\/RainMaker_Business-1024x767.png\" alt=\"\" width=\"740\" height=\"554\" srcset=\"https:\/\/digitila.fi\/WP\/wp-content\/uploads\/2018\/05\/RainMaker_Business-1024x767.png 1024w, https:\/\/digitila.fi\/WP\/wp-content\/uploads\/2018\/05\/RainMaker_Business-300x225.png 300w, https:\/\/digitila.fi\/WP\/wp-content\/uploads\/2018\/05\/RainMaker_Business-768x575.png 768w, https:\/\/digitila.fi\/WP\/wp-content\/uploads\/2018\/05\/RainMaker_Business.png 1440w\" sizes=\"(max-width: 740px) 100vw, 740px\" \/><\/a><\/p>\n<h3 style=\"padding-left: 40px;\">KEHITYKSESS\u00c4<\/h3>\n<ul>\n<li style=\"list-style-type: none;\">\n<ul>\n<li><a href=\"https:\/\/audiogis.com\/\" target=\"_blank\" rel=\"noopener noreferrer\">AudioGIS<\/a><\/li>\n<li><a href=\"https:\/\/audiogis.com\/index.php\/heart-trail\/\" target=\"_blank\" rel=\"noopener noreferrer\">HeartTrail<\/a><\/li>\n<li><a href=\"https:\/\/audiogis.com\/index.php\/sar-net\/\" target=\"_blank\" rel=\"noopener noreferrer\">SAR Net<\/a><\/li>\n<li><a href=\"https:\/\/digitila.fi\/WP\/K-9\/\" target=\"_blank\" rel=\"noopener noreferrer\" data-wplink-edit=\"true\">KoiraSaari<\/a><\/li>\n<li>PopUp GALLERY<\/li>\n<\/ul>\n<\/li>\n<\/ul>\n<h3 style=\"padding-left: 40px;\"><a href=\"https:\/\/digitila.fi\/WP\/digi-yhteiso\/\" target=\"_blank\" rel=\"noopener noreferrer\">DIGI Yhteis\u00f6<\/a><\/h3>\n<ul>\n<li style=\"list-style-type: none;\">\n<ul>\n<li style=\"list-style-type: none;\">\n<ul>\n<li><a href=\"https:\/\/digitila.fi\/WP\/makers\/\" target=\"_blank\" rel=\"noopener noreferrer\">MAKER&#8217;S HUB<\/a><\/li>\n<li><a href=\"https:\/\/digitila.fi\/WP\/koheesio\/\" target=\"_blank\" rel=\"noopener noreferrer\">KOHEESIO<\/a><\/li>\n<li><a href=\"https:\/\/digitila.fi\/WP\/tiimi\/\" target=\"_blank\" rel=\"noopener noreferrer\">TIIMIT<\/a><\/li>\n<li><a href=\"https:\/\/digitila.fi\/WP\/projekteja\/\" target=\"_blank\" rel=\"noopener noreferrer\">PROJEKTEJA<\/a><\/li>\n<\/ul>\n<\/li>\n<\/ul>\n<\/li>\n<\/ul>\n<hr \/>\n<p style=\"padding-left: 40px;\">Facebook ryhm\u00e4ss\u00e4 <a href=\"https:\/\/www.facebook.com\/digitila.aloita\">Aloita.com &#8211; Maker&#8217;s HUB<\/a><\/p>\n<hr \/>\n<h3><span style=\"color: #000080;\"><strong>Palvelut<\/strong><\/span><\/h3>\n<ul>\n<li><a href=\"https:\/\/digitila.fi\/WP\/palvelutori\/\" target=\"_blank\" rel=\"noopener noreferrer\">DIGI Palvelu<\/a><\/li>\n<li><span style=\"color: #0000ff;\"><a href=\"https:\/\/digitila.fi\/WP\/tyopaja\/\" target=\"_blank\" rel=\"noopener noreferrer\">Digi PAJA<\/a><\/span><\/li>\n<li><a href=\"https:\/\/digitila.fi\/WP\/mentorointi\/\" target=\"_blank\" rel=\"noopener noreferrer\">Mentorointi<\/a><\/li>\n<li><span style=\"color: #0000ff;\"><a href=\"https:\/\/digitila.fi\/WP\/oppimo\/\" target=\"_blank\" rel=\"noopener noreferrer\">OPPIMO<\/a><\/span><\/li>\n<li><span style=\"color: #0000ff;\"><span style=\"color: #0000ff;\"><a href=\"https:\/\/digitila.fi\/WP\/digi-yhteiso\/\" target=\"_blank\" rel=\"noopener noreferrer\">Yhteis\u00f6j\u00e4rjestelm\u00e4<br \/><\/a><\/span><\/span><\/li>\n<\/ul>\n\n\n<\/a><\/span><\/span>\n<p class=\"has-text-align-center\">\u00a0<\/p>\n<\/li>\n<\/ul>\n<p>\u00a0<\/p>\n<p class=\"has-text-align-center\"><strong>contact:<\/strong> <a href=\"https:\/\/digitila.fi\/WP\/taustalla\/\" target=\"_blank\" rel=\"noreferrer noopener\">Matti Pyykk\u00f6nen<\/a>\u00a0\u00a92022 <a href=\"https:\/\/digitila.fi\/\" target=\"_blank\" rel=\"noopener noreferrer\">DigiTILA<\/a><\/p>\n<p><span style=\"color: #0000ff;\"><span style=\"color: #0000ff;\"><a href=\"https:\/\/digitila.fi\/WP\/digi-yhteiso\/\" target=\"_blank\" rel=\"noopener noreferrer\">\n\n\n\n<\/a><\/span><\/span><\/p>\n<p class=\"has-text-align-center\">Digitila Ventures Oy<br \/>Y-tunnus: 3314664-7<\/p>\n<p><span style=\"color: #0000ff;\"><a href=\"https:\/\/digitila.fi\/WP\/digi-yhteiso\/\" target=\"_blank\" rel=\"noopener noreferrer\">\n\n\n<p><\/p>\n\n\n<hr class=\"wp-block-separator has-alpha-channel-opacity\"\/>\n","protected":false},"excerpt":{"rendered":"<p>KEHITYKSESS\u00c4 AudioGIS HeartTrail SAR Net KoiraSaari PopUp GALLERY DIGI Yhteis\u00f6 MAKER&#8217;S HUB KOHEESIO TIIMIT PROJEKTEJA Facebook ryhm\u00e4ss\u00e4 Aloita.com &#8211; Maker&#8217;s HUB Palvelut DIGI Palvelu Digi PAJA Mentorointi OPPIMO Yhteis\u00f6j\u00e4rjestelm\u00e4 \u00a0 \u00a0 contact: Matti Pyykk\u00f6nen\u00a0\u00a92022 DigiTILA Digitila Ventures OyY-tunnus: 3314664-7<\/p>\n","protected":false},"author":1,"featured_media":0,"parent":2,"menu_order":0,"comment_status":"open","ping_status":"open","template":"","meta":{"footnotes":""},"_links":{"self":[{"href":"https:\/\/digitila.fi\/WP\/wp-json\/wp\/v2\/pages\/39"}],"collection":[{"href":"https:\/\/digitila.fi\/WP\/wp-json\/wp\/v2\/pages"}],"about":[{"href":"https:\/\/digitila.fi\/WP\/wp-json\/wp\/v2\/types\/page"}],"author":[{"embeddable":true,"href":"https:\/\/digitila.fi\/WP\/wp-json\/wp\/v2\/users\/1"}],"replies":[{"embeddable":true,"href":"https:\/\/digitila.fi\/WP\/wp-json\/wp\/v2\/comments?post=39"}],"version-history":[{"count":26,"href":"https:\/\/digitila.fi\/WP\/wp-json\/wp\/v2\/pages\/39\/revisions"}],"predecessor-version":[{"id":717,"href":"https:\/\/digitila.fi\/WP\/wp-json\/wp\/v2\/pages\/39\/revisions\/717"}],"up":[{"embeddable":true,"href":"https:\/\/digitila.fi\/WP\/wp-json\/wp\/v2\/pages\/2"}],"wp:attachment":[{"href":"https:\/\/digitila.fi\/WP\/wp-json\/wp\/v2\/media?parent=39"}],"curies":[{"name":"wp","href":"https:\/\/api.w.org\/{rel}","templated":true}]}}