{"id":4,"date":"2015-03-18T13:12:26","date_gmt":"2015-03-18T13:12:26","guid":{"rendered":"http:\/\/digitila.fi\/WP\/?page_id=4"},"modified":"2022-11-06T17:47:09","modified_gmt":"2022-11-06T19:47:09","slug":"blueroom","status":"publish","type":"page","link":"https:\/\/digitila.fi\/WP\/blueroom","title":{"rendered":"DigiTILA BlueRoom"},"content":{"rendered":"<iframe loading=\"lazy\" src=\"https:\/\/www.youtube.com\/embed\/ecMOX8_GeRY\" width=\"640\" height=\"360\" frameborder=\"0\" allowfullscreen=\"allowfullscreen\"><\/iframe>\n<h2 class=\"showhide_heading\"><span style=\"color: #333399;\">Tilaa sinisten ajatusten\u00a0virtaukseen<\/span><\/h2>\n<ul>\n \t<li>Fyysiset yhteis\u00f6tilat et\u00e4isestikin keskin\u00e4isess\u00e4 vuorovaikutuksessa<\/li>\n \t<li>Teknologian tukema tiet\u00e4mystuotannon prosessointi ja hallinta<\/li>\n \t<li>Verkostoituva viestint\u00e4,\u00a0kommunikointi ja tiimitoiminta<\/li>\n \t<li>Mukautuvasti viihtyis\u00e4 toimintol\u00e4ht\u00f6inen\u00a0milj\u00f6\u00f6<\/li>\n \t<li>T\u00e4ydentyv\u00e4 todellisuus vuorovaikutukseen<\/li>\n \t<li>Intuitiivisesti oppiva \u00e4lyllinen ymp\u00e4rist\u00f6<\/li>\n \t<li>Tiet\u00e4myshallinnan pilvipalvelu<\/li>\n \t<li>Oivaltamisen ohjaamo<\/li>\n<\/ul>\n<iframe loading=\"lazy\" src=\"https:\/\/www.youtube.com\/embed\/7d59O6cfaM0\" width=\"800\" height=\"500\" frameborder=\"0\" allowfullscreen=\"allowfullscreen\"><\/iframe>\n<h2 class=\"showhide_heading\"><span style=\"color: #000080;\">Tavoitteena verkoston itseohjautuvuus<\/span><\/h2>\n<ul>\n \t<li>Kehityksen ja muutostarpeiden her\u00e4tteet tunnistettu<\/li>\n \t<li>Resurssit, kokemuspohja ja osaamiset varmennettu<\/li>\n \t<li>Roolitettu toiminnanohjaus ja tiet\u00e4myksen virtautus hallittu<\/li>\n \t<li>Prosessit, k\u00e4yt\u00e4nteet ja menetelm\u00e4t kehitykselle asemoitu<\/li>\n \t<li>Jaettu ja hajautuva k\u00e4sittelykokonaisuus koordinoitu<\/li>\n \t<li>Portfoliopohjainen oppiminen valmennettu<\/li>\n \t<li>Geneerisesti skaalautuva puitteikko systeemisesti ohjattu<\/li>\n \t<li>Toimijaverkoston vuorovaikutus virtualisoidusti l\u00e4sn\u00e4istetty<\/li>\n<\/ul>\n&gt; <strong><a href=\"https:\/\/digitila.fi\/WP\/kuvaus\/\">KUVAUS<\/a><\/strong>\n\n<hr \/>\n\n<h3><span style=\"color: #000080;\"><strong>Palvelut<\/strong><\/span><\/h3>\n<ul>\n \t<li><a href=\"https:\/\/digitila.fi\/WP\/palvelutori\/\" target=\"_blank\" rel=\"noopener noreferrer\">DIGI Palvelu<\/a><\/li>\n \t<li><span style=\"color: #0000ff;\"><a href=\"https:\/\/digitila.fi\/WP\/tyopaja\/\" target=\"_blank\" rel=\"noopener noreferrer\">Digi PAJA<\/a><\/span><\/li>\n \t<li><a href=\"https:\/\/digitila.fi\/WP\/mentorointi\/\" target=\"_blank\" rel=\"noopener noreferrer\">Mentorointi<\/a><\/li>\n \t<li><span style=\"color: #0000ff;\"><a href=\"https:\/\/digitila.fi\/WP\/oppimo\/\" target=\"_blank\" rel=\"noopener noreferrer\">OPPIMO<\/a><\/span><\/li>\n \t<li><span style=\"color: #0000ff;\"><a href=\"https:\/\/digitila.fi\/WP\/digi-yhteiso\/\" target=\"_blank\" rel=\"noopener noreferrer\">Yhteis\u00f6j\u00e4rjestelm\u00e4<\/a><\/span><\/li>\n<\/ul>\n\n<hr \/>\n<p style=\"text-align: center;\"><\/p>\n<p class=\"has-text-align-center\"><strong>contact:<\/strong> <a href=\"https:\/\/digitila.fi\/WP\/taustalla\/\" target=\"_blank\" rel=\"noreferrer noopener\">Matti Pyykk\u00f6nen<\/a>\u00a0\u00a92022 <a href=\"https:\/\/digitila.fi\/\" target=\"_blank\" rel=\"noopener noreferrer\">DigiTILA<\/a><\/p>\n<p style=\"text-align: center;\"> <\/p>\n<p class=\"has-text-align-center\">Digitila Ventures Oy\nY-tunnus: 3314664-7<\/p>\n\n\n<hr \/>\n<p style=\"text-align: center;\"><\/p>\n\n\n<hr \/>","protected":false},"excerpt":{"rendered":"<p>Tilaa sinisten ajatusten\u00a0virtaukseen Fyysiset yhteis\u00f6tilat et\u00e4isestikin keskin\u00e4isess\u00e4 vuorovaikutuksessa Teknologian tukema tiet\u00e4mystuotannon prosessointi ja hallinta Verkostoituva viestint\u00e4,\u00a0kommunikointi ja tiimitoiminta Mukautuvasti viihtyis\u00e4 toimintol\u00e4ht\u00f6inen\u00a0milj\u00f6\u00f6 T\u00e4ydentyv\u00e4 todellisuus vuorovaikutukseen Intuitiivisesti oppiva \u00e4lyllinen ymp\u00e4rist\u00f6 Tiet\u00e4myshallinnan pilvipalvelu Oivaltamisen ohjaamo Tavoitteena verkoston itseohjautuvuus Kehityksen ja muutostarpeiden her\u00e4tteet tunnistettu Resurssit, kokemuspohja ja osaamiset varmennettu Roolitettu toiminnanohjaus ja tiet\u00e4myksen virtautus hallittu Prosessit, k\u00e4yt\u00e4nteet ja menetelm\u00e4t&hellip;<\/p>\n","protected":false},"author":1,"featured_media":0,"parent":0,"menu_order":0,"comment_status":"open","ping_status":"open","template":"","meta":{"footnotes":""},"_links":{"self":[{"href":"https:\/\/digitila.fi\/WP\/wp-json\/wp\/v2\/pages\/4"}],"collection":[{"href":"https:\/\/digitila.fi\/WP\/wp-json\/wp\/v2\/pages"}],"about":[{"href":"https:\/\/digitila.fi\/WP\/wp-json\/wp\/v2\/types\/page"}],"author":[{"embeddable":true,"href":"https:\/\/digitila.fi\/WP\/wp-json\/wp\/v2\/users\/1"}],"replies":[{"embeddable":true,"href":"https:\/\/digitila.fi\/WP\/wp-json\/wp\/v2\/comments?post=4"}],"version-history":[{"count":23,"href":"https:\/\/digitila.fi\/WP\/wp-json\/wp\/v2\/pages\/4\/revisions"}],"predecessor-version":[{"id":699,"href":"https:\/\/digitila.fi\/WP\/wp-json\/wp\/v2\/pages\/4\/revisions\/699"}],"wp:attachment":[{"href":"https:\/\/digitila.fi\/WP\/wp-json\/wp\/v2\/media?parent=4"}],"curies":[{"name":"wp","href":"https:\/\/api.w.org\/{rel}","templated":true}]}}