{"id":721,"date":"2022-12-05T11:54:04","date_gmt":"2022-12-05T13:54:04","guid":{"rendered":"https:\/\/digitila.fi\/WP\/?page_id=721"},"modified":"2025-08-01T07:03:28","modified_gmt":"2025-08-01T09:03:28","slug":"artikkelit-2021-2025","status":"publish","type":"page","link":"https:\/\/digitila.fi\/WP\/artikkelit-2021-2025","title":{"rendered":"Artikkelit 2021-2025"},"content":{"rendered":"\n<p><strong>2021<\/strong><\/p>\n\n\n\n<p><strong>Osaamisten hallinta<\/strong><br><a href=\"https:\/\/journal.laurea.fi\/ikigai-oman-osaamisen-ja-elaman-merkityksen-tunnistaminen\/\" target=\"_blank\" rel=\"noreferrer noopener\">https:\/\/journal.laurea.fi\/ikigai-oman-osaamisen-ja-elaman-merkityksen-tunnistaminen\/<\/a><br><\/p>\n\n\n\n<p><strong>Osaamisten tunnistaminen<\/strong><br><a href=\"https:\/\/journal.laurea.fi\/henkilokohtaisen-osaamisen-tunnistaminen-teollisuuden-huippuosaaja-cee-hankkeessa\/\" target=\"_blank\" rel=\"noreferrer noopener\">https:\/\/journal.laurea.fi\/henkilokohtaisen-osaamisen-tunnistaminen-teollisuuden-huippuosaaja-cee-hankkeessa\/<\/a><\/p>\n\n\n\n<p><strong>Osaaminen liiketoimintana<\/strong><br><a href=\"https:\/\/journal.laurea.fi\/henkilokohtaisen-liiketoimintaosaamisen-kehittaminen-business-model-canvas-tyokalulla\/\" target=\"_blank\" rel=\"noreferrer noopener\">https:\/\/journal.laurea.fi\/henkilokohtaisen-liiketoimintaosaamisen-kehittaminen-business-model-canvas-tyokalulla\/<\/a><\/p>\n\n\n\n<p><strong>Osaaminen yritysten liiketoiminnassa<\/strong><br><a href=\"https:\/\/journal.laurea.fi\/osaamisen-hyodyntaminen-lean-business-model-canvas-tyokalun-avulla-yrityksen-liiketoiminnan-tarpeisiin\/\" target=\"_blank\" rel=\"noreferrer noopener\">https:\/\/journal.laurea.fi\/osaamisen-hyodyntaminen-lean-business-model-canvas-tyokalun-avulla-yrityksen-liiketoiminnan-tarpeisiin\/<\/a><\/p>\n\n\n\n<p><strong>Oppiymp\u00e4rist\u00f6n pelillist\u00e4minen:<\/strong><br><a href=\"https:\/\/journal.laurea.fi\/pelillisyyden-hyodyntaminen-oppimistapahtumassa-case-cee-hanke\" target=\"_blank\" rel=\"noreferrer noopener\">https:\/\/journal.laurea.fi\/pelillisyyden-hyodyntaminen-oppimistapahtumassa-case-cee-hanke<\/a><\/p>\n\n\n\n<p><strong>2022<\/strong><\/p>\n\n\n\n<p><strong>Innovaatiok\u00e4sitteit\u00e4 ammattikorkeakoulujen kannalta:<\/strong><br><a href=\"https:\/\/journal.laurea.fi\/innovaatiokasitteiden-maarittelya-ammattikorkeakoulujen-kannalta\" target=\"_blank\" rel=\"noreferrer noopener\">https:\/\/journal.laurea.fi\/innovaatiokasitteiden-maarittelya-ammattikorkeakoulujen-kannalta<\/a><br><\/p>\n\n\n\n<p><strong>Innovaatiok\u00e4sitteit\u00e4 yritysten kannalta:<\/strong><br><a href=\"https:\/\/journal.laurea.fi\/innovaatiokasitteiden-maarittelya-innovaatiokohteittain-yritysten-ja-yhteisojen-kannalta\/#09200c71\" target=\"_blank\" rel=\"noreferrer noopener\">https:\/\/journal.laurea.fi\/innovaatiokasitteiden-maarittelya-innovaatiokohteittain-yritysten-ja-yhteisojen-kannalta\/#09200c71<\/a><\/p>\n\n\n\n<h3 class=\"wp-block-heading\"><strong>AHFE International Open Access is an Emerging Science &amp; Engineering, Human Factors and Human-centered Computing pioneer in scholarly open access publishing supporting academic and research communities worldwide<\/strong><\/h3>\n\n\n\n<h1 class=\"wp-block-heading\">AHFE Konferenssisarja<\/h1>\n\n\n\n<p><a href=\"https:\/\/ahfe.org\/series.html\">https:\/\/ahfe.org\/series.html<\/a><\/p>\n\n\n\n<p><em>AHFE International Conference&nbsp;on maailmanlaajuisesti tunnettu kansainv\u00e4linen foorumi ajantasaisen tieteellisen tiedon levitt\u00e4miseen ja vaihtoon sovelletun ihmistekij\u00f6iden ja ergonomian (HFE), ihmisen ja tietokoneen vuorovaikutuksen (HCI), neuroergonomian ja ihmisj\u00e4rjestelmien integroinnin (HSI) sek\u00e4 ihmisen autonomian tiimiytt\u00e4misen ja simuloinnin teoreettisilla, yleisill\u00e4 ja sovelletuilla aloilla. AHFE-konferenssin j\u00e4rjest\u00e4\u00e4 45 arvostettua kansainv\u00e4list\u00e4 lautakuntaa, joissa on yhteens\u00e4 1065 j\u00e4sent\u00e4 68 maasta. Lis\u00e4tietoja on saatavilla<a href=\"http:\/\/ahfe.org\/tracks.html\" target=\"_blank\" rel=\"noreferrer noopener\">&nbsp;AHFE:n tieteellisen neuvoa-antavan toimikunnan<\/a>&nbsp;verkkosivuilla .<\/em><\/p>\n\n\n\n<p>AHFE International Conference -konferenssisarjalla on tutkimuskumppanuuksia ja yhteisty\u00f6t\u00e4 yli 5000 yliopiston, akateemisen laitoksen, yrityksen tai tutkimuskeskuksen kanssa 68 maassa.<\/p>\n\n\n\n<p>AHFE:n avoimen saatavuuden artikkelit ja julkaisut tulevat saataville AHFE:n osallistujille ja tutkimusyhteis\u00f6lle, kun koko artikkelien vertaisarviointi on onnistunut.<\/p>\n\n\n\n<p><strong>Verkkopohjainen AHFE:n avoimen saatavuuden artikkeleiden ja julkaisujen julkaiseminen tarjoaa monia etuja:<\/strong><\/p>\n\n\n\n<ul>\n<li><strong>Mahdollisuus lis\u00e4t\u00e4 viittauksia ja artikkelien k\u00e4ytt\u00f6\u00e4:<\/strong> yleisesti ottaen avoimia artikkeleita katsotaan ja niihin viitataan useammin kuin perinteisen tilauspohjaisen julkaisumallin mukaisesti julkaistuihin artikkeleihin.<\/li>\n\n\n\n<li><strong>Suurempi yleis\u00f6n osallistuminen: <\/strong>Sis\u00e4lt\u00f6 on kaikkien kiinnostuneiden yksityishenkil\u00f6iden ja laitosten saatavilla rajoituksetta.<\/li>\n\n\n\n<li><strong>Lis\u00e4\u00e4ntynyt tieteidenv\u00e4linen keskustelu:<\/strong> auttaa tutkijoita olemaan helpommin yhteydess\u00e4 toisiinsa<\/li>\n\n\n\n<li><strong>Nopeampi vaikutus:<\/strong> tutkijoilla on mahdollisuus rakentaa tutkimusverkostoja<\/li>\n\n\n\n<li><strong>Avoimen saatavuuden velvoitteiden noudattaminen:<\/strong> keskeisten rahoituspolitiikkojen noudattaminen (soveltuvin osin)<\/li>\n\n\n\n<li><strong>Laajempi yhteisty\u00f6:<\/strong> mahdollistaa tutkijoiden yhteisty\u00f6h\u00f6n perustuva tutkimus maailmanlaajuisesti.<\/li>\n<\/ul>\n\n\n\n<h2 class=\"wp-block-heading\"><strong>Julkaistut <\/strong><strong>AHFE<\/strong><strong> artikkelit:<\/strong><\/h2>\n\n\n\n<ul>\n<li>T\u00e4ysin vertaisarvioitu<\/li>\n\n\n\n<li>Heti vapaasti k\u00e4ytett\u00e4viss\u00e4 ja ladattavissa AHFE Open Access -j\u00e4rjestelm\u00e4st\u00e4 ja monista muista tietokannoista<\/li>\n\n\n\n<li>Sallittu uudelleenk\u00e4ytt\u00f6 on m\u00e4\u00e4ritelty tekij\u00e4n valitsemissa Creative Commons -k\u00e4ytt\u00e4j\u00e4lisensseiss\u00e4<\/li>\n\n\n\n<li>Julkaistu yksil\u00f6llisen DOI-tunnuksen omaavan julkaisutietueen yll\u00e4pit\u00e4miseksi<\/li>\n<\/ul>\n\n\n\n<p><strong>2023 <\/strong><strong>Artikkelit<\/strong><br>Human Factors in Managing Strategic Funnels of Innovation<br><a href=\"https:\/\/openaccess.cms-conferences.org\/publications\/book\/978-1-958651-73-5\/article\/978-1-958651-73-5_8\">https:\/\/openaccess.cms-conferences.org\/publications\/book\/978-1-958651-73-5\/article\/978-1-958651-73-5_8<\/a><br><br>Spiral Innovation Automation and Team Cohesion<br><a href=\"https:\/\/openaccess.cms-conferences.org\/publications\/book\/978-1-958651-73-5\/article\/978-1-958651-73-5_7\">https:\/\/openaccess.cms-conferences.org\/publications\/book\/978-1-958651-73-5\/article\/978-1-958651-73-5_7<\/a><br><br><strong>2024 <\/strong><strong>Artikkelit<\/strong><br>Funchal 24\/6\/2024 (<strong>Huom! <\/strong><em>ICE2024 \/ IEEE julkaisu<\/em>)<\/p>\n\n\n\n<p>Co-Evolution of Interaction of Human Intelligence and Artificial Intelligence in the Innovation Process<br><a href=\"https:\/\/ieeexplore.ieee.org\/document\/10794332\">https:\/\/ieeexplore.ieee.org\/document\/10794332<\/a><\/p>\n\n\n\n<p><br>Team, Unit, and Networked Cohesion in Start-up Entrepreneurship<br><a href=\"https:\/\/openaccess.cms-conferences.org\/publications\/book\/978-1-964867-11-3\/article\/978-1-964867-11-3_6\">https:\/\/openaccess.cms-conferences.org\/publications\/book\/978-1-964867-11-3\/article\/978-1-964867-11-3_6<\/a><\/p>\n\n\n\n<p><strong>2025 Artikkelit<\/strong><\/p>\n\n\n\n<p>Human Intelligence and Artificial Intelligence Interaction in Start-Up Enterprise<\/p>\n\n\n\n<p><a href=\"https:\/\/openaccess.cms-conferences.org\/publications\/book\/978-1-964867-36-6\/article\/978-1-964867-36-6_12\">https:\/\/openaccess.cms-conferences.org\/publications\/book\/978-1-964867-36-6\/article\/978-1-964867-36-6_12<\/a><\/p>\n\n\n\n<p>Human aspects in Situation Analysis, Resource Control, and Operation Command<\/p>\n\n\n\n<p><a href=\"https:\/\/openaccess.cms-conferences.org\/publications\/book\/978-1-964867-52-6\/article\/978-1-964867-52-6_9\">https:\/\/openaccess.cms-conferences.org\/publications\/book\/978-1-964867-52-6\/article\/978-1-964867-52-6_9<\/a><\/p>\n\n\n\n<p><\/p>\n","protected":false},"excerpt":{"rendered":"<p>2021 Osaamisten hallintahttps:\/\/journal.laurea.fi\/ikigai-oman-osaamisen-ja-elaman-merkityksen-tunnistaminen\/ Osaamisten tunnistaminenhttps:\/\/journal.laurea.fi\/henkilokohtaisen-osaamisen-tunnistaminen-teollisuuden-huippuosaaja-cee-hankkeessa\/ Osaaminen liiketoimintanahttps:\/\/journal.laurea.fi\/henkilokohtaisen-liiketoimintaosaamisen-kehittaminen-business-model-canvas-tyokalulla\/ Osaaminen yritysten liiketoiminnassahttps:\/\/journal.laurea.fi\/osaamisen-hyodyntaminen-lean-business-model-canvas-tyokalun-avulla-yrityksen-liiketoiminnan-tarpeisiin\/ Oppiymp\u00e4rist\u00f6n pelillist\u00e4minen:https:\/\/journal.laurea.fi\/pelillisyyden-hyodyntaminen-oppimistapahtumassa-case-cee-hanke 2022 Innovaatiok\u00e4sitteit\u00e4 ammattikorkeakoulujen kannalta:https:\/\/journal.laurea.fi\/innovaatiokasitteiden-maarittelya-ammattikorkeakoulujen-kannalta Innovaatiok\u00e4sitteit\u00e4 yritysten kannalta:https:\/\/journal.laurea.fi\/innovaatiokasitteiden-maarittelya-innovaatiokohteittain-yritysten-ja-yhteisojen-kannalta\/#09200c71 AHFE International Open Access is an Emerging Science &amp; Engineering, Human Factors and Human-centered Computing pioneer in scholarly open access publishing supporting academic and research communities worldwide AHFE Konferenssisarja https:\/\/ahfe.org\/series.html AHFE International Conference&nbsp;on maailmanlaajuisesti tunnettu kansainv\u00e4linen&hellip;<\/p>\n","protected":false},"author":1,"featured_media":0,"parent":0,"menu_order":0,"comment_status":"closed","ping_status":"closed","template":"","meta":{"footnotes":""},"_links":{"self":[{"href":"https:\/\/digitila.fi\/WP\/wp-json\/wp\/v2\/pages\/721"}],"collection":[{"href":"https:\/\/digitila.fi\/WP\/wp-json\/wp\/v2\/pages"}],"about":[{"href":"https:\/\/digitila.fi\/WP\/wp-json\/wp\/v2\/types\/page"}],"author":[{"embeddable":true,"href":"https:\/\/digitila.fi\/WP\/wp-json\/wp\/v2\/users\/1"}],"replies":[{"embeddable":true,"href":"https:\/\/digitila.fi\/WP\/wp-json\/wp\/v2\/comments?post=721"}],"version-history":[{"count":11,"href":"https:\/\/digitila.fi\/WP\/wp-json\/wp\/v2\/pages\/721\/revisions"}],"predecessor-version":[{"id":817,"href":"https:\/\/digitila.fi\/WP\/wp-json\/wp\/v2\/pages\/721\/revisions\/817"}],"wp:attachment":[{"href":"https:\/\/digitila.fi\/WP\/wp-json\/wp\/v2\/media?parent=721"}],"curies":[{"name":"wp","href":"https:\/\/api.w.org\/{rel}","templated":true}]}}